{"id":88,"date":"2022-01-19T17:23:24","date_gmt":"2022-01-19T17:23:24","guid":{"rendered":"http:\/\/maibecstg.wpenginepowered.com\/?page_id=88"},"modified":"2025-12-10T11:45:55","modified_gmt":"2025-12-10T16:45:55","slug":"bois-veritable-lambris","status":"publish","type":"page","link":"https:\/\/maibec.com\/fr\/bois-veritable-lambris\/","title":{"rendered":"Maibec Lambris Bois | Produit de rev\u00eatement de lambris bois v\u00e9ritable"},"content":{"rendered":"<section id=\"section-2-88\" class=\" ct-section hero-section\" ><div class=\"ct-section-inner-wrap\"><img decoding=\"async\"  id=\"image-3-88\" alt=\"\" src=\"https:\/\/maibec.com\/wp-content\/uploads\/2022\/02\/Maibec-Accueil-Bois-Slider-1-1.jpg\" class=\"ct-image hero-section-image\"\/><div id=\"div_block-4-88\" class=\"ct-div-block hero-content owl--l\" ><h1 id=\"headline-6-88\" class=\"ct-headline text--xl text--white titre-principal-blanc_h1\">Maibec Lambris Bois | Produit de rev\u00eatement de lambris bois v\u00e9ritable<br><\/h1><div id=\"text_block-7-88\" class=\"ct-text-block text--white\" >Notre offre de lambris en bois v\u00e9ritable se divise en deux gammes&nbsp;: lambris classique et lambris de c\u00e8dre rouge. Ces produits sont l&#8217;expression de notre capacit\u00e9 reconnue \u00e0 mettre en valeur l\u2019ensemble des qualit\u00e9s naturelles et intrins\u00e8ques de l\u2019arbre.<br><\/div><\/div><\/div><\/section><section id=\"section-13-88\" class=\" ct-section center--all owl--l bg--accent\" ><div class=\"ct-section-inner-wrap\"><div id=\"div_block-9-88\" class=\"ct-div-block owl--m\" ><h3 id=\"headline-10-88\" class=\"ct-headline\">Toutes les couleurs de votre nature.<\/h3><div id=\"text_block-11-88\" class=\"ct-text-block text--s text--base\" >D\u00e9couvrez nos cinq palettes de couleurs opaques cr\u00e9\u00e9es par des professionnels et inspir\u00e9es de la nature.<\/div><div id=\"new_columns-81-88\" class=\"ct-new-columns\" ><div id=\"div_block-87-88\" class=\"ct-div-block\" ><a id=\"link_button-12-88\" class=\"ct-link-button btn--primary btn--xs\" href=\"https:\/\/maibec.com\/bois-veritable-lambris\/bois-couleurs\/\"   >Couleurs lambris classique<\/a><\/div><div id=\"div_block-88-88\" class=\"ct-div-block\" ><a id=\"link_button-90-88\" class=\"ct-link-button btn--primary btn--xs\" href=\"\/fr\/bois-veritable-lambris\/cedre-rouge-couleurs\/\"   >Couleurs lambris c\u00e8dre rouge<\/a><\/div><\/div><\/div><\/div><\/section><section id=\"section-93-88\" class=\" ct-section bg--secondary center--all owl--xl section-produit-card\" ><div class=\"ct-section-inner-wrap\"><h2 id=\"headline-94-88\" class=\"ct-headline titre-secondaire\">Inimitable. Vrai. Durable.<br><\/h2><div id=\"text_block-95-88\" class=\"ct-text-block text--s\" >Riche et chaleureux, le rev\u00eatement de bois v\u00e9ritable Maibec signe votre pr\u00e9f\u00e9rence pour l\u2019authenticit\u00e9 tout en exprimant vos convictions en mati\u00e8re de qualit\u00e9 durable et de mat\u00e9riaux en harmonie avec l\u2019environnement, peu importe le style architectural.<\/div><h3 id=\"headline-96-88\" class=\"ct-headline\">D\u00e9couvrez les produits de bois v\u00e9ritable Maibec\n<\/h3><div id=\"div_block-97-88\" class=\"ct-div-block div_block-111-516\" ><div id=\"div_block-98-88\" class=\"ct-div-block center--all owl--s card-overlap-image-shadow bg--white card-product-size pad--s\" ><img decoding=\"async\"  id=\"image-99-88\" alt=\"\" src=\"https:\/\/maibec.com\/wp-content\/uploads\/2025\/12\/Maibec-Accueil-Bois-Slider-1-1.png\" class=\"ct-image image-card-little\"\/><div id=\"div_block-100-88\" class=\"ct-div-block div-heading-card-product\" ><a id=\"link-101-88\" class=\"ct-link\" href=\"\/fr\/produits\/lambris-cedre-rouge\/\" target=\"_self\"  ><h4 id=\"headline-102-88\" class=\"ct-headline text--primary\">Lambris de c\u00e8dre&nbsp;rouge<\/h4><\/a><\/div><\/div><div id=\"div_block-103-88\" class=\"ct-div-block center--all owl--s card-overlap-image-shadow bg--white card-product-size pad--s\" ><img decoding=\"async\"  id=\"image-104-88\" alt=\"\" src=\"https:\/\/maibec.com\/wp-content\/uploads\/2025\/12\/Maibec-Accueil-Bois-Slider-1-1-1.png\" class=\"ct-image image-card-little\"\/><div id=\"div_block-105-88\" class=\"ct-div-block div-heading-card-product\" ><a id=\"link-106-88\" class=\"ct-link\" href=\"\/fr\/produits\/lambris\/\" target=\"_self\"  ><h4 id=\"headline-107-88\" class=\"ct-headline text--primary\">Lambris bois\u2028classique<\/h4><\/a><\/div><\/div><div id=\"div_block-108-88\" class=\"ct-div-block center--all owl--s card-overlap-image-shadow bg--white card-product-size pad--s\" ><img decoding=\"async\"  id=\"image-109-88\" alt=\"\" src=\"https:\/\/maibec.com\/wp-content\/uploads\/2025\/12\/Maibec-Accueil-Bois-Slider-1-1-2.png\" class=\"ct-image image-card-little\"\/><div id=\"div_block-110-88\" class=\"ct-div-block div-heading-card-product\" ><a id=\"link-111-88\" class=\"ct-link\" href=\"\/fr\/produits\/moulures-et-coins-lambris\/\" target=\"_self\"  ><h4 id=\"headline-112-88\" class=\"ct-headline text--primary\">Moulures et coins<\/h4><\/a><\/div><\/div><div id=\"div_block-113-88\" class=\"ct-div-block center--all owl--s card-overlap-image-shadow bg--white card-product-size pad--s\" ><img decoding=\"async\"  id=\"image-114-88\" alt=\"\" src=\"https:\/\/maibec.com\/wp-content\/uploads\/2022\/02\/Lambris-accessoires.png\" class=\"ct-image image-card-little\"\/><div id=\"div_block-115-88\" class=\"ct-div-block div-heading-card-product\" ><a id=\"link-116-88\" class=\"ct-link\" href=\"\/fr\/produits\/accessoires-lambris\/\" target=\"_self\"  ><h4 id=\"headline-117-88\" class=\"ct-headline text--primary\">Accessoires<\/h4><\/a><\/div><\/div><\/div><\/div><\/section><section id=\"section-1-7483\" class=\" ct-section hide_us\" ><div class=\"ct-section-inner-wrap\"><div id=\"div_block-3-748\" class=\"ct-div-block owl--l\" ><div id=\"new_columns-8-5867\" class=\"ct-new-columns\" ><div id=\"div_block-10-5867\" class=\"ct-div-block\" ><img decoding=\"async\"  id=\"image-59-6192\" alt=\"\" src=\"https:\/\/maibec.com\/wp-content\/uploads\/2025\/08\/Projet-speciaux-200pxFichier-7.png\" class=\"ct-image\" srcset-disabled=\"https:\/\/maibec.com\/wp-content\/uploads\/2025\/08\/Projet-speciaux-200pxFichier-7.png 228w, https:\/\/maibec.com\/wp-content\/uploads\/2025\/08\/Projet-speciaux-200pxFichier-7-14x12.png 14w\" sizes=\"(max-width: 228px) 100vw, 228px\" \/><\/div><div id=\"div_block-57-6192\" class=\"ct-div-block\" ><div id=\"div_block-58-6192\" class=\"ct-div-block\" ><h4 id=\"headline-60-6192\" class=\"ct-headline\">Une demande particuli\u00e8re pour votre projet de rev\u00eatement en bois?<\/h4><div id=\"text_block-61-6192\" class=\"ct-text-block text--white text--s check-empty\" >Maibec propose des solutions sur mesure, au-del\u00e0 de sa gamme standard, pour r\u00e9pondre \u00e0 vos exigences sp\u00e9cifiques. <br><\/div><a id=\"link_button-62-6192\" class=\"ct-link-button btn--xs btn--primary\" href=\"\/fr\/produits\/projetsspeciauxbois\/\"   >En savoir plus<\/a><\/div><\/div><\/div><\/div><\/div><\/section><section id=\"section-45-88\" class=\" ct-section bg--accent center--all\" ><div class=\"ct-section-inner-wrap\"><h2 id=\"headline-57-88\" class=\"ct-headline titre-secondaire\">D\u00e9couvrez nos \u00e9chantillons<\/h2><p id=\"text_block-58-88\" class=\"ct-text-block text--s\" >D\u00e9couvrez nos \u00e9chantillons \u00e9lectroniques ou faites pr\u00e9parer votre commande personnalis\u00e9e en usine.<\/p><div id=\"div_block-46-88\" class=\"ct-div-block\" ><div id=\"div_block-47-88\" class=\"ct-div-block \" ><div id=\"div_block-48-88\" class=\"ct-div-block owl--m\" ><h3 id=\"headline-49-88\" class=\"ct-headline\">D\u00e9couvrez nos \u00e9chantillons \u00e9lectroniques<\/h3><div id=\"text_block-50-88\" class=\"ct-text-block text--s text--base\" >Explorez vos teintes pr\u00e9f\u00e9r\u00e9es et consultez-les aussi souvent que vous le voulez.<br><\/div><a id=\"link_button-51-88\" class=\"ct-link-button btn--primary btn--xs\" href=\"https:\/\/maibec.com\/ressources\/nos-echantillons\/\" target=\"_self\"  >En savoir plus<\/a><\/div><\/div><div id=\"div_block-52-88\" class=\"ct-div-block \" ><div id=\"div_block-53-88\" class=\"ct-div-block owl--m\" ><h3 id=\"headline-54-88\" class=\"ct-headline\">Commandez nos \u00e9chantillons<\/h3><div id=\"text_block-55-88\" class=\"ct-text-block text--s text--base\" >Touchez la texture. Admirez les contrastes cr\u00e9\u00e9s par la lumi\u00e8re.<br><\/div><a id=\"link_button-68-88\" class=\"ct-link-button btn--primary btn--xs\" href=\"https:\/\/app.maibec.info\/produits\/\" target=\"_self\" rel=\"noopener\">Commander maintenant<\/a><\/div><\/div><\/div><\/div><\/section>","protected":false},"excerpt":{"rendered":"","protected":false},"author":5,"featured_media":0,"parent":0,"menu_order":0,"comment_status":"closed","ping_status":"closed","template":"","meta":{"content-type":"","footnotes":""},"class_list":["post-88","page","type-page","status-publish","hentry"],"acf":[],"featured_image_src":null,"featured_image_src_square":null,"_links":{"self":[{"href":"https:\/\/maibec.com\/fr\/wp-json\/wp\/v2\/pages\/88","targetHints":{"allow":["GET"]}}],"collection":[{"href":"https:\/\/maibec.com\/fr\/wp-json\/wp\/v2\/pages"}],"about":[{"href":"https:\/\/maibec.com\/fr\/wp-json\/wp\/v2\/types\/page"}],"author":[{"embeddable":true,"href":"https:\/\/maibec.com\/fr\/wp-json\/wp\/v2\/users\/5"}],"replies":[{"embeddable":true,"href":"https:\/\/maibec.com\/fr\/wp-json\/wp\/v2\/comments?post=88"}],"version-history":[{"count":0,"href":"https:\/\/maibec.com\/fr\/wp-json\/wp\/v2\/pages\/88\/revisions"}],"wp:attachment":[{"href":"https:\/\/maibec.com\/fr\/wp-json\/wp\/v2\/media?parent=88"}],"curies":[{"name":"wp","href":"https:\/\/api.w.org\/{rel}","templated":true}]}}