{"id":516,"date":"2022-02-09T18:46:43","date_gmt":"2022-02-09T18:46:43","guid":{"rendered":"http:\/\/maibecstg.wpenginepowered.com\/?page_id=516"},"modified":"2025-02-13T10:29:51","modified_gmt":"2025-02-13T15:29:51","slug":"bois-veritable-bardeau","status":"publish","type":"page","link":"https:\/\/maibec.com\/fr\/bois-veritable-bardeau\/","title":{"rendered":"Maibec. Rev\u00eatement ext\u00e9rieur de bois v\u00e9ritable"},"content":{"rendered":"<section id=\"section-2-88\" class=\" ct-section hero-section\" ><div class=\"ct-section-inner-wrap\"><img decoding=\"async\"  id=\"image-3-88\" alt=\"\" src=\"https:\/\/maibec.com\/wp-content\/uploads\/2022\/03\/Bardeau.jpg\" class=\"ct-image hero-section-image\"\/><div id=\"div_block-4-88\" class=\"ct-div-block hero-content owl--l\" ><h1 id=\"headline-6-88\" class=\"ct-headline text--xl text--white titre-principal-blanc_h1\">Maibec. Rev\u00eatement ext\u00e9rieur de bois v\u00e9ritable<br><\/h1><div id=\"text_block-7-88\" class=\"ct-text-block text--white\" >Reconnus comme la r\u00e9f\u00e9rence en mati\u00e8re de qualit\u00e9 dans l\u2019industrie, nos produits vari\u00e9s rehaussent le caract\u00e8re classique de votre r\u00e9sidence, mettent en valeur les d\u00e9tails architecturaux ou s\u2019agencent harmonieusement \u00e0 d\u2019autres types de mat\u00e9riaux pour un design r\u00e9solument actuel.<br><\/div><\/div><\/div><\/section><section id=\"section-13-88\" class=\" ct-section center--all owl--l bg--accent\" ><div class=\"ct-section-inner-wrap\"><div id=\"div_block-9-88\" class=\"ct-div-block owl--m\" ><h3 id=\"headline-10-88\" class=\"ct-headline\">Un univers quasi infini de couleurs.<\/h3><div id=\"text_block-11-88\" class=\"ct-text-block text--s text--base\" >Maibec vous en met plein la vue. Peu importe votre choix, vous profiterez \u00e0 coup s\u00fbr d\u2019une teinture de qualit\u00e9 sup\u00e9rieure appliqu\u00e9e en usine dans les meilleures conditions.<\/div><a id=\"link_button-12-88\" class=\"ct-link-button btn--primary btn--xs\" href=\"https:\/\/maibec.com\/bois-veritable-bardeau\/couleurs-bardeau\/\" target=\"_self\"  >D\u00e9couvrir les couleurs<\/a><\/div><\/div><\/section><section id=\"section-15-88\" class=\" ct-section bg--secondary center--all owl--xl section-produit-card\" ><div class=\"ct-section-inner-wrap\"><h2 id=\"headline-16-88\" class=\"ct-headline titre-secondaire\">Inimitable. Vrai. Durable.<br><\/h2><div id=\"text_block-17-88\" class=\"ct-text-block text--s\" >Naturellement durable, le bardeau de c\u00e8dre est une essence privil\u00e9gi\u00e9e des propri\u00e9taires depuis des si\u00e8cles comme rev\u00eatement ext\u00e9rieur. Inspirant, il est offert dans une vari\u00e9t\u00e9 quasi infinie de couleurs opaques et semi-transparentes.<\/div><h3 id=\"headline-18-88\" class=\"ct-headline\">D\u00e9couvrez les bardeaux de bois v\u00e9ritable Maibec<\/h3><div id=\"div_block-95-516\" class=\"ct-div-block div_block-111-516\" ><div id=\"div_block-96-516\" class=\"ct-div-block center--all owl--s card-overlap-image-shadow bg--white card-product-size pad--s\" ><img decoding=\"async\"  id=\"image-97-516\" alt=\"\" src=\"https:\/\/maibec.com\/wp-content\/uploads\/2022\/04\/produits-bardeau.jpg\" class=\"ct-image image-card-little\"\/><div id=\"div_block-98-516\" class=\"ct-div-block div-heading-card-product\" ><a id=\"link-99-516\" class=\"ct-link\" href=\"https:\/\/maibec.com\/produits\/bardeau-de-cedre-blanc-de-lest\/\" target=\"_self\"  ><h4 id=\"headline-100-516\" class=\"ct-headline text--primary\">Bardeau de c\u00e8dre blanc de l&#8217;Est<\/h4><\/a><\/div><\/div><div id=\"div_block-134-516\" class=\"ct-div-block center--all owl--s card-overlap-image-shadow bg--white card-product-size pad--s\" ><img decoding=\"async\"  id=\"image-135-516\" alt=\"\" src=\"https:\/\/maibec.com\/wp-content\/uploads\/2025\/02\/Maibec-Bardeau-ROUGE_H2BO-GrisPale_Sable.jpg\" class=\"ct-image image-card-little\"\/><div id=\"div_block-136-516\" class=\"ct-div-block div-heading-card-product\" ><a id=\"link-137-516\" class=\"ct-link\" href=\"https:\/\/maibec.com\/fr\/produits\/stave-lake\/\" target=\"_self\"  ><h4 id=\"headline-138-516\" class=\"ct-headline text--primary\">Bardeau <br>Stave Lake<\/h4><\/a><\/div><\/div><div id=\"div_block-101-516\" class=\"ct-div-block center--all owl--s card-overlap-image-shadow bg--white card-product-size pad--s\" ><img decoding=\"async\"  id=\"image-102-516\" alt=\"\" src=\"https:\/\/maibec.com\/wp-content\/uploads\/2022\/02\/produits-moulures.jpg\" class=\"ct-image image-card-little\"\/><div id=\"div_block-103-516\" class=\"ct-div-block div-heading-card-product\" ><a id=\"link-104-516\" class=\"ct-link\" href=\"https:\/\/maibec.com\/produits\/moulures-et-coins-bardeau\/\" target=\"_self\"  ><h4 id=\"headline-105-516\" class=\"ct-headline text--primary\">Moulures et coins<\/h4><\/a><\/div><\/div><div id=\"div_block-106-516\" class=\"ct-div-block center--all owl--s card-overlap-image-shadow bg--white card-product-size pad--s\" ><img decoding=\"async\"  id=\"image-107-516\" alt=\"\" src=\"https:\/\/maibec.com\/wp-content\/uploads\/2022\/02\/Lambris-accessoires.png\" class=\"ct-image image-card-little\"\/><div id=\"div_block-108-516\" class=\"ct-div-block div-heading-card-product\" ><a id=\"link-109-516\" class=\"ct-link\" href=\"https:\/\/maibec.com\/produits\/accessoires-bardeau\/\" target=\"_self\"  ><h4 id=\"headline-110-516\" class=\"ct-headline text--primary\">Accessoires<\/h4><\/a><\/div><\/div><\/div><\/div><\/section><section id=\"section-1-7483\" class=\" ct-section hide_us\" ><div class=\"ct-section-inner-wrap\"><div id=\"div_block-3-748\" class=\"ct-div-block owl--l\" ><div id=\"new_columns-8-5867\" class=\"ct-new-columns\" ><div id=\"div_block-10-5867\" class=\"ct-div-block\" ><img decoding=\"async\"  id=\"image-59-6192\" alt=\"\" src=\"https:\/\/maibec.com\/wp-content\/uploads\/2025\/08\/Projet-speciaux-200pxFichier-7.png\" class=\"ct-image\" srcset-disabled=\"https:\/\/maibec.com\/wp-content\/uploads\/2025\/08\/Projet-speciaux-200pxFichier-7.png 228w, https:\/\/maibec.com\/wp-content\/uploads\/2025\/08\/Projet-speciaux-200pxFichier-7-14x12.png 14w\" sizes=\"(max-width: 228px) 100vw, 228px\" \/><\/div><div id=\"div_block-57-6192\" class=\"ct-div-block\" ><div id=\"div_block-58-6192\" class=\"ct-div-block\" ><h4 id=\"headline-60-6192\" class=\"ct-headline\">Une demande particuli\u00e8re pour votre projet de rev\u00eatement en bois?<\/h4><div id=\"text_block-61-6192\" class=\"ct-text-block text--white text--s check-empty\" >Maibec propose des solutions sur mesure, au-del\u00e0 de sa gamme standard, pour r\u00e9pondre \u00e0 vos exigences sp\u00e9cifiques. <br><\/div><a id=\"link_button-62-6192\" class=\"ct-link-button btn--xs btn--primary\" href=\"\/fr\/produits\/projetsspeciauxbois\/\"   >En savoir plus<\/a><\/div><\/div><\/div><\/div><\/div><\/section><section id=\"section-66-516\" class=\" ct-section bg--accent center--all\" ><div class=\"ct-section-inner-wrap\"><h2 id=\"headline-67-516\" class=\"ct-headline titre-secondaire\">D\u00e9couvrez nos \u00e9chantillons<\/h2><p id=\"text_block-68-516\" class=\"ct-text-block text--s\" >D\u00e9couvrez nos \u00e9chantillons \u00e9lectroniques ou faites pr\u00e9parer votre commande personnalis\u00e9e en usine.<\/p><\/div><\/section><section id=\"section-69-516\" class=\" ct-section bg--accent\" ><div class=\"ct-section-inner-wrap\"><div id=\"div_block-70-516\" class=\"ct-div-block\" ><div id=\"div_block-71-516\" class=\"ct-div-block \" ><div id=\"div_block-72-516\" class=\"ct-div-block owl--m\" ><h3 id=\"headline-73-516\" class=\"ct-headline\">D\u00e9couvrez nos \u00e9chantillons \u00e9lectroniques<\/h3><div id=\"text_block-74-516\" class=\"ct-text-block text--s text--base\" >Explorez vos teintes pr\u00e9f\u00e9r\u00e9es et consultez-les aussi souvent que vous le voulez.<br><\/div><a id=\"link_button-75-516\" class=\"ct-link-button btn--primary btn--xs\" href=\"https:\/\/maibec.com\/ressources\/nos-echantillons\/\" target=\"_self\"  >En savoir plus<\/a><\/div><\/div><div id=\"div_block-76-516\" class=\"ct-div-block \" ><div id=\"div_block-77-516\" class=\"ct-div-block owl--m\" ><h3 id=\"headline-78-516\" class=\"ct-headline\">Commandez nos \u00e9chantillons<\/h3><div id=\"text_block-79-516\" class=\"ct-text-block text--s text--base\" >Touchez la texture. Admirez les contrastes cr\u00e9\u00e9s par la lumi\u00e8re.<br><\/div><a id=\"link_button-133-516\" class=\"ct-link-button btn--primary btn--xs\" href=\"https:\/\/app.maibec.info\/produits\/\" target=\"_self\" rel=\"noopener\">Commandez<\/a><\/div><\/div><\/div><\/div><\/section>","protected":false},"excerpt":{"rendered":"","protected":false},"author":5,"featured_media":0,"parent":0,"menu_order":0,"comment_status":"closed","ping_status":"closed","template":"","meta":{"content-type":"","footnotes":""},"class_list":["post-516","page","type-page","status-publish","hentry"],"acf":[],"featured_image_src":null,"featured_image_src_square":null,"_links":{"self":[{"href":"https:\/\/maibec.com\/fr\/wp-json\/wp\/v2\/pages\/516","targetHints":{"allow":["GET"]}}],"collection":[{"href":"https:\/\/maibec.com\/fr\/wp-json\/wp\/v2\/pages"}],"about":[{"href":"https:\/\/maibec.com\/fr\/wp-json\/wp\/v2\/types\/page"}],"author":[{"embeddable":true,"href":"https:\/\/maibec.com\/fr\/wp-json\/wp\/v2\/users\/5"}],"replies":[{"embeddable":true,"href":"https:\/\/maibec.com\/fr\/wp-json\/wp\/v2\/comments?post=516"}],"version-history":[{"count":0,"href":"https:\/\/maibec.com\/fr\/wp-json\/wp\/v2\/pages\/516\/revisions"}],"wp:attachment":[{"href":"https:\/\/maibec.com\/fr\/wp-json\/wp\/v2\/media?parent=516"}],"curies":[{"name":"wp","href":"https:\/\/api.w.org\/{rel}","templated":true}]}}