{"id":4219,"date":"2022-10-24T13:28:47","date_gmt":"2022-10-24T17:28:47","guid":{"rendered":"https:\/\/maibecstg.wpenginepowered.com\/?page_id=4219"},"modified":"2022-10-27T16:54:16","modified_gmt":"2022-10-27T20:54:16","slug":"politique-en-matiere-de-gestion-des-temoins","status":"publish","type":"page","link":"https:\/\/maibec.com\/fr\/politique-en-matiere-de-gestion-des-temoins\/","title":{"rendered":"Politique en mati\u00e8re de gestion des t\u00e9moins"},"content":{"rendered":"\n<h1 class=\"wp-block-heading\">Politique en mati\u00e8re de gestion des t\u00e9moins<\/h1>\n\n\n\n<p>La pr\u00e9sente Politique en mati\u00e8re de gestion des t\u00e9moins explique comment Maibec utilise les t\u00e9moins et technologies similaires sur nos sites web, sur nos services en ligne.&nbsp; Cette politique est compl\u00e9t\u00e9e par notre Politique Portant sur la vie priv\u00e9e. Vous trouverez \u00e9galement les informations sur la mani\u00e8re de nous contacter pour toute question \u00e0 ce sujet.<\/p>\n\n\n\n<p>Vous pouvez g\u00e9rer vos pr\u00e9f\u00e9rences de consentement \u00e0 tout moment pour accepter ou refuser l\u2019utilisation des diff\u00e9rents types de t\u00e9moins, qui ne sont pas strictement n\u00e9cessaires, via notre gestionnaire de consentement des t\u00e9moins.<\/p>\n\n\n\n<p>Cependant, si vous d\u00e9sactivez certains t\u00e9moins et technologies similaires, certaines fonctionnalit\u00e9s sont susceptibles de ne pas fonctionner comme pr\u00e9vu. De plus, il est possible que des t\u00e9moins aient \u00e9t\u00e9 enregistr\u00e9s sur votre navigateur avant le param\u00e9trage. Dans ce cas, il faut aller dans les pr\u00e9f\u00e9rences du navigateur et effacer l\u2019historique de navigation et les t\u00e9moins du site.<\/p>\n\n\n\n<p><strong>Qui Collecte mes donn\u00e9es ?<\/strong><\/p>\n\n\n\n<p>Les informations que nous collectons sur votre navigation sont collect\u00e9es par Maibec, ainsi que par les sites tiers ayant un r\u00f4le dans la gestion des publicit\u00e9s, ou des partages sur r\u00e9seaux sociaux.<\/p>\n\n\n\n<p>Le responsable des traitements des donn\u00e9es collect\u00e9es des utilisateurs via le site de maibec.com est Maibec, \u00e9diteur du site www.maibec.com. Pour toute demande concernant le respect de la vie priv\u00e9e, contactez-nous \u00e0 l\u2019adresse <a href=\"mailto:privacy@maibec.com\" data-type=\"mailto\" data-id=\"mailto:privacy@maibec.com\">privacy@maibec.com<\/a>.<\/p>\n\n\n\n<p><strong>Que sont les t\u00e9moins et technologies similaires ?<\/strong><\/p>\n\n\n\n<p>Un t\u00e9moin est un fichier texte contenant des donn\u00e9es. Lorsque vous visitez un site Web ce dernier demande \u00e0 votre navigateur de stocker sur votre appareil des informations vous concernant, par exemple vos pr\u00e9f\u00e9rences (ex. choix de langue), ou diverses informations sur votre appareil.<\/p>\n\n\n\n<p>Les technologies similaires incluent \u00e9galement d\u2019autres \u00e9l\u00e9ments tels que des balises Web, des pixels, des technologies d\u2019empreintes digitales du navigateur, ainsi que toute technologie qui stocke ou acc\u00e8de \u00e0 des informations sur l\u2019appareil de l\u2019utilisateur.&nbsp; Bien que ces informations ne permettent pas d\u2019identifier directement une personne, elles favorisent une meilleure exp\u00e9rience utilisateur.<\/p>\n\n\n\n<p><strong>Quels t\u00e9moins utilisons-nous ?<\/strong><\/p>\n\n\n\n<p>T\u00e9moins optionnels et t\u00e9moins indispensables. Nous utilisons des t\u00e9moins optionnels et des t\u00e9moins indispensables. Certains des t\u00e9moins que nous pla\u00e7ons lorsque vous visitez nos sites Web ou applications peuvent \u00eatre param\u00e9tr\u00e9s par vous, selon vos choix.<\/p>\n\n\n\n<p>T\u00e9moins internes et t\u00e9moins tiers. Nous utilisons \u00e0 la fois des t\u00e9moins internes et des t\u00e9moins tiers. Les t\u00e9moins internes sont d\u00e9finis par le site web ou l\u2019application que vous visitez. Les t\u00e9moins tiers sont les t\u00e9moins qui proviennent d\u2019un domaine diff\u00e9rent de celui que vous visitez. Ils sont plac\u00e9s par quelqu\u2019un d\u2019autre que nous. Par exemple, lorsque nous int\u00e9grons une vid\u00e9o Youtube sur notre site. Vous trouverez plus bas une liste des t\u00e9moins utilis\u00e9s par des soci\u00e9t\u00e9s tierces ainsi que les finalit\u00e9s de traitement.<\/p>\n\n\n\n<p>T\u00e9moins de session et t\u00e9moins persistants. Les t\u00e9moins de session sont automatiquement supprim\u00e9s lorsque vous quittez le site web qui a g\u00e9n\u00e9r\u00e9 le t\u00e9moin. Les t\u00e9moins persistants d\u2019autre part, restent sur votre navigateur pendant une p\u00e9riode plus longue et ne sont pas supprim\u00e9s une fois que vous l\u2019avez ferm\u00e9.&nbsp; Par exemple, lorsque vous revisiterez notre site Web ce dernier se souviendra de la langue de votre choix.<\/p>\n\n\n\n<p>Parfois, le m\u00eame t\u00e9moin peut se retrouver dans diff\u00e9rentes cat\u00e9gories. Ainsi, si vous choisissez de d\u00e9sactiver le t\u00e9moin dans une cat\u00e9gorie donn\u00e9e et pas dans l\u2019autre, nous tenons compte de votre choix.<\/p>\n\n\n\n<p>Vous trouverez plus bas le d\u00e9tail des dur\u00e9es de conservation des t\u00e9moins persistants que nous utilisons.<\/p>\n\n\n\n<p>1.&nbsp;&nbsp;&nbsp; <strong>LES TEMOINS STRICTEMENT N\u00c9CESSAIRES<\/strong><\/p>\n\n\n\n<p>Les t\u00e9moins requis ne n\u00e9cessitant pas de consentement pr\u00e9alable<\/p>\n\n\n\n<ul class=\"wp-block-list\"><li>Il s\u2019agit des t\u00e9moins qui sont strictement n\u00e9cessaires \u00e0 l\u2019utilisation du site et \u00e0 ses fonctionnalit\u00e9s. Les informations collect\u00e9es concernent le fonctionnement de notre site web (par exemple, le langage de script du site et les jetons de s\u00e9curit\u00e9).&nbsp; Ils sont utilis\u00e9s uniquement pour effectuer ou faciliter la transmission d\u2019une communication sur un r\u00e9seau de communications \u00e9lectronique.<\/li><li>Ces informations nous permettent de vous fournir le service que vous avez demand\u00e9. Ces t\u00e9moins ne collectent aucune donn\u00e9e personnelle. L\u2019utilisation de ces t\u00e9moins est bas\u00e9e sur notre int\u00e9r\u00eat l\u00e9gitime \u00e0 assurer le bon fonctionnement technique, l\u2019acc\u00e8s et l\u2019utilisation de nos sites web ou applications et \u00e0 vous fournir les services que vous avez express\u00e9ment demand\u00e9s.<\/li><li>Ces t\u00e9moins sont non-d\u00e9sactivables par d\u00e9faut sur notre site, car ils sont imp\u00e9ratifs pour le bon fonctionnement et une utilisation optimale du site, ainsi que pour son existence commerciale. Il est possible de configurer votre navigateur pour bloquer ou vous alerter \u00e0 propos de ces t\u00e9moins, mais certaines parties du site ne fonctionneront pas.&nbsp; Si ces t\u00e9moins sont d\u00e9sactiv\u00e9s nous ne serons pas en mesure de vous fournir le service que vous avez demand\u00e9. Si vous ne souhaitez pas ces t\u00e9moins, vous ne pourrez pas utiliser le site compl\u00e8tement. Vous pouvez vous opposer \u00e0 l\u2019utilisation de ces t\u00e9moins en param\u00e9trant votre navigateur ou par l\u2019ajout d\u2019une extension \u00e0 celui-ci selon votre navigateur. Pour la plupart des navigateurs, il suffit de r\u00e9gler les pr\u00e9f\u00e9rences du logiciel en activant la fonction de navigation priv\u00e9e de votre navigateur ou soit interdire ou restreindre les t\u00e9moins (t\u00e9moins) dans les pr\u00e9f\u00e9rences du logiciel. Ils ne n\u00e9cessitent pas votre consentement pr\u00e9alable. Ils ne peuvent donc pas \u00eatre d\u00e9sactiv\u00e9s dans nos syst\u00e8mes.<\/li><\/ul>\n\n\n\n<p>2<strong>.&nbsp;&nbsp;&nbsp; AMELIORER CE SITE<\/strong><\/p>\n\n\n\n<p>Les t\u00e9moins de performance n\u00e9cessitant votre consentement pr\u00e9alable.<\/p>\n\n\n\n<ul class=\"wp-block-list\"><li>Ces t\u00e9moins sont utilis\u00e9s pour collecter de l\u2019information sur l\u2019utilisation faite des sites Web. Par exemple, les pages qui sont les plus visit\u00e9es, s\u2019ils re\u00e7oivent un message d\u2019erreur et le chemin parcouru pour arriver \u00e0 notre site web. Ces t\u00e9moins sont parfois plac\u00e9s par des fournisseurs tiers de trafic Web et de services d\u2019analyse.<\/li><li>Nous utilisons l\u2019information collect\u00e9e par ces t\u00e9moins seulement pour am\u00e9liorer l\u2019utilisation du site Web par nos visiteurs. L\u2019acc\u00e8s aux informations collect\u00e9es par ces t\u00e9moins sont la majeure partie du temps agr\u00e9g\u00e9es et donc anonymes.<\/li><li>La plupart de ces t\u00e9moins peuvent \u00eatre d\u00e9sactiv\u00e9s en param\u00e9trant votre navigateur pour qu\u2019il n\u2019accepte que les t\u00e9moins en provenance des sites visit\u00e9s (\u00ab refuser les sites tiers \u00bb) dans les pr\u00e9f\u00e9rences de votre logiciel de navigation. Le choix du navigateur peut \u00e9galement influer sur le param\u00e9trage ou le refus de certains t\u00e9moins. Si vous n\u2019autorisez pas ces t\u00e9moins, nous ne pourrons pas am\u00e9liorer le site web afin de mieux r\u00e9pondre \u00e0 vos besoins informationnels et\/ou applicatifs.<\/li><\/ul>\n\n\n\n<figure class=\"wp-block-table\"><table><tbody><tr><td><strong>Source du t\u00e9moin<\/strong><\/td><td><strong>Finalit\u00e9<\/strong><\/td><td><strong>T\u00e9moins utilis\u00e9s<\/strong><\/td><\/tr><tr><td>Maibec.com&nbsp;<\/td><td>Fournir des donn\u00e9es d\u2019audience de fr\u00e9quentation statistiques anonymes (nombre de pages vues, nombre de visites, etc.).<\/td><td>First Party<\/td><\/tr><tr><td>Google Analytics Universal<\/td><td>Nous utilisons Google Analytics Universal pour analyser le comportement de l\u2019usager, ce qui nous permet d\u2019am\u00e9liorer notre site web.<\/td><td>First Party<\/td><\/tr><tr><td>Google Analytics 4<\/td><td>Nous utilisons Google Analytics 4 pour analyser le comportement de l\u2019usager, ce qui nous permet d\u2019am\u00e9liorer notre site web.<\/td><td>First Party<\/td><\/tr><tr><td>Clarity<\/td><td>Pour analyser le comportement de l\u2019usager et ainsi am\u00e9liorer le site web<\/td><td>First Party<\/td><\/tr><\/tbody><\/table><\/figure>\n\n\n\n<p>3.&nbsp;&nbsp;&nbsp; <strong>PERSONNALISER<\/strong><\/p>\n\n\n\n<p>Les t\u00e9moins fonctionnels n\u00e9cessitant votre consentement pr\u00e9alable.<\/p>\n\n\n\n<ul class=\"wp-block-list\"><li>Ces t\u00e9moins sont utilis\u00e9s pour m\u00e9moriser les choix que vous avez faits, par exemple, pour vous proposer des offres en fonction du pays \u00e0 partir duquel vous visitez notre site Web.<\/li><li>Nous utilisons ces t\u00e9moins pour vous permettre de personnaliser votre navigation et ainsi am\u00e9liorer votre exp\u00e9rience utilisateur et rendre vos visites plus personnalis\u00e9es et agr\u00e9ables.<\/li><li>Si vous n\u2019autorisez pas ces t\u00e9moins, certains ou tous les services peuvent ne pas fonctionner correctement.<\/li><\/ul>\n\n\n\n<p>4.&nbsp;&nbsp;&nbsp; <strong>OBTENIR DU CONTENU PERTINENT<\/strong><\/p>\n\n\n\n<p>Les t\u00e9moins de ciblage et de marketing n\u00e9cessitant votre consentement pr\u00e9alable.<\/p>\n\n\n\n<ul class=\"wp-block-list\"><li>Ces t\u00e9moins enregistrent votre visite sur notre site Web, les pages que vous avez visit\u00e9es et les liens que vous avez suivis. Cette information est partag\u00e9e avec des tiers tel que d\u00e9crit plus bas.<\/li><li>Nous pouvons utiliser ces informations pour vous proposer des contenus adapt\u00e9s \u00e0 vos int\u00e9r\u00eats et pour mesurer l\u2019efficacit\u00e9 et les initiatives de marketing ou d\u2019information.<\/li><li>Ce sont des t\u00e9moins optionnels. Si vous bloquez ces t\u00e9moins, vous recevrez moins de publicit\u00e9 cibl\u00e9e., mais vous recevrez des publicit\u00e9s g\u00e9n\u00e9riques non personnalis\u00e9es qui r\u00e9pondront peu \u00e0 vos besoins informationnels.<\/li><\/ul>\n\n\n\n<figure class=\"wp-block-table\"><table><tbody><tr><td><strong>Source du t\u00e9moin<\/strong><\/td><td><strong>Finalit\u00e9<\/strong><\/td><td><strong>Types de t\u00e9moins<\/strong><\/td><\/tr><tr><td>Linkedin.com<\/td><td>Nous utilisons LinkedIn pour arriver \u00e0 avoir des publicit\u00e9s personnalis\u00e9es ou du contenu personnalis\u00e9 sur LinkedIn.<\/td><td>Third Party<\/td><\/tr><tr><td>Youtube.com<\/td><td>Nous utilisons Youtube pour arriver \u00e0 avoir des publicit\u00e9s personnalis\u00e9es ou du contenu personnalis\u00e9 sur Youtube.<\/td><td>Third Party<\/td><\/tr><tr><td>Google Ads<\/td><td>Nous utilisons Google Ads pour g\u00e9n\u00e9rer des publicit\u00e9s personnalis\u00e9es ou du contenu personnalis\u00e9 sur le r\u00e9seau publicitaire de Google.<\/td><td>Third Party<\/td><\/tr><tr><td>Google Analytics Universal<\/td><td>Nous utilisons Google Analytics Universal pour cr\u00e9er des audiences et suivre la performance des campagnes Google Ads.<\/td><td>First Party<\/td><\/tr><tr><td>Google Analytics 4<\/td><td>Nous utilisons Google Analytics 4 pour cr\u00e9er des audiences et suivre la performance des campagnes Google Ads.<\/td><td>First Party<\/td><\/tr><tr><td>Meta<\/td><td>Utilis\u00e9 pour pour cr\u00e9er des audiences et suivre la performance des campagnes<\/td><td>First Party<\/td><\/tr><tr><td>Pinterest<\/td><td>Utilis\u00e9 pour pour cr\u00e9er des audiences et suivre la performance des campagnes<\/td><td>First Party<\/td><\/tr><tr><td>StackAdapt<\/td><td>Utilis\u00e9 pour pour cr\u00e9er des audiences et suivre la performance des campagnes<\/td><td>First Party<\/td><\/tr><\/tbody><\/table><\/figure>\n\n\n","protected":false},"excerpt":{"rendered":"<p>Politique en mati\u00e8re de gestion des t\u00e9moins La pr\u00e9sente Politique en mati\u00e8re de gestion des t\u00e9moins explique comment Maibec utilise les t\u00e9moins et technologies similaires sur nos sites web, sur nos services en ligne.&nbsp; Cette politique est compl\u00e9t\u00e9e par notre Politique Portant sur la vie priv\u00e9e. Vous trouverez \u00e9galement les informations sur la mani\u00e8re de [&hellip;]<\/p>\n","protected":false},"author":5,"featured_media":0,"parent":0,"menu_order":0,"comment_status":"closed","ping_status":"closed","template":"","meta":{"content-type":"","footnotes":""},"class_list":["post-4219","page","type-page","status-publish","hentry"],"acf":[],"featured_image_src":null,"featured_image_src_square":null,"_links":{"self":[{"href":"https:\/\/maibec.com\/fr\/wp-json\/wp\/v2\/pages\/4219","targetHints":{"allow":["GET"]}}],"collection":[{"href":"https:\/\/maibec.com\/fr\/wp-json\/wp\/v2\/pages"}],"about":[{"href":"https:\/\/maibec.com\/fr\/wp-json\/wp\/v2\/types\/page"}],"author":[{"embeddable":true,"href":"https:\/\/maibec.com\/fr\/wp-json\/wp\/v2\/users\/5"}],"replies":[{"embeddable":true,"href":"https:\/\/maibec.com\/fr\/wp-json\/wp\/v2\/comments?post=4219"}],"version-history":[{"count":0,"href":"https:\/\/maibec.com\/fr\/wp-json\/wp\/v2\/pages\/4219\/revisions"}],"wp:attachment":[{"href":"https:\/\/maibec.com\/fr\/wp-json\/wp\/v2\/media?parent=4219"}],"curies":[{"name":"wp","href":"https:\/\/api.w.org\/{rel}","templated":true}]}}