{"id":261,"date":"2022-01-26T19:16:31","date_gmt":"2022-01-26T19:16:31","guid":{"rendered":"http:\/\/maibecstg.wpenginepowered.com\/?page_id=261"},"modified":"2023-11-23T14:03:24","modified_gmt":"2023-11-23T19:03:24","slug":"qualite","status":"publish","type":"page","link":"https:\/\/maibec.com\/fr\/a-propos\/qualite\/","title":{"rendered":"Qualit\u00e9"},"content":{"rendered":"<section id=\"section-1-261\" class=\" ct-section hero-section\" ><div class=\"ct-section-inner-wrap\"><img decoding=\"async\"  id=\"image-2-261\" alt=\"\" src=\"https:\/\/maibec.com\/wp-content\/uploads\/2022\/01\/qualite-lambris-1-1.jpg\" class=\"ct-image hero-section-image\"\/><div id=\"div_block-3-261\" class=\"ct-div-block hero-content owl--l\" ><h2 id=\"headline-5-261\" class=\"ct-headline text--xl text--white\">Qualit\u00e9 Maibec<br><\/h2><div id=\"text_block-6-261\" class=\"ct-text-block text--white\" >Au-del\u00e0 de l\u2019apparence, l\u2019ing\u00e9niosit\u00e9.<br><\/div><\/div><\/div><\/section><section id=\"section-10-261\" class=\" ct-section bg--accent\" ><div class=\"ct-section-inner-wrap\"><div id=\"div_block-15-261\" class=\"ct-div-block\" ><h1 id=\"headline-11-261\" class=\"ct-headline\">Qualit\u00e9 Maibec<\/h1><p id=\"text_block-13-261\" class=\"ct-text-block\" >Maibec s\u2019impose comme une r\u00e9f\u00e9rence nord-am\u00e9ricaine en mati\u00e8re de syst\u00e8mes int\u00e9gr\u00e9s de rev\u00eatement de b\u00e2timents. Qu\u2019il s\u2019agisse de nos produits de bois v\u00e9ritable r\u00e9put\u00e9s depuis plus de 40 ans, mat\u00e9riaux d\u2019ing\u00e9nierie, accessoires harmonis\u00e9s, solutions d\u2019assemblage innovantes ou teintures dont nous ma\u00eetrisons parfaitement l&#8217;application, Maibec vous propose une gamme compl\u00e8te et compl\u00e9mentaire s&#8217;articulant autour de notre rev\u00eatement de qualit\u00e9 sup\u00e9rieure et \u00e9prouv\u00e9e.<br><br>Nos options de personnalisation quasi infinies, un service proactif et des garanties cr\u00e9dibles encadrent votre exp\u00e9rience \u00e0 toutes les phases ainsi que dans tous les aspects de votre projet. Pour vous, cela signifie un r\u00e9sultat au design riche et intemporel en accord avec les courants architecturaux qui contribuera \u00e0 la valeur de votre investissement et \u00e0 votre paix d\u2019esprit.<\/p><\/div><\/div><\/section><section id=\"section-16-261\" class=\" ct-section bg--accent\" ><div class=\"ct-section-inner-wrap\">\n\t\t<div id=\"-pro-accordion-20-261\" class=\"oxy-pro-accordion FAQ_dropdown \" ><div class=\"oxy-pro-accordion_inner\" data-icon=\"animate\" data-expand=\"400\" data-repeater=\"disable\" data-repeater-first=\"false\" data-acf=\"closed\" data-type=\"manual\" data-disablesibling=\"true\">\n              <div class=\"oxy-pro-accordion_item active\" data-init=\"open\"><button  id=\"header-pro-accordion-20-261\" class=\"oxy-pro-accordion_header\" aria-expanded=\"false\" aria-controls=\"body-pro-accordion-20-261\"><span class=\"oxy-pro-accordion_title-area\"><h4 class=\"oxy-pro-accordion_title\">Qualit\u00e9 Lambris<\/h4><span class=\"oxy-pro-accordion_subtitle\"><\/span><\/span><span class=\"oxy-pro-accordion_icon oxy-pro-accordion_icon-animate\"><svg id=\"toggle-pro-accordion-20-261\" class=\"oxy-pro-accordion_toggle-icon\"><use xlink:href=\"#FontAwesomeicon-sort-asc\"><\/use><\/svg><\/span><\/button><div id=\"body-pro-accordion-20-261\" class=\"oxy-pro-accordion_body\" aria-labelledby=\"header-pro-accordion-20-261\" role=\"region\"><div class=\"oxy-pro-accordion_content oxy-inner-content\"><div id=\"div_block-94-261\" class=\"ct-div-block owl--xl\" ><div id=\"div_block-62-261\" class=\"ct-div-block\" ><div id=\"text_block-64-261\" class=\"ct-text-block text--s\" >Qualit\u00e9 et constance. Chaque planche de votre projet franchira une s\u00e9rie d\u2019\u00e9tapes critiques avant de porter le sceau de la marque Maibec. \u00c0 chaque instant, les technologies se combinent au savoir-faire reconnu de nos sp\u00e9cialistes \u00e0 travers des processus de contr\u00f4le rigoureux.<\/div><\/div><div id=\"div_block-102-261\" class=\"ct-div-block\" ><div id=\"div_block-103-261\" class=\"ct-div-block owl--m\" ><h3 id=\"headline-104-261\" class=\"ct-headline\">Le meilleur de la ressource, rien de moins<\/h3><div id=\"text_block-105-261\" class=\"ct-text-block text--s\" >\u00c0 l\u2019\u00e9tape du choix de la mati\u00e8re premi\u00e8re, Maibec met en place un processus strict qui permet de s\u00e9lectionner uniquement le bois qui correspond aux normes de qualit\u00e9 \u00e9lev\u00e9es qu\u2019elle a \u00e9tablies. Ainsi, chaque planche de lambris est issue de proc\u00e9d\u00e9s et de s\u00e9lection rigoureux encadr\u00e9s par des normes strictes de qualit\u00e9 dans leur application lambris. Pour vous, cela signifie le meilleur de l\u2019arbre et la certitude d\u2019un produit fini d\u2019une qualit\u00e9 sup\u00e9rieure.<br><\/div><\/div><div id=\"div_block-106-261\" class=\"ct-div-block\" ><img decoding=\"async\"  id=\"image-107-261\" alt=\"\" src=\"https:\/\/maibec.com\/wp-content\/uploads\/2022\/01\/lambris1.jpg\" class=\"ct-image\"\/><\/div><\/div><div id=\"div_block-119-261\" class=\"ct-div-block\" ><div id=\"div_block-120-261\" class=\"ct-div-block\" ><img decoding=\"async\"  id=\"image-121-261\" alt=\"\" src=\"https:\/\/maibec.com\/wp-content\/uploads\/2022\/01\/lambris2.jpg\" class=\"ct-image\"\/><\/div><div id=\"div_block-122-261\" class=\"ct-div-block owl--m order--first-m\" ><h3 id=\"headline-123-261\" class=\"ct-headline\">Un s\u00e9chage optimal<\/h3><div id=\"text_block-124-261\" class=\"ct-text-block text--s\" >Perfectionn\u00e9e depuis des d\u00e9cennies, la technique de s\u00e9chage Maibec permet d\u2019atteindre le bon \u00e9quilibre, pour assurer une adh\u00e9rence optimale \u00e0 la teinture et une bonne uniformit\u00e9 de l\u2019humidit\u00e9 des pi\u00e8ces, limitant ainsi le mouvement de bois lors de conditions extr\u00eames. Un savoir-faire et des \u00e9quipements sp\u00e9cialis\u00e9s assurent un taux d\u2019humidit\u00e9 contr\u00f4l\u00e9 sur toute l\u2019\u00e9paisseur du lambris, et ce, avec une variation tr\u00e8s faible d\u2019une planche \u00e0 l\u2019autre.<\/div><\/div><\/div><div id=\"div_block-67-261\" class=\"ct-div-block\" ><div id=\"div_block-71-261\" class=\"ct-div-block owl--m\" ><h3 id=\"headline-73-261\" class=\"ct-headline\">Une coupe pr\u00e9cise et une s\u00e9lection rigoureuse<\/h3><div id=\"text_block-74-261\" class=\"ct-text-block text--s\" >Des \u00e9quipements de derni\u00e8re technologie assurent une pr\u00e9cision constante du profilage planche apr\u00e8s planche. Structure de n\u0153ud, orientation du grain de bois, rugosit\u00e9, r\u00e9sine apparente, chaque planche est analys\u00e9e et s\u00e9lectionn\u00e9e par nos professionnels permettant ainsi de contr\u00f4ler les imperfections pouvant alt\u00e9rer la performance.<\/div><\/div><div id=\"div_block-72-261\" class=\"ct-div-block\" ><img decoding=\"async\"  id=\"image-75-261\" alt=\"\" src=\"https:\/\/maibec.com\/wp-content\/uploads\/2022\/01\/lambris3.jpg\" class=\"ct-image\"\/><\/div><\/div><div id=\"div_block-96-261\" class=\"ct-div-block\" ><div id=\"div_block-100-261\" class=\"ct-div-block\" ><img decoding=\"async\"  id=\"image-101-261\" alt=\"\" src=\"https:\/\/maibec.com\/wp-content\/uploads\/2022\/01\/lambris4.jpg\" class=\"ct-image\"\/><\/div><div id=\"div_block-97-261\" class=\"ct-div-block owl--m order--first-m\" ><h3 id=\"headline-98-261\" class=\"ct-headline\">Un parfait amalgame<br>couleur et bois<\/h3><div id=\"text_block-99-261\" class=\"ct-text-block text--s\" >Unique \u00e0 Maibec. Nos teintures sont d\u00e9velopp\u00e9es en \u00e9troit partenariat avec les meilleurs fabricants et tiennent compte des caract\u00e9ristiques du bois selon l\u2019essence et le proc\u00e9d\u00e9 d\u2019application en usine. Des tests en conditions extr\u00eames nous guident dans l\u2019\u00e9laboration des teintures offrant une protection contre les effets n\u00e9fastes du soleil et de l\u2019environnement. En usine, l\u2019application de la teinture en environnement contr\u00f4l\u00e9 sur les six faces et le s\u00e9chage au four \u00e0 haute intensit\u00e9 assurent une durabilit\u00e9 optimis\u00e9e.<\/div><\/div><\/div><div id=\"div_block-131-261\" class=\"ct-div-block\" ><div id=\"div_block-132-261\" class=\"ct-div-block owl--m\" ><h3 id=\"headline-133-261\" class=\"ct-headline\">Un contr\u00f4le de la qualit\u00e9 rigoureux bas\u00e9 sur un savoir-faire de plusieurs d\u00e9cennies<\/h3><div id=\"text_block-134-261\" class=\"ct-text-block text--s\" >Chaque arbre est unique. Ainsi, chaque planche de lambris qui constitue votre projet pr\u00e9sente ses caract\u00e9ristiques propres. Dans cet ordre d\u2019id\u00e9e, Maibec s\u2019impose des normes de qualit\u00e9 des plus strictes afin d\u2019assurer une qualit\u00e9 uniforme et constante. \u00c0 chaque \u00e9tape du proc\u00e9d\u00e9 de fabrication, de la s\u00e9lection de la ressource jusqu\u2019\u00e0 l\u2019emballage, des mesures rigoureuses de contr\u00f4le qualit\u00e9 sont omnipr\u00e9sentes.<\/div><\/div><div id=\"div_block-135-261\" class=\"ct-div-block\" ><img decoding=\"async\"  id=\"image-136-261\" alt=\"\" src=\"https:\/\/maibec.com\/wp-content\/uploads\/2022\/01\/lambris5.jpg\" class=\"ct-image\"\/><\/div><\/div><\/div><\/div><\/div><\/div><\/div><\/div>\n\n\t\t\n\t\t<div id=\"-pro-accordion-177-261\" class=\"oxy-pro-accordion FAQ_dropdown \" ><div class=\"oxy-pro-accordion_inner\" data-icon=\"animate\" data-expand=\"400\" data-repeater=\"disable\" data-repeater-first=\"false\" data-acf=\"closed\" data-type=\"manual\" data-disablesibling=\"true\">\n              <div class=\"oxy-pro-accordion_item \" data-init=\"closed\"><button  id=\"header-pro-accordion-177-261\" class=\"oxy-pro-accordion_header\" aria-expanded=\"false\" aria-controls=\"body-pro-accordion-177-261\"><span class=\"oxy-pro-accordion_title-area\"><h4 class=\"oxy-pro-accordion_title\">Qualit\u00e9 Bardeau<\/h4><span class=\"oxy-pro-accordion_subtitle\"><\/span><\/span><span class=\"oxy-pro-accordion_icon oxy-pro-accordion_icon-animate\"><svg id=\"toggle-pro-accordion-177-261\" class=\"oxy-pro-accordion_toggle-icon\"><use xlink:href=\"#FontAwesomeicon-sort-asc\"><\/use><\/svg><\/span><\/button><div id=\"body-pro-accordion-177-261\" class=\"oxy-pro-accordion_body\" aria-labelledby=\"header-pro-accordion-177-261\" role=\"region\"><div class=\"oxy-pro-accordion_content oxy-inner-content\"><div id=\"div_block-178-261\" class=\"ct-div-block owl--xl\" ><div id=\"div_block-179-261\" class=\"ct-div-block\" ><div id=\"text_block-180-261\" class=\"ct-text-block text--s\" >Une qualit\u00e9 sous tous ses angles. Le bardeau de c\u00e8dre blanc de l\u2019Est sign\u00e9 Maibec est la r\u00e9f\u00e9rence en mati\u00e8re de qualit\u00e9 dans l\u2019industrie. Une renomm\u00e9e qui provient du savoir-faire Maibec et de contr\u00f4les rigoureux \u00e0 toutes les \u00e9tapes de sa fabrication.<\/div><\/div><div id=\"div_block-181-261\" class=\"ct-div-block\" ><div id=\"div_block-182-261\" class=\"ct-div-block owl--m\" ><h3 id=\"headline-183-261\" class=\"ct-headline\">La meilleure s\u00e9lection de la mati\u00e8re premi\u00e8re<\/h3><div id=\"text_block-184-261\" class=\"ct-text-block text--s\" >De la s\u00e9lection de la mati\u00e8re premi\u00e8re au produit final, Maibec int\u00e8gre toutes les activit\u00e9s de production pour ses gammes de rev\u00eatements ext\u00e9rieurs et de bois d\u2019\u0153uvre. Une envergure qui permet d\u2019utiliser 100 % du potentiel de chaque arbre. Ainsi, chaque bardeau est issu d\u2019op\u00e9rations et de s\u00e9lection rigoureuses encadr\u00e9es par les normes de qualit\u00e9 les plus strictes dans leur application bardeau. Pour vous, cela signifie le meilleur de l\u2019arbre et la certitude d\u2019un usage responsable de la ressource dans son ensemble.<br><\/div><\/div><div id=\"div_block-185-261\" class=\"ct-div-block\" ><img decoding=\"async\"  id=\"image-186-261\" alt=\"\" src=\"https:\/\/maibec.com\/wp-content\/uploads\/2022\/02\/matiere-premiere.jpg\" class=\"ct-image\"\/><\/div><\/div><div id=\"div_block-187-261\" class=\"ct-div-block\" ><div id=\"div_block-188-261\" class=\"ct-div-block\" ><img decoding=\"async\"  id=\"image-201-261\" alt=\"\" src=\"https:\/\/maibec.com\/wp-content\/uploads\/2022\/02\/coupe-qualite.jpg\" class=\"ct-image\"\/><\/div><div id=\"div_block-190-261\" class=\"ct-div-block owl--m order--first-m\" ><h3 id=\"headline-191-261\" class=\"ct-headline\">Une coupe de qualit\u00e9, un classement optimal<br><\/h3><div id=\"text_block-192-261\" class=\"ct-text-block text--s\" >Le bardeau Maibec est notamment r\u00e9put\u00e9 pour sa constance de fini de surface et son homog\u00e9n\u00e9it\u00e9 d\u2019angle de coupe. Seuls des \u00e9quipements maintenus au meilleur de leur performance et man\u0153uvr\u00e9s par des sp\u00e9cialistes exp\u00e9riment\u00e9s permettent d\u2019atteindre un tel niveau essentiel \u00e0 un design harmonieux. Chaque bardeau produit est taill\u00e9 et class\u00e9 individuellement. Une s\u00e9lection rigoureuse guid\u00e9e par les exigences de qualit\u00e9 strictes.<\/div><\/div><\/div><div id=\"div_block-193-261\" class=\"ct-div-block\" ><div id=\"div_block-194-261\" class=\"ct-div-block owl--m\" ><h3 id=\"headline-195-261\" class=\"ct-headline\">Parfaitement \u00e9quarris \u00e0&nbsp;90 degr\u00e9s<\/h3><div id=\"text_block-196-261\" class=\"ct-text-block text--s\" >Une mesure de contr\u00f4le au laser assure la constance de l\u2019\u00e9quarrissage afin que la base du bardeau forme des angles droits pr\u00e9cis pour une installation simplifi\u00e9e et rapide, bardeau apr\u00e8s bardeau. Pionnier de l\u2019\u00e9quarrissage en Am\u00e9rique du Nord, Maibec est le premier \u00e0 assurer une telle constance de qualit\u00e9. Ce qui fait du bardeau Maibec le pr\u00e9f\u00e9r\u00e9 des installateurs depuis des d\u00e9cennies.<\/div><\/div><\/div><div id=\"div_block-199-261\" class=\"ct-div-block\" ><div id=\"div_block-200-261\" class=\"ct-div-block\" ><img decoding=\"async\"  id=\"image-287-261\" alt=\"\" src=\"https:\/\/maibec.com\/wp-content\/uploads\/2022\/02\/sechage-ideal.jpg\" class=\"ct-image\"\/><\/div><div id=\"div_block-202-261\" class=\"ct-div-block owl--m order--first-m\" ><h3 id=\"headline-203-261\" class=\"ct-headline\">Un s\u00e9chage id\u00e9al pour la teinture du bardeau<\/h3><div id=\"text_block-204-261\" class=\"ct-text-block text--s\" >Le processus de s\u00e9chage contr\u00f4l\u00e9 fait appel \u00e0 une technique rigoureuse perfectionn\u00e9e par Maibec depuis des d\u00e9cennies. Contr\u00f4l\u00e9 avant et apr\u00e8s le s\u00e9chage, le bardeau est amen\u00e9 \u00e0 un taux id\u00e9al d\u2019humidit\u00e9 pour une stabilit\u00e9 optimale et une adh\u00e9rence optimale de la teinture.<\/div><\/div><\/div><div id=\"div_block-267-261\" class=\"ct-div-block\" ><div id=\"div_block-268-261\" class=\"ct-div-block owl--m\" ><h3 id=\"headline-269-261\" class=\"ct-headline\">Une teinture appliqu\u00e9e en usine<\/h3><div id=\"text_block-270-261\" class=\"ct-text-block text--s\" >Sans contredit, le meilleur proc\u00e9d\u00e9 de l\u2019industrie. Nos teintures sont d\u00e9velopp\u00e9es en \u00e9troit partenariat avec les meilleurs fabricants et tiennent compte des caract\u00e9ristiques du bois et du proc\u00e9d\u00e9 d\u2019application en usine. Des tests en conditions extr\u00eames nous guident dans l\u2019\u00e9laboration de teinture offrant une protection contre les effets n\u00e9fastes du soleil, des intemp\u00e9ries et de l\u2019environnement. Effectu\u00e9e en environnement contr\u00f4l\u00e9, la teinture est appliqu\u00e9e sur toutes les faces du bardeau pour sceller le bois. Finalement, un s\u00e9chage au four \u00e0 haute intensit\u00e9 assure une adh\u00e9rence et une durabilit\u00e9 optimales.<\/div><\/div><\/div><div id=\"div_block-279-261\" class=\"ct-div-block\" ><div id=\"div_block-280-261\" class=\"ct-div-block\" ><img decoding=\"async\"  id=\"image-281-261\" alt=\"\" src=\"https:\/\/maibec.com\/wp-content\/uploads\/2022\/02\/experience.jpg\" class=\"ct-image\"\/><\/div><div id=\"div_block-282-261\" class=\"ct-div-block owl--m order--first-m\" ><h3 id=\"headline-283-261\" class=\"ct-headline\">Un contr\u00f4le qualit\u00e9 bas\u00e9 sur plus de 40 ans d\u2019exp\u00e9rience<\/h3><div id=\"text_block-284-261\" class=\"ct-text-block text--s\" >La fabrication du bardeau Maibec est encadr\u00e9e par des contr\u00f4les de conformit\u00e9 qui combinent les bonnes pratiques et l\u2019exp\u00e9rience aguerrie de nos sp\u00e9cialistes. De la s\u00e9lection du bois \u00e0 l\u2019emballage, le contr\u00f4le englobe tous les aspects : largeur et \u00e9paisseur des bardeaux, couleur, qualit\u00e9 de l\u2019application, temp\u00e9rature. Une qualit\u00e9 sous tous ses angles qui vous procure une totale paix d\u2019esprit.<\/div><\/div><\/div><\/div><\/div><\/div><\/div><\/div><\/div>\n\n\t\t\n\t\t<div id=\"-pro-accordion-226-261\" class=\"oxy-pro-accordion FAQ_dropdown \" ><div class=\"oxy-pro-accordion_inner\" data-icon=\"animate\" data-expand=\"400\" data-repeater=\"disable\" data-repeater-first=\"false\" data-acf=\"closed\" data-type=\"manual\" data-disablesibling=\"true\">\n              <div class=\"oxy-pro-accordion_item \" data-init=\"closed\"><button  id=\"header-pro-accordion-226-261\" class=\"oxy-pro-accordion_header\" aria-expanded=\"false\" aria-controls=\"body-pro-accordion-226-261\"><span class=\"oxy-pro-accordion_title-area\"><h4 class=\"oxy-pro-accordion_title\">Qualit\u00e9 Maibec CanExel<\/h4><span class=\"oxy-pro-accordion_subtitle\"><\/span><\/span><span class=\"oxy-pro-accordion_icon oxy-pro-accordion_icon-animate\"><svg id=\"toggle-pro-accordion-226-261\" class=\"oxy-pro-accordion_toggle-icon\"><use xlink:href=\"#FontAwesomeicon-sort-asc\"><\/use><\/svg><\/span><\/button><div id=\"body-pro-accordion-226-261\" class=\"oxy-pro-accordion_body\" aria-labelledby=\"header-pro-accordion-226-261\" role=\"region\"><div class=\"oxy-pro-accordion_content oxy-inner-content\"><div id=\"div_block-227-261\" class=\"ct-div-block owl--xl\" ><div id=\"div_block-228-261\" class=\"ct-div-block\" ><div id=\"text_block-229-261\" class=\"ct-text-block text--s\" >Maibec CanExel se distingue par sa fibre de bois Haute Densit\u00e9 (HDF). Qu\u2019il fasse beau, qu\u2019il pleuve ou qu\u2019il neige, notre rev\u00eatement est con\u00e7u pour r\u00e9sister aux diff\u00e9rents climats. Nos produits sont soumis \u00e0 une s\u00e9rie de tests ext\u00e9rieurs pour confirmer qu\u2019ils rencontrent les standards de qualit\u00e9 Maibec CanExel. Ils sont \u00e9galement soumis \u00e0 des tests de r\u00e9sistance UV au-del\u00e0 de temp\u00e9ratures glaciales ou de chaleurs accablantes. Nos apprentissages, acquis lors des importantes recherches que nous menons, sont utilis\u00e9s pour am\u00e9liorer la durabilit\u00e9 et le rendement sans arr\u00eat.<\/div><\/div><\/div><\/div><\/div><\/div><\/div><\/div>\n\n\t\t\n\t\t<div id=\"-pro-accordion-303-261\" class=\"oxy-pro-accordion FAQ_dropdown \" ><div class=\"oxy-pro-accordion_inner\" data-icon=\"animate\" data-expand=\"400\" data-repeater=\"disable\" data-repeater-first=\"false\" data-acf=\"closed\" data-type=\"manual\" data-disablesibling=\"true\">\n              <div class=\"oxy-pro-accordion_item \" data-init=\"closed\"><button  id=\"header-pro-accordion-303-261\" class=\"oxy-pro-accordion_header\" aria-expanded=\"false\" aria-controls=\"body-pro-accordion-303-261\"><span class=\"oxy-pro-accordion_title-area\"><h4 class=\"oxy-pro-accordion_title\">Qualit\u00e9 Maibec Stave Lake<\/h4><span class=\"oxy-pro-accordion_subtitle\"><\/span><\/span><span class=\"oxy-pro-accordion_icon oxy-pro-accordion_icon-animate\"><svg id=\"toggle-pro-accordion-303-261\" class=\"oxy-pro-accordion_toggle-icon\"><use xlink:href=\"#FontAwesomeicon-sort-asc\"><\/use><\/svg><\/span><\/button><div id=\"body-pro-accordion-303-261\" class=\"oxy-pro-accordion_body\" aria-labelledby=\"header-pro-accordion-303-261\" role=\"region\"><div class=\"oxy-pro-accordion_content oxy-inner-content\"><div id=\"div_block-304-261\" class=\"ct-div-block owl--xl\" ><div id=\"div_block-305-261\" class=\"ct-div-block\" ><div id=\"text_block-306-261\" class=\"ct-text-block text--s\" >Depuis sa cr\u00e9ation en 1939, la compagnie Stave Lake Cedar s&#8217;est engag\u00e9e \u00e0 fabriquer des produits de toiture et de rev\u00eatement en c\u00e8dre rouge de toute premi\u00e8re qualit\u00e9. Nous sommes fiers membres du Cedar Shake &amp; Shingle Bureau, et en plus d&#8217;avoir notre propre \u00e9quipe d&#8217;inspection, nous collaborons avec deux agences d&#8217;inspection ind\u00e9pendantes afin de garantir que nos produits sont toujours conformes aux normes. Bien qu\u2019il y ait toujours des produits de c\u00e8dre rouge de l&#8217;Ouest Stave Lake qui correspondent \u00e0 votre budget, nous ne sacrifierons jamais la qualit\u00e9 pour privil\u00e9gier les co\u00fbts moindres.<\/div><\/div><\/div><\/div><\/div><\/div><\/div><\/div>\n\n\t\t\n\t\t<div id=\"-pro-accordion-259-261\" class=\"oxy-pro-accordion FAQ_dropdown \" ><div class=\"oxy-pro-accordion_inner\" data-icon=\"animate\" data-expand=\"400\" data-repeater=\"disable\" data-repeater-first=\"false\" data-acf=\"closed\" data-type=\"manual\" data-disablesibling=\"true\">\n              <div class=\"oxy-pro-accordion_item \" data-init=\"closed\"><button  id=\"header-pro-accordion-259-261\" class=\"oxy-pro-accordion_header\" aria-expanded=\"false\" aria-controls=\"body-pro-accordion-259-261\"><span class=\"oxy-pro-accordion_title-area\"><h4 class=\"oxy-pro-accordion_title\">Qualit\u00e9 Maibec Acenta<\/h4><span class=\"oxy-pro-accordion_subtitle\"><\/span><\/span><span class=\"oxy-pro-accordion_icon oxy-pro-accordion_icon-animate\"><svg id=\"toggle-pro-accordion-259-261\" class=\"oxy-pro-accordion_toggle-icon\"><use xlink:href=\"#FontAwesomeicon-sort-asc\"><\/use><\/svg><\/span><\/button><div id=\"body-pro-accordion-259-261\" class=\"oxy-pro-accordion_body\" aria-labelledby=\"header-pro-accordion-259-261\" role=\"region\"><div class=\"oxy-pro-accordion_content oxy-inner-content\"><div id=\"div_block-260-261\" class=\"ct-div-block owl--xl\" ><div id=\"div_block-261-261\" class=\"ct-div-block\" ><div id=\"text_block-262-261\" class=\"ct-text-block text--s\" >Dernier n\u00e9 de la famille Maibec, ce syst\u00e8me de pierre \u00e0 visser int\u00e8gre pr\u00e8s de 35% de mati\u00e8res recycl\u00e9es. Fabriqu\u00e9 en partenariat avec Rinox, Maibec Acenta conjugue les forces et expertises de deux leaders de l&#8217;industrie de la construction et de la r\u00e9novation. La robustesse de ce rev\u00eatement a \u00e9t\u00e9 qualifi\u00e9e par plusieurs entit\u00e9s ind\u00e9pendantes, et offre une garantie limit\u00e9e de 25 ans transf\u00e9rable.<\/div><\/div><\/div><\/div><\/div><\/div><\/div><\/div>\n\n\t\t<\/div><\/section>","protected":false},"excerpt":{"rendered":"","protected":false},"author":5,"featured_media":0,"parent":196,"menu_order":0,"comment_status":"closed","ping_status":"closed","template":"","meta":{"content-type":"","footnotes":""},"class_list":["post-261","page","type-page","status-publish","hentry"],"acf":[],"featured_image_src":null,"featured_image_src_square":null,"_links":{"self":[{"href":"https:\/\/maibec.com\/fr\/wp-json\/wp\/v2\/pages\/261","targetHints":{"allow":["GET"]}}],"collection":[{"href":"https:\/\/maibec.com\/fr\/wp-json\/wp\/v2\/pages"}],"about":[{"href":"https:\/\/maibec.com\/fr\/wp-json\/wp\/v2\/types\/page"}],"author":[{"embeddable":true,"href":"https:\/\/maibec.com\/fr\/wp-json\/wp\/v2\/users\/5"}],"replies":[{"embeddable":true,"href":"https:\/\/maibec.com\/fr\/wp-json\/wp\/v2\/comments?post=261"}],"version-history":[{"count":0,"href":"https:\/\/maibec.com\/fr\/wp-json\/wp\/v2\/pages\/261\/revisions"}],"up":[{"embeddable":true,"href":"https:\/\/maibec.com\/fr\/wp-json\/wp\/v2\/pages\/196"}],"wp:attachment":[{"href":"https:\/\/maibec.com\/fr\/wp-json\/wp\/v2\/media?parent=261"}],"curies":[{"name":"wp","href":"https:\/\/api.w.org\/{rel}","templated":true}]}}