{"id":161,"date":"2022-01-20T17:19:59","date_gmt":"2022-01-20T22:19:59","guid":{"rendered":"http:\/\/maibecstg.wpenginepowered.com\/?page_id=161"},"modified":"2023-01-09T04:49:12","modified_gmt":"2023-01-09T09:49:12","slug":"nos-echantillons","status":"publish","type":"page","link":"https:\/\/maibec.com\/fr\/ressources\/nos-echantillons\/","title":{"rendered":"Nos \u00e9chantillons"},"content":{"rendered":"<section id=\"section-2-161\" class=\" ct-section bg--accent\" ><div class=\"ct-section-inner-wrap\"><h1 id=\"headline-3-161\" class=\"ct-headline\">Nos \u00e9chantillons<\/h1><p id=\"text_block-5-161\" class=\"ct-text-block\" >Explorez vos teintes pr\u00e9f\u00e9r\u00e9es et consultez-les aussi souvent que vous le voulez.  Rendez-vous ensuite au bas de la page si vous souhaitez commander des \u00e9chantillons !\n<\/p><\/div><\/section><section id=\"section-7-161\" class=\" ct-section bg--secondary owl--l\" ><div class=\"ct-section-inner-wrap\"><div id=\"div_block-1474-161\" class=\"ct-div-block\" >\n\t\t<div id=\"-wpgb-facet-9-161\" class=\"oxy-wpgb-facet \" ><div class=\"wpgb-facet wpgb-loading wpgb-facet-1\" data-facet=\"1\" data-grid=\"oxygen-element-10\"><\/div><\/div>\n\n\t\t<\/div><div id=\"div_block-73-161\" class=\"ct-div-block\" >\n\t\t<div id=\"-wpgb-facet-70-161\" class=\"oxy-wpgb-facet \" ><div class=\"wpgb-facet wpgb-loading wpgb-facet-2\" data-facet=\"2\" data-grid=\"oxygen-element-10\"><\/div><\/div>\n\n\t\t<\/div><div id=\"div_block-1471-161\" class=\"ct-div-block\" ><div id=\"_dynamic_list-10-161\" class=\"oxy-dynamic-list\"><div id=\"div_block-11-161-1\" class=\"ct-div-block echantillon-card owl--xs\" sku=\"\" title=\"Maibec bois v&eacute;ritable &ndash; Lambris de c&egrave;dre rouge\" material=\"\" data-id=\"div_block-11-161\"><img decoding=\"async\" id=\"image-12-161-1\" alt=\"\" src=\"https:\/\/cdn.lightbeans.com\/organizations\/maibec\/products\/\/images\/diffuse\/rectified\/0.jpg?width=300\" class=\"ct-image\" data-id=\"image-12-161\"><div id=\"text_block-49-161-1\" class=\"ct-text-block text--s\" data-id=\"text_block-49-161\"><span id=\"span-51-161\" class=\"ct-span\" >Maibec bois v\u00e9ritable &#8211; Lambris de c\u00e8dre rouge<\/span><\/div><div id=\"text_block-1207-161-1\" class=\"ct-text-block text--s\" data-id=\"text_block-1207-161\"><span id=\"span-1208-161\" class=\"ct-span\" ><\/span><\/div><\/div><div id=\"div_block-11-161-2\" class=\"ct-div-block echantillon-card owl--xs\" sku=\"\" title=\"Maibec bois v&eacute;ritable &ndash; Lambris de c&egrave;dre rouge\" material=\"\" data-id=\"div_block-11-161\"><img decoding=\"async\" id=\"image-12-161-2\" alt=\"\" src=\"https:\/\/cdn.lightbeans.com\/organizations\/maibec\/products\/\/images\/diffuse\/rectified\/0.jpg?width=300\" class=\"ct-image\" data-id=\"image-12-161\"><div id=\"text_block-49-161-2\" class=\"ct-text-block text--s\" data-id=\"text_block-49-161\"><span id=\"span-51-161\" class=\"ct-span\" >Maibec bois v\u00e9ritable &#8211; Lambris de c\u00e8dre rouge<\/span><\/div><div id=\"text_block-1207-161-2\" class=\"ct-text-block text--s\" data-id=\"text_block-1207-161\"><span id=\"span-1208-161\" class=\"ct-span\" ><\/span><\/div><\/div><div id=\"div_block-11-161-3\" class=\"ct-div-block echantillon-card owl--xs\" sku=\"\" title=\"Maibec bois v&eacute;ritable &ndash; Lambris de c&egrave;dre rouge\" material=\"\" data-id=\"div_block-11-161\"><img decoding=\"async\" id=\"image-12-161-3\" alt=\"\" src=\"https:\/\/cdn.lightbeans.com\/organizations\/maibec\/products\/\/images\/diffuse\/rectified\/0.jpg?width=300\" class=\"ct-image\" data-id=\"image-12-161\"><div id=\"text_block-49-161-3\" class=\"ct-text-block text--s\" data-id=\"text_block-49-161\"><span id=\"span-51-161\" class=\"ct-span\" >Maibec bois v\u00e9ritable &#8211; Lambris de c\u00e8dre rouge<\/span><\/div><div id=\"text_block-1207-161-3\" class=\"ct-text-block text--s\" data-id=\"text_block-1207-161\"><span id=\"span-1208-161\" class=\"ct-span\" ><\/span><\/div><\/div><div id=\"div_block-11-161-4\" class=\"ct-div-block echantillon-card owl--xs\" sku=\"\" title=\"Maibec bois v&eacute;ritable &ndash; Lambris de c&egrave;dre rouge\" material=\"\" data-id=\"div_block-11-161\"><img decoding=\"async\" id=\"image-12-161-4\" alt=\"\" src=\"https:\/\/cdn.lightbeans.com\/organizations\/maibec\/products\/\/images\/diffuse\/rectified\/0.jpg?width=300\" class=\"ct-image\" data-id=\"image-12-161\"><div id=\"text_block-49-161-4\" class=\"ct-text-block text--s\" data-id=\"text_block-49-161\"><span id=\"span-51-161\" class=\"ct-span\" >Maibec bois v\u00e9ritable &#8211; Lambris de c\u00e8dre rouge<\/span><\/div><div id=\"text_block-1207-161-4\" class=\"ct-text-block text--s\" data-id=\"text_block-1207-161\"><span id=\"span-1208-161\" class=\"ct-span\" ><\/span><\/div><\/div><div id=\"div_block-11-161-5\" class=\"ct-div-block echantillon-card owl--xs\" sku=\"\" title=\"Maibec CanExel Ridgewood D-5\" material=\"\" data-id=\"div_block-11-161\"><img decoding=\"async\" id=\"image-12-161-5\" alt=\"\" src=\"https:\/\/cdn.lightbeans.com\/organizations\/maibec\/products\/\/images\/diffuse\/rectified\/0.jpg?width=300\" class=\"ct-image\" data-id=\"image-12-161\"><div id=\"text_block-49-161-5\" class=\"ct-text-block text--s\" data-id=\"text_block-49-161\"><span id=\"span-51-161\" class=\"ct-span\" >Maibec CanExel Ridgewood D-5<\/span><\/div><div id=\"text_block-1207-161-5\" class=\"ct-text-block text--s\" data-id=\"text_block-1207-161\"><span id=\"span-1208-161\" class=\"ct-span\" ><\/span><\/div><\/div><div id=\"div_block-11-161-6\" class=\"ct-div-block echantillon-card owl--xs\" sku=\"\" title=\"Maibec CanExel Ridgewood D-5\" material=\"\" data-id=\"div_block-11-161\"><img decoding=\"async\" id=\"image-12-161-6\" alt=\"\" src=\"https:\/\/cdn.lightbeans.com\/organizations\/maibec\/products\/\/images\/diffuse\/rectified\/0.jpg?width=300\" class=\"ct-image\" data-id=\"image-12-161\"><div id=\"text_block-49-161-6\" class=\"ct-text-block text--s\" data-id=\"text_block-49-161\"><span id=\"span-51-161\" class=\"ct-span\" >Maibec CanExel Ridgewood D-5<\/span><\/div><div id=\"text_block-1207-161-6\" class=\"ct-text-block text--s\" data-id=\"text_block-1207-161\"><span id=\"span-1208-161\" class=\"ct-span\" ><\/span><\/div><\/div><div id=\"div_block-11-161-7\" class=\"ct-div-block echantillon-card owl--xs\" sku=\"\" title=\"Maibec CanExel Planche et couvre-joint\" material=\"\" data-id=\"div_block-11-161\"><img decoding=\"async\" id=\"image-12-161-7\" alt=\"\" src=\"https:\/\/cdn.lightbeans.com\/organizations\/maibec\/products\/\/images\/diffuse\/rectified\/0.jpg?width=300\" class=\"ct-image\" data-id=\"image-12-161\"><div id=\"text_block-49-161-7\" class=\"ct-text-block text--s\" data-id=\"text_block-49-161\"><span id=\"span-51-161\" class=\"ct-span\" >Maibec CanExel Planche et couvre-joint<\/span><\/div><div id=\"text_block-1207-161-7\" class=\"ct-text-block text--s\" data-id=\"text_block-1207-161\"><span id=\"span-1208-161\" class=\"ct-span\" ><\/span><\/div><\/div><div id=\"div_block-11-161-8\" class=\"ct-div-block echantillon-card owl--xs\" sku=\"\" title=\"Maibec CanExel Planche et couvre-joint\" material=\"\" data-id=\"div_block-11-161\"><img decoding=\"async\" id=\"image-12-161-8\" alt=\"\" src=\"https:\/\/cdn.lightbeans.com\/organizations\/maibec\/products\/\/images\/diffuse\/rectified\/0.jpg?width=300\" class=\"ct-image\" data-id=\"image-12-161\"><div id=\"text_block-49-161-8\" class=\"ct-text-block text--s\" data-id=\"text_block-49-161\"><span id=\"span-51-161\" class=\"ct-span\" >Maibec CanExel Planche et couvre-joint<\/span><\/div><div id=\"text_block-1207-161-8\" class=\"ct-text-block text--s\" data-id=\"text_block-1207-161\"><span id=\"span-1208-161\" class=\"ct-span\" ><\/span><\/div><\/div><div id=\"div_block-11-161-9\" class=\"ct-div-block echantillon-card owl--xs\" sku=\"\" title=\"Maibec CanExel Planche et couvre-joint\" material=\"\" data-id=\"div_block-11-161\"><img decoding=\"async\" id=\"image-12-161-9\" alt=\"\" src=\"https:\/\/cdn.lightbeans.com\/organizations\/maibec\/products\/\/images\/diffuse\/rectified\/0.jpg?width=300\" class=\"ct-image\" data-id=\"image-12-161\"><div id=\"text_block-49-161-9\" class=\"ct-text-block text--s\" data-id=\"text_block-49-161\"><span id=\"span-51-161\" class=\"ct-span\" >Maibec CanExel Planche et couvre-joint<\/span><\/div><div id=\"text_block-1207-161-9\" class=\"ct-text-block text--s\" data-id=\"text_block-1207-161\"><span id=\"span-1208-161\" class=\"ct-span\" ><\/span><\/div><\/div><div id=\"div_block-11-161-10\" class=\"ct-div-block echantillon-card owl--xs\" sku=\"\" title=\"Maibec CanExel Planche et couvre-joint\" material=\"\" data-id=\"div_block-11-161\"><img decoding=\"async\" id=\"image-12-161-10\" alt=\"\" src=\"https:\/\/cdn.lightbeans.com\/organizations\/maibec\/products\/\/images\/diffuse\/rectified\/0.jpg?width=300\" class=\"ct-image\" data-id=\"image-12-161\"><div id=\"text_block-49-161-10\" class=\"ct-text-block text--s\" data-id=\"text_block-49-161\"><span id=\"span-51-161\" class=\"ct-span\" >Maibec CanExel Planche et couvre-joint<\/span><\/div><div id=\"text_block-1207-161-10\" class=\"ct-text-block text--s\" data-id=\"text_block-1207-161\"><span id=\"span-1208-161\" class=\"ct-span\" ><\/span><\/div><\/div><div id=\"div_block-11-161-11\" class=\"ct-div-block echantillon-card owl--xs\" sku=\"\" title=\"Maibec CanExel Planche et couvre-joint\" material=\"\" data-id=\"div_block-11-161\"><img decoding=\"async\" id=\"image-12-161-11\" alt=\"\" src=\"https:\/\/cdn.lightbeans.com\/organizations\/maibec\/products\/\/images\/diffuse\/rectified\/0.jpg?width=300\" class=\"ct-image\" data-id=\"image-12-161\"><div id=\"text_block-49-161-11\" class=\"ct-text-block text--s\" data-id=\"text_block-49-161\"><span id=\"span-51-161\" class=\"ct-span\" >Maibec CanExel Planche et couvre-joint<\/span><\/div><div id=\"text_block-1207-161-11\" class=\"ct-text-block text--s\" data-id=\"text_block-1207-161\"><span id=\"span-1208-161\" class=\"ct-span\" ><\/span><\/div><\/div><div id=\"div_block-11-161-12\" class=\"ct-div-block echantillon-card owl--xs\" sku=\"\" title=\"Maibec CanExel Planche et couvre-joint\" material=\"\" data-id=\"div_block-11-161\"><img decoding=\"async\" id=\"image-12-161-12\" alt=\"\" src=\"https:\/\/cdn.lightbeans.com\/organizations\/maibec\/products\/\/images\/diffuse\/rectified\/0.jpg?width=300\" class=\"ct-image\" data-id=\"image-12-161\"><div id=\"text_block-49-161-12\" class=\"ct-text-block text--s\" data-id=\"text_block-49-161\"><span id=\"span-51-161\" class=\"ct-span\" >Maibec CanExel Planche et couvre-joint<\/span><\/div><div id=\"text_block-1207-161-12\" class=\"ct-text-block text--s\" data-id=\"text_block-1207-161\"><span id=\"span-1208-161\" class=\"ct-span\" ><\/span><\/div><\/div><div id=\"div_block-11-161-13\" class=\"ct-div-block echantillon-card owl--xs\" sku=\"\" title=\"Maibec Acenta\" material=\"\" data-id=\"div_block-11-161\"><img decoding=\"async\" id=\"image-12-161-13\" alt=\"\" src=\"https:\/\/cdn.lightbeans.com\/organizations\/maibec\/products\/\/images\/diffuse\/rectified\/0.jpg?width=300\" class=\"ct-image\" data-id=\"image-12-161\"><div id=\"text_block-49-161-13\" class=\"ct-text-block text--s\" data-id=\"text_block-49-161\"><span id=\"span-51-161\" class=\"ct-span\" >Maibec Acenta<\/span><\/div><div id=\"text_block-1207-161-13\" class=\"ct-text-block text--s\" data-id=\"text_block-1207-161\"><span id=\"span-1208-161\" class=\"ct-span\" ><\/span><\/div><\/div><div id=\"div_block-11-161-14\" class=\"ct-div-block echantillon-card owl--xs\" sku=\"\" title=\"Maibec Acenta\" material=\"\" data-id=\"div_block-11-161\"><img decoding=\"async\" id=\"image-12-161-14\" alt=\"\" src=\"https:\/\/cdn.lightbeans.com\/organizations\/maibec\/products\/\/images\/diffuse\/rectified\/0.jpg?width=300\" class=\"ct-image\" data-id=\"image-12-161\"><div id=\"text_block-49-161-14\" class=\"ct-text-block text--s\" data-id=\"text_block-49-161\"><span id=\"span-51-161\" class=\"ct-span\" >Maibec Acenta<\/span><\/div><div id=\"text_block-1207-161-14\" class=\"ct-text-block text--s\" data-id=\"text_block-1207-161\"><span id=\"span-1208-161\" class=\"ct-span\" ><\/span><\/div><\/div><div id=\"div_block-11-161-15\" class=\"ct-div-block echantillon-card owl--xs\" sku=\"\" title=\"Maibec Bois v&eacute;ritable &ndash; Lambris\" material=\"\" data-id=\"div_block-11-161\"><img decoding=\"async\" id=\"image-12-161-15\" alt=\"\" src=\"https:\/\/cdn.lightbeans.com\/organizations\/maibec\/products\/\/images\/diffuse\/rectified\/0.jpg?width=300\" class=\"ct-image\" data-id=\"image-12-161\"><div id=\"text_block-49-161-15\" class=\"ct-text-block text--s\" data-id=\"text_block-49-161\"><span id=\"span-51-161\" class=\"ct-span\" >Maibec Bois v\u00e9ritable &#8211; Lambris<\/span><\/div><div id=\"text_block-1207-161-15\" class=\"ct-text-block text--s\" data-id=\"text_block-1207-161\"><span id=\"span-1208-161\" class=\"ct-span\" ><\/span><\/div><\/div><div id=\"div_block-11-161-16\" class=\"ct-div-block echantillon-card owl--xs\" sku=\"\" title=\"Maibec Bois v&eacute;ritable &ndash; Lambris\" material=\"\" data-id=\"div_block-11-161\"><img decoding=\"async\" id=\"image-12-161-16\" alt=\"\" src=\"https:\/\/cdn.lightbeans.com\/organizations\/maibec\/products\/\/images\/diffuse\/rectified\/0.jpg?width=300\" class=\"ct-image\" data-id=\"image-12-161\"><div id=\"text_block-49-161-16\" class=\"ct-text-block text--s\" data-id=\"text_block-49-161\"><span id=\"span-51-161\" class=\"ct-span\" >Maibec Bois v\u00e9ritable &#8211; Lambris<\/span><\/div><div id=\"text_block-1207-161-16\" class=\"ct-text-block text--s\" data-id=\"text_block-1207-161\"><span id=\"span-1208-161\" class=\"ct-span\" ><\/span><\/div><\/div><div id=\"div_block-11-161-17\" class=\"ct-div-block echantillon-card owl--xs\" sku=\"\" title=\"Maibec Bois v&eacute;ritable &ndash; Lambris\" material=\"\" data-id=\"div_block-11-161\"><img decoding=\"async\" id=\"image-12-161-17\" alt=\"\" src=\"https:\/\/cdn.lightbeans.com\/organizations\/maibec\/products\/\/images\/diffuse\/rectified\/0.jpg?width=300\" class=\"ct-image\" data-id=\"image-12-161\"><div id=\"text_block-49-161-17\" class=\"ct-text-block text--s\" data-id=\"text_block-49-161\"><span id=\"span-51-161\" class=\"ct-span\" >Maibec Bois v\u00e9ritable &#8211; Lambris<\/span><\/div><div id=\"text_block-1207-161-17\" class=\"ct-text-block text--s\" data-id=\"text_block-1207-161\"><span id=\"span-1208-161\" class=\"ct-span\" ><\/span><\/div><\/div><div id=\"div_block-11-161-18\" class=\"ct-div-block echantillon-card owl--xs\" sku=\"\" title=\"Maibec Bois v&eacute;ritable &ndash; Lambris\" material=\"\" data-id=\"div_block-11-161\"><img decoding=\"async\" id=\"image-12-161-18\" alt=\"\" src=\"https:\/\/cdn.lightbeans.com\/organizations\/maibec\/products\/\/images\/diffuse\/rectified\/0.jpg?width=300\" class=\"ct-image\" data-id=\"image-12-161\"><div id=\"text_block-49-161-18\" class=\"ct-text-block text--s\" data-id=\"text_block-49-161\"><span id=\"span-51-161\" class=\"ct-span\" >Maibec Bois v\u00e9ritable &#8211; Lambris<\/span><\/div><div id=\"text_block-1207-161-18\" class=\"ct-text-block text--s\" data-id=\"text_block-1207-161\"><span id=\"span-1208-161\" class=\"ct-span\" ><\/span><\/div><\/div><div id=\"div_block-11-161-19\" class=\"ct-div-block echantillon-card owl--xs\" sku=\"\" title=\"Maibec Bois v&eacute;ritable &ndash; Lambris\" material=\"\" data-id=\"div_block-11-161\"><img decoding=\"async\" id=\"image-12-161-19\" alt=\"\" src=\"https:\/\/cdn.lightbeans.com\/organizations\/maibec\/products\/\/images\/diffuse\/rectified\/0.jpg?width=300\" class=\"ct-image\" data-id=\"image-12-161\"><div id=\"text_block-49-161-19\" class=\"ct-text-block text--s\" data-id=\"text_block-49-161\"><span id=\"span-51-161\" class=\"ct-span\" >Maibec Bois v\u00e9ritable &#8211; Lambris<\/span><\/div><div id=\"text_block-1207-161-19\" class=\"ct-text-block text--s\" data-id=\"text_block-1207-161\"><span id=\"span-1208-161\" class=\"ct-span\" ><\/span><\/div><\/div><div id=\"div_block-11-161-20\" class=\"ct-div-block echantillon-card owl--xs\" sku=\"\" title=\"Maibec Bois v&eacute;ritable &ndash; Lambris\" material=\"\" data-id=\"div_block-11-161\"><img decoding=\"async\" id=\"image-12-161-20\" alt=\"\" src=\"https:\/\/cdn.lightbeans.com\/organizations\/maibec\/products\/\/images\/diffuse\/rectified\/0.jpg?width=300\" class=\"ct-image\" data-id=\"image-12-161\"><div id=\"text_block-49-161-20\" class=\"ct-text-block text--s\" data-id=\"text_block-49-161\"><span id=\"span-51-161\" class=\"ct-span\" >Maibec Bois v\u00e9ritable &#8211; Lambris<\/span><\/div><div id=\"text_block-1207-161-20\" class=\"ct-text-block text--s\" data-id=\"text_block-1207-161\"><span id=\"span-1208-161\" class=\"ct-span\" ><\/span><\/div><\/div><div id=\"div_block-11-161-21\" class=\"ct-div-block echantillon-card owl--xs\" sku=\"\" title=\"Maibec Bois v&eacute;ritable &ndash; Lambris\" material=\"\" data-id=\"div_block-11-161\"><img decoding=\"async\" id=\"image-12-161-21\" alt=\"\" src=\"https:\/\/cdn.lightbeans.com\/organizations\/maibec\/products\/\/images\/diffuse\/rectified\/0.jpg?width=300\" class=\"ct-image\" data-id=\"image-12-161\"><div id=\"text_block-49-161-21\" class=\"ct-text-block text--s\" data-id=\"text_block-49-161\"><span id=\"span-51-161\" class=\"ct-span\" >Maibec Bois v\u00e9ritable &#8211; Lambris<\/span><\/div><div id=\"text_block-1207-161-21\" class=\"ct-text-block text--s\" data-id=\"text_block-1207-161\"><span id=\"span-1208-161\" class=\"ct-span\" ><\/span><\/div><\/div>                    \n                                            \n                                        <div class=\"oxy-repeater-pages-wrap\">\n                        <div class=\"oxy-repeater-pages\">\n                            <span aria-current=\"page\" class=\"page-numbers current\">1<\/span>\n<a class=\"page-numbers\" href=\"https:\/\/maibec.com\/fr\/wp-json\/wp\/v2\/pages\/161\/page\/2\/\">2<\/a>\n<a class=\"page-numbers\" href=\"https:\/\/maibec.com\/fr\/wp-json\/wp\/v2\/pages\/161\/page\/3\/\">3<\/a>\n<a class=\"page-numbers\" href=\"https:\/\/maibec.com\/fr\/wp-json\/wp\/v2\/pages\/161\/page\/4\/\">4<\/a>\n<a class=\"page-numbers\" href=\"https:\/\/maibec.com\/fr\/wp-json\/wp\/v2\/pages\/161\/page\/5\/\">5<\/a>\n<a class=\"page-numbers\" href=\"https:\/\/maibec.com\/fr\/wp-json\/wp\/v2\/pages\/161\/page\/6\/\">6<\/a>\n<a class=\"next page-numbers\" href=\"https:\/\/maibec.com\/fr\/wp-json\/wp\/v2\/pages\/161\/page\/2\/\">Suivant &raquo;<\/a>                        <\/div>\n                    <\/div>\n                                        \n                    <\/div>\n<\/div><\/div><\/section><div id=\"code_block-35-161\" class=\"ct-code-block\" ><\/div><section id=\"section-53-161\" class=\" ct-section owl--l bg--accent\" ><div class=\"ct-section-inner-wrap\"><div id=\"div_block-54-161\" class=\"ct-div-block owl--m\" ><h3 id=\"headline-55-161\" class=\"ct-headline\">Commandez nos \u00e9chantillons<\/h3><div id=\"text_block-56-161\" class=\"ct-text-block\" >Touchez la texture. Admirez les contrastes cr\u00e9\u00e9s par la lumi\u00e8re.\n<\/div><\/div><div id=\"div_block-58-161\" class=\"ct-div-block\" ><a id=\"link_button-59-161\" class=\"ct-link-button btn--primary btn--xs\" href=\"https:\/\/app.maibec.info\/produits\/\" target=\"_self\" rel=\"noopener\">Commander maintenant<\/a><\/div><\/div><\/section>            <div tabindex=\"-1\" class=\"oxy-modal-backdrop  \"\n                style=\"background-color: rgba(0,0,0,0.5);\"\n                data-trigger=\"user_clicks_element\"                data-trigger-selector=\"\"                data-trigger-time=\"5\"                data-trigger-time-unit=\"seconds\"                data-close-automatically=\"no\"                data-close-after-time=\"10\"                data-close-after-time-unit=\"seconds\"                data-trigger_scroll_amount=\"50\"                data-trigger_scroll_direction=\"down\"\t            data-scroll_to_selector=\"\"\t            data-time_inactive=\"60\"\t            data-time-inactive-unit=\"seconds\"\t            data-number_of_clicks=\"3\"\t            data-close_on_esc=\"on\"\t            data-number_of_page_views=\"3\"                data-close-after-form-submit=\"no\"                data-open-again=\"always_show\"                data-open-again-after-days=\"3\"            >\n\n                <div id=\"modal-84-161\" class=\"ct-modal modal-echantillons\" ><div id=\"fancy_icon-1500-161\" class=\"ct-fancy-icon oxy-close-modal\" ><svg id=\"svg-fancy_icon-1500-161\"><use xlink:href=\"#Lineariconsicon-cross\"><\/use><\/svg><\/div><div id=\"div_block-1495-161\" class=\"ct-div-block modal-container-echantillons\" ><div id=\"div_block-98-161\" class=\"ct-div-block owl--xs\" ><h4 id=\"headline-100-161\" class=\"ct-headline modal-header\">Double-click this headline to edit the text.<\/h4><div id=\"text_block-113-161\" class=\"ct-text-block modal-echantillon-material text--s\" ><span id=\"span-114-161\" class=\"ct-span\" ><\/span><\/div><\/div><div id=\"div_block-124-161\" class=\"ct-div-block\" ><div id=\"code_block-85-161\" class=\"ct-code-block\" >\n<iframe class=\"iframe-echantillon\" frameborder=\"0\"><\/iframe>\n\n<style>\n\t@media screen and (max-width: 768px) {\n\t\t.iframe-echantillon {\n\t\t\twidth: 400px!important;\n\t\t\theight: 350px!important;\n\t\t}\n\t}\n\t\n\t@media screen and (max-width: 480px) {\n\t\t.iframe-echantillon {\n\t\t\twidth: 300px!important;\n\t\t\theight: 300px!important;\n\t\t}\n\t}\n\t.iframe-echantillon {\n\t\twidth: 700px;\n\t\theight: 525px;\n\t}\n<\/style><\/div><\/div><\/div><\/div>\n            <\/div>\n        <div id=\"code_block-97-161\" class=\"ct-code-block\" ><\/div>","protected":false},"excerpt":{"rendered":"","protected":false},"author":5,"featured_media":0,"parent":52,"menu_order":0,"comment_status":"closed","ping_status":"closed","template":"","meta":{"content-type":"","footnotes":""},"class_list":["post-161","page","type-page","status-publish","hentry"],"acf":[],"featured_image_src":null,"featured_image_src_square":null,"_links":{"self":[{"href":"https:\/\/maibec.com\/fr\/wp-json\/wp\/v2\/pages\/161","targetHints":{"allow":["GET"]}}],"collection":[{"href":"https:\/\/maibec.com\/fr\/wp-json\/wp\/v2\/pages"}],"about":[{"href":"https:\/\/maibec.com\/fr\/wp-json\/wp\/v2\/types\/page"}],"author":[{"embeddable":true,"href":"https:\/\/maibec.com\/fr\/wp-json\/wp\/v2\/users\/5"}],"replies":[{"embeddable":true,"href":"https:\/\/maibec.com\/fr\/wp-json\/wp\/v2\/comments?post=161"}],"version-history":[{"count":0,"href":"https:\/\/maibec.com\/fr\/wp-json\/wp\/v2\/pages\/161\/revisions"}],"up":[{"embeddable":true,"href":"https:\/\/maibec.com\/fr\/wp-json\/wp\/v2\/pages\/52"}],"wp:attachment":[{"href":"https:\/\/maibec.com\/fr\/wp-json\/wp\/v2\/media?parent=161"}],"curies":[{"name":"wp","href":"https:\/\/api.w.org\/{rel}","templated":true}]}}