{"id":62,"date":"2022-01-19T02:27:31","date_gmt":"2022-01-19T02:27:31","guid":{"rendered":"http:\/\/maibecstg.wpenginepowered.com\/?page_id=62"},"modified":"2022-01-21T19:35:46","modified_gmt":"2022-01-21T19:35:46","slug":"persona-btc","status":"publish","type":"page","link":"https:\/\/maibec.com\/en_us\/persona-btc\/","title":{"rendered":"Persona BTC"},"content":{"rendered":"<section id=\"section-5-62\" class=\"ct-section bg--accent\" ><div class=\"ct-section-inner-wrap\">\n\t\t<div id=\"-carousel-builder-6-62\" class=\"oxy-carousel-builder\" ><div class=\"oxy-carousel-builder_inner oxy-inner-content\" data-prev=\".oxy-carousel-builder_prev\" data-next=\".oxy-carousel-builder_next\" data-contain=\"true\" data-percent=\"true\" data-freescroll=\"false\" data-draggable=\"true\" data-wraparound=\"false\" data-carousel=\".oxy-dynamic-list\" data-cell=\"\" data-dragthreshold=\"3\" data-selectedattraction=\"0.025\" data-friction=\"0.28\" data-freescrollfriction=\"0.075\" data-forceheight=\"false\" data-fade=\"false\" data-tickerpause=\"true\" data-groupcells=\"1\" data-autoplay=\"0\" data-pauseautoplay=\"true\" data-hash=\"false\" data-initial=\"1\" data-accessibility=\"true\" data-cellalign=\"center\" data-righttoleft=\"false\" data-images-loaded=\"true\" data-pagedots=\"true\" data-trigger-aos=\"false\" data-clickselect=\"false\" data-parallaxbg=\"false\" data-bgspeed=\"5\" data-tick=\"false\" ><div id=\"_dynamic_list-7-62\" class=\"oxy-dynamic-list\"><div id=\"div_block-8-62-1\" class=\"ct-div-block width--full\" data-id=\"div_block-8-62\"><img decoding=\"async\" id=\"image-9-62-1\" alt=\"\" src=\"https:\/\/maibec.com\/wp-content\/uploads\/2022\/01\/Rectangle-16.png\" class=\"ct-image\" data-id=\"image-9-62\"><div id=\"div_block-10-62-1\" class=\"ct-div-block pad--xl owl--m\" data-id=\"div_block-10-62\"><h2 id=\"headline-11-62-1\" class=\"ct-headline text--white\" data-id=\"headline-11-62\"><span id=\"span-12-62\" class=\"ct-span\" >H2 &#8211; Lorem ipsum (R\u00e9ponse au besoin)<\/span><\/h2><p id=\"text_block-13-62-1\" class=\"ct-text-block text--s text--white\" data-id=\"text_block-13-62\"><span id=\"span-14-62\" class=\"ct-span\" >P(25) &#8211; Consectetur adipiscing elit. Aenean pretium nulla ante, eu condimentum neque mollis id. Vivamus ornare massa ut arcu.<\/span><\/p><a id=\"link_button-15-62-1\" class=\"ct-link-button btn--primary btn--xs\" href=\"https:\/\/www.techguys.consulting\/\" target=\"_self\" data-id=\"link_button-15-62\" rel=\"noopener\">Order Red Cedar shingles<\/a><\/div><\/div><\/div>\n<\/div><\/div>\n\n\t\t<\/div><\/section><section id=\"section-24-62\" class=\"ct-section bg--accent\" ><div class=\"ct-section-inner-wrap\"><div id=\"div_block-84-62\" class=\"ct-div-block\" ><h1 id=\"headline-26-62\" class=\"ct-headline\">H1 &#8211; Motivations \/<br>Quand on sait ce qu\u2019on veut<\/h1><p id=\"text_block-28-62\" class=\"ct-text-block text--s\" >P(21) &#8211; Fusce tincidunt dolor at arcu dictum, eget gravida justo feugiat. Aliquam rutrum vitae velit blandit pharetra. Morbi viverra, mauris id iaculis tincidunt, dolor nunc tempor justo, sed pellentesque leo erat non diam. Ut neque eros, eleifend id consequat id, hendrerit at metus. Nam non dui sapien.<\/p><\/div><\/div><\/section><section id=\"section-34-62\" class=\"ct-section gap--m pad-section--s bg--secondary\" ><div class=\"ct-section-inner-wrap\"><div id=\"div_block-35-62\" class=\"ct-div-block\" ><h3 id=\"headline-36-62\" class=\"ct-headline\">H3 -Rev\u00eatement de bois v\u00e9ritable Maibec lambris<\/h3><p id=\"text_block-37-62\" class=\"ct-text-block text--s\" >P &#8211; vous optiez pour une pose \u00e0 l&#8217;horizontale ou \u00e0 la verticale, le lambris Maibec procurera un caract\u00e8re chaleureux et naturel \u00e0 votre demeure.<\/p><\/div><div id=\"div_block-39-62\" class=\"ct-div-block\" ><img decoding=\"async\"  id=\"image-40-62\" alt=\"\" src=\"https:\/\/maibec.com\/wp-content\/uploads\/2022\/03\/Maibec-Bardeau.jpg\" class=\"ct-image image-classic\"\/><\/div><\/div><\/section><section id=\"section-42-62\" class=\"ct-section bg--accent\" ><div class=\"ct-section-inner-wrap\"><div id=\"div_block-45-62\" class=\"ct-div-block owl--m order--first-m\" ><h3 id=\"headline-46-62\" class=\"ct-headline\">Genuine wood shingles<\/h3><p id=\"text_block-47-62\" class=\"ct-text-block text--s\" >Naturally durable, our shingles enhance the classic character of your home while also blending harmoniously with other materials for a contemporary design.<\/p><\/div><div id=\"div_block-43-62\" class=\"ct-div-block\" ><img decoding=\"async\"  id=\"image-44-62\" alt=\"\" src=\"https:\/\/maibec.com\/wp-content\/uploads\/2022\/03\/Maibec-Bardeau.jpg\" class=\"ct-image image-classic\"\/><\/div><\/div><\/section><section id=\"section-49-62\" class=\"ct-section bg--secondary\" ><div class=\"ct-section-inner-wrap\"><div id=\"div_block-54-62\" class=\"ct-div-block\" ><img decoding=\"async\"  id=\"image-55-62\" alt=\"\" src=\"https:\/\/maibec.com\/wp-content\/uploads\/2022\/03\/Maibec-Bardeau.jpg\" class=\"ct-image image-classic\"\/><\/div><div id=\"div_block-50-62\" class=\"ct-div-block\" ><h3 id=\"headline-51-62\" class=\"ct-headline\">Genuine wood shingles<\/h3><p id=\"text_block-52-62\" class=\"ct-text-block text--s\" >Naturally durable, our shingles enhance the classic character of your home while also blending harmoniously with other materials for a contemporary design.<\/p><\/div><\/div><\/section><section id=\"section-76-62\" class=\"ct-section bg--accent\" ><div class=\"ct-section-inner-wrap\"><div id=\"div_block-79-62\" class=\"ct-div-block owl--m\" ><h3 id=\"headline-78-62\" class=\"ct-headline\">Discover our samples<\/h3><p id=\"text_block-82-62\" class=\"ct-text-block text--s\" >Discover our online samples or have your custom order prepared in our factory.<\/p><\/div><\/div><\/section><section id=\"section-64-62\" class=\"ct-section bg--accent\" ><div class=\"ct-section-inner-wrap\"><div id=\"div_block-65-62\" class=\"ct-div-block\" ><div id=\"div_block-66-62\" class=\"ct-div-block\" ><div id=\"div_block-67-62\" class=\"ct-div-block owl--m\" ><h3 id=\"headline-68-62\" class=\"ct-headline\">Discover our e-samples<\/h3><p id=\"text_block-69-62\" class=\"ct-text-block text--s text--base\" >Play around with your favourite shades, and access them and share them as often as you would like. <br><\/p><a id=\"link_button-70-62\" class=\"ct-link-button btn--primary btn--xs\" href=\"http:\/\/\" target=\"_self\"  >Order Red Cedar shingles<\/a><\/div><\/div><div id=\"div_block-71-62\" class=\"ct-div-block\" ><div id=\"div_block-72-62\" class=\"ct-div-block owl--m\" ><h3 id=\"headline-73-62\" class=\"ct-headline\">Order our samples<\/h3><p id=\"text_block-74-62\" class=\"ct-text-block text--s text--base\" >Feel the texture. Admire the contrasts that change with the light. <br><\/p><a id=\"link_button-75-62\" class=\"ct-link-button btn--primary btn--xs\" href=\"http:\/\/\" target=\"_self\"  >Order Red Cedar shingles<\/a><\/div><\/div><\/div><\/div><\/section><section id=\"section-91-62\" class=\"ct-section bg--secondary owl--l\" ><div class=\"ct-section-inner-wrap\"><div id=\"div_block-92-62\" class=\"ct-div-block\" ><h3 id=\"headline-93-62\" class=\"ct-headline\">H3 &#8211; D\u00e9couvrez les produits (selon personna)<\/h3><p id=\"text_block-94-62\" class=\"ct-text-block text--s\" >P(21) &#8211; Fusce tincidunt dolor at arcu dictum, eget&nbsp;gravida justo&nbsp;<br>feugiat. Aliquam rutrum vitae velit blandit pharetra.<\/p><\/div><div id=\"div_block-95-62\" class=\"ct-div-block\" ><div id=\"div_block-96-62\" class=\"ct-div-block owl--m\" ><img decoding=\"async\"  id=\"image-97-62\" alt=\"\" src=\"https:\/\/maibec.com\/wp-content\/uploads\/2022\/03\/Maibec-Bardeau.jpg\" class=\"ct-image\"\/><div id=\"text_block-98-62\" class=\"ct-text-block text--s\" >caract\u00e9ristique<br>(selon personna)<\/div><\/div><div id=\"div_block-100-62\" class=\"ct-div-block owl--m\" ><img decoding=\"async\"  id=\"image-101-62\" alt=\"\" src=\"https:\/\/maibec.com\/wp-content\/uploads\/2022\/03\/Maibec-Bardeau.jpg\" class=\"ct-image\"\/><div id=\"text_block-102-62\" class=\"ct-text-block text--s\" >caract\u00e9ristique<br>(selon personna)<\/div><\/div><div id=\"div_block-103-62\" class=\"ct-div-block owl--m\" ><img decoding=\"async\"  id=\"image-104-62\" alt=\"\" src=\"https:\/\/maibec.com\/wp-content\/uploads\/2022\/03\/Maibec-Bardeau.jpg\" class=\"ct-image\"\/><div id=\"text_block-105-62\" class=\"ct-text-block text--s\" >caract\u00e9ristique<br>(selon personna)<\/div><\/div><div id=\"div_block-106-62\" class=\"ct-div-block owl--m\" ><img decoding=\"async\"  id=\"image-107-62\" alt=\"\" src=\"https:\/\/maibec.com\/wp-content\/uploads\/2022\/03\/Maibec-Bardeau.jpg\" class=\"ct-image\"\/><div id=\"text_block-108-62\" class=\"ct-text-block text--s\" >caract\u00e9ristique<br>(selon personna)<\/div><\/div><\/div><a id=\"link_button-109-62\" class=\"ct-link-button btn--primary btn--xs\" href=\"http:\/\/\" target=\"_self\"  >Order Red Cedar shingles<\/a><\/div><\/section><section id=\"section-113-62\" class=\"ct-section bg--secondary\" ><div class=\"ct-section-inner-wrap\"><div id=\"div_block-256-62\" class=\"ct-div-block\" ><div id=\"div_block-114-62\" class=\"ct-div-block center--all owl--s card-overlap-image-shadow pad--m bg--white\" ><img decoding=\"async\"  id=\"image-115-62\" alt=\"\" src=\"https:\/\/maibec.com\/wp-content\/uploads\/2022\/03\/Maibec-Bardeau.jpg\" class=\"ct-image image-overlap-card\"\/><h4 id=\"headline-116-62\" class=\"ct-headline\">Cr\u00e9er mon propre projet<\/h4><div id=\"div_block-117-62\" class=\"ct-div-block text-card-box\" ><p id=\"text_block-118-62\" class=\"ct-text-block text--xs\" >P(21) &#8211; Fusce tincidunt dolor at arcu dictum, eget gravida justo feugiat. Aliquam rutrum vitae velit blandit pharetra.<\/p><\/div><a id=\"link_button-119-62\" class=\"ct-link-button btn--primary btn--xs\" href=\"http:\/\/\" target=\"_self\"  >Order Red Cedar shingles<\/a><\/div><div id=\"div_block-120-62\" class=\"ct-div-block center--all owl--s card-overlap-image-shadow pad--m bg--white\" ><img decoding=\"async\"  id=\"image-121-62\" alt=\"\" src=\"https:\/\/maibec.com\/wp-content\/uploads\/2022\/03\/Maibec-Bardeau.jpg\" class=\"ct-image image-overlap-card\"\/><h4 id=\"headline-122-62\" class=\"ct-headline\">D\u00e9couvrez notre portfolio<\/h4><div id=\"div_block-123-62\" class=\"ct-div-block text-card-box\" ><p id=\"text_block-124-62\" class=\"ct-text-block text--xs\" >P(21) &#8211; Fusce tincidunt dolor at arcu dictum, eget gravida justo feugiat. Aliquam rutrum vitae velit blandit pharetra.<\/p><\/div><a id=\"link_button-125-62\" class=\"ct-link-button btn--primary btn--xs\" href=\"http:\/\/\" target=\"_self\"  >Order Red Cedar shingles<\/a><\/div><\/div><\/div><\/section><section id=\"section-134-62\" class=\"ct-section bg--accent owl--m\" ><div class=\"ct-section-inner-wrap\"><h3 id=\"headline-199-62\" class=\"ct-headline\">H3 &#8211; T\u00e9moignages<\/h3>\n\t\t<div id=\"-carousel-builder-143-62\" class=\"oxy-carousel-builder\" ><div class=\"oxy-carousel-builder_inner oxy-inner-content\" data-prev=\".oxy-carousel-builder_prev\" data-next=\".oxy-carousel-builder_next\" data-contain=\"true\" data-percent=\"true\" data-freescroll=\"false\" data-draggable=\"true\" data-wraparound=\"false\" data-carousel=\".oxy-dynamic-list\" data-cell=\"\" data-dragthreshold=\"3\" data-selectedattraction=\"0.025\" data-friction=\"0.28\" data-freescrollfriction=\"0.075\" data-forceheight=\"false\" data-fade=\"false\" data-tickerpause=\"true\" data-groupcells=\"1\" data-autoplay=\"0\" data-pauseautoplay=\"true\" data-hash=\"false\" data-initial=\"1\" data-accessibility=\"true\" data-cellalign=\"center\" data-righttoleft=\"false\" data-images-loaded=\"true\" data-pagedots=\"false\" data-trigger-aos=\"false\" data-clickselect=\"false\" data-parallaxbg=\"false\" data-bgspeed=\"5\" data-tick=\"false\" ><div id=\"_dynamic_list-144-62\" class=\"oxy-dynamic-list\"><div id=\"div_block-146-62-1\" class=\"ct-div-block owl--m\" data-id=\"div_block-146-62\"><div id=\"div_block-149-62-1\" class=\"ct-div-block\" data-id=\"div_block-149-62\"><div id=\"text_block-152-62-1\" class=\"ct-text-block text--s\" data-id=\"text_block-152-62\"><span id=\"span-189-62\" class=\"ct-span\" ><\/span><\/div><\/div><div id=\"div_block-156-62-1\" class=\"ct-div-block\" data-id=\"div_block-156-62\"><div id=\"div_block-160-62-1\" class=\"ct-div-block\" data-id=\"div_block-160-62\"><div id=\"div_block-178-62-1\" class=\"ct-div-block\" data-id=\"div_block-178-62\"><div id=\"text_block-182-62-1\" class=\"ct-text-block text--xs\" data-id=\"text_block-182-62\"><span id=\"span-192-62\" class=\"ct-span\" ><\/span><\/div><div id=\"text_block-185-62-1\" class=\"ct-text-block text--xs\" data-id=\"text_block-185-62\"><span id=\"span-195-62\" class=\"ct-span\" ><\/span><\/div><\/div><img decoding=\"async\" id=\"image-163-62-1\" alt=\"\" src=\"\" class=\"ct-image\" data-id=\"image-163-62\"><\/div><\/div><\/div><div id=\"div_block-146-62-2\" class=\"ct-div-block owl--m\" data-id=\"div_block-146-62\"><div id=\"div_block-149-62-2\" class=\"ct-div-block\" data-id=\"div_block-149-62\"><div id=\"text_block-152-62-2\" class=\"ct-text-block text--s\" data-id=\"text_block-152-62\"><span id=\"span-189-62\" class=\"ct-span\" ><\/span><\/div><\/div><div id=\"div_block-156-62-2\" class=\"ct-div-block\" data-id=\"div_block-156-62\"><div id=\"div_block-160-62-2\" class=\"ct-div-block\" data-id=\"div_block-160-62\"><div id=\"div_block-178-62-2\" class=\"ct-div-block\" data-id=\"div_block-178-62\"><div id=\"text_block-182-62-2\" class=\"ct-text-block text--xs\" data-id=\"text_block-182-62\"><span id=\"span-192-62\" class=\"ct-span\" ><\/span><\/div><div id=\"text_block-185-62-2\" class=\"ct-text-block text--xs\" data-id=\"text_block-185-62\"><span id=\"span-195-62\" class=\"ct-span\" ><\/span><\/div><\/div><img decoding=\"async\" id=\"image-163-62-2\" alt=\"\" src=\"\" class=\"ct-image\" data-id=\"image-163-62\"><\/div><\/div><\/div>                    \n                                            \n                                        \n                    <\/div>\n<\/div><div class=\"oxy-carousel-builder_icon oxy-carousel-builder_prev\"><svg id=\"prev-carousel-builder-143-62\"><use xlink:href=\"#Lineariconsicon-chevron-left\"><\/use><\/svg><\/span><\/div><div class=\"oxy-carousel-builder_icon oxy-carousel-builder_next\"><svg id=\"next-carousel-builder-143-62\"><use xlink:href=\"#Lineariconsicon-chevron-right\"><\/use><\/svg><\/span><\/div><\/div>\n\n\t\t<\/div><\/section><section id=\"section-206-62\" class=\"ct-section owl--l\" ><div class=\"ct-section-inner-wrap\"><div id=\"div_block-210-62\" class=\"ct-div-block owl--m\" ><h3 id=\"headline-209-62\" class=\"ct-headline text--white\">H3 &#8211; Enregistrez un achat et validez votre garantie<\/h3><p id=\"text_block-231-62\" class=\"ct-text-block text--white text--s\" >P(21) &#8211; Fusce tincidunt dolor at arcu dictum, eget gravida justo feugiat.&nbsp; Aliquam rutrum vitae velit blandit pharetra.<\/p><\/div><a id=\"link_button-235-62\" class=\"ct-link-button btn--primary btn--xs\" href=\"http:\/\/\" target=\"_self\"  >Order Red Cedar shingles<\/a><\/div><\/section><section id=\"section-277-62\" class=\"ct-section owl--m bg--secondary\" ><div class=\"ct-section-inner-wrap\"><div id=\"div_block-278-62\" class=\"ct-div-block owl--m\" ><h3 id=\"headline-279-62\" class=\"ct-headline\">For more information<br><\/h3><div id=\"text_block-280-62\" class=\"ct-text-block text--s\" >P(21) &#8211; Fusce tincidunt dolor at arcu dictum, eget gravida justo feugiat. Aliquam rutrum vitae velit blandit pharetra.<\/div><\/div><div id=\"div_block-281-62\" class=\"ct-div-block\" ><div id=\"shortcode-282-62\" class=\"ct-shortcode\" >\n<div class=\"wpcf7 no-js\" id=\"wpcf7-f98-o1\" lang=\"en-US\" dir=\"ltr\" data-wpcf7-id=\"98\">\n<div class=\"screen-reader-response\"><p role=\"status\" aria-live=\"polite\" aria-atomic=\"true\"><\/p> <ul><\/ul><\/div>\n<form action=\"\/en_us\/wp-json\/wp\/v2\/pages\/62#wpcf7-f98-o1\" method=\"post\" class=\"wpcf7-form init\" aria-label=\"Contact form\" novalidate=\"novalidate\" data-status=\"init\" data-trp-original-action=\"\/en_us\/wp-json\/wp\/v2\/pages\/62#wpcf7-f98-o1\">\n<fieldset class=\"hidden-fields-container\"><input type=\"hidden\" name=\"_wpcf7\" value=\"98\" \/><input type=\"hidden\" name=\"_wpcf7_version\" value=\"6.1.5\" \/><input type=\"hidden\" name=\"_wpcf7_locale\" value=\"en_US\" \/><input type=\"hidden\" name=\"_wpcf7_unit_tag\" value=\"wpcf7-f98-o1\" \/><input type=\"hidden\" name=\"_wpcf7_container_post\" value=\"0\" \/><input type=\"hidden\" name=\"_wpcf7_posted_data_hash\" value=\"\" \/><input type=\"hidden\" name=\"_wpcf7_recaptcha_response\" value=\"\" \/>\n<\/fieldset>\n<div class=\"simple-form owl--m\">\n\t<div class=\"form-simple-row\">\n\t\t<div>\n\t\t\t<div class=\"label-wrapper\">\n\t\t\t\t<p><label>Pr\u00e9nom<\/label>\n\t\t\t\t<\/p>\n\t\t\t<\/div>\n\t\t\t<p><span class=\"wpcf7-form-control-wrap\" data-name=\"your-name\"><input size=\"40\" maxlength=\"400\" class=\"wpcf7-form-control wpcf7-text wpcf7-validates-as-required input-primary\" aria-required=\"true\" aria-invalid=\"false\" placeholder=\"Pr\u00e9nom\" value=\"\" type=\"text\" name=\"your-name\" \/><\/span>\n\t\t\t<\/p>\n\t\t<\/div>\n\t\t<div>\n\t\t\t<div class=\"label-wrapper\">\n\t\t\t\t<p><label>Nom<\/label>\n\t\t\t\t<\/p>\n\t\t\t<\/div>\n\t\t\t<p><span class=\"wpcf7-form-control-wrap\" data-name=\"your-last-name\"><input size=\"40\" maxlength=\"400\" class=\"wpcf7-form-control wpcf7-text wpcf7-validates-as-required input-primary\" aria-required=\"true\" aria-invalid=\"false\" placeholder=\"Nom\" value=\"\" type=\"text\" name=\"your-last-name\" \/><\/span>\n\t\t\t<\/p>\n\t\t<\/div>\n\t<\/div>\n\t<div class=\"form-simple-row\">\n\t\t<div>\n\t\t\t<div class=\"label-wrapper\">\n\t\t\t\t<p><label>T\u00e9l\u00e9phone<\/label>\n\t\t\t\t<\/p>\n\t\t\t<\/div>\n\t\t\t<p><span class=\"wpcf7-form-control-wrap\" data-name=\"your-tel\"><input size=\"40\" maxlength=\"400\" class=\"wpcf7-form-control wpcf7-tel wpcf7-validates-as-required wpcf7-text wpcf7-validates-as-tel input-primary\" aria-required=\"true\" aria-invalid=\"false\" placeholder=\"(###) ###-####\" value=\"\" type=\"tel\" name=\"your-tel\" \/><\/span>\n\t\t\t<\/p>\n\t\t<\/div>\n\t\t<div>\n\t\t\t<div class=\"label-wrapper\">\n\t\t\t\t<p><label>Courriel<\/label>\n\t\t\t\t<\/p>\n\t\t\t<\/div>\n\t\t\t<p><span class=\"wpcf7-form-control-wrap\" data-name=\"your-email\"><input size=\"40\" maxlength=\"400\" class=\"wpcf7-form-control wpcf7-email wpcf7-validates-as-required wpcf7-text wpcf7-validates-as-email input-primary\" aria-required=\"true\" aria-invalid=\"false\" placeholder=\"Courriel\" value=\"\" type=\"email\" name=\"your-email\" \/><\/span>\n\t\t\t<\/p>\n\t\t<\/div>\n\t<\/div>\n\t<div class=\"form-btn-wrapper\">\n\t\t<p><input class=\"wpcf7-form-control wpcf7-submit has-spinner btn--primary btn--xs\" type=\"submit\" value=\"Send\" \/>\n\t\t<\/p>\n\t<\/div>\n<\/div><input type='hidden' class='wpcf7-pum' value='{\"closepopup\":false,\"closedelay\":0,\"openpopup\":false,\"openpopup_id\":0}' \/><div class=\"wpcf7-response-output\" aria-hidden=\"true\"><\/div>\n<input type=\"hidden\" name=\"trp-form-language\" value=\"en_us\"\/><\/form>\n<\/div>\n<\/div><\/div><\/div><\/section>","protected":false},"excerpt":{"rendered":"","protected":false},"author":5,"featured_media":0,"parent":0,"menu_order":0,"comment_status":"closed","ping_status":"closed","template":"","meta":{"content-type":"","footnotes":""},"class_list":["post-62","page","type-page","status-publish","hentry"],"acf":[],"featured_image_src":null,"featured_image_src_square":null,"_links":{"self":[{"href":"https:\/\/maibec.com\/en_us\/wp-json\/wp\/v2\/pages\/62","targetHints":{"allow":["GET"]}}],"collection":[{"href":"https:\/\/maibec.com\/en_us\/wp-json\/wp\/v2\/pages"}],"about":[{"href":"https:\/\/maibec.com\/en_us\/wp-json\/wp\/v2\/types\/page"}],"author":[{"embeddable":true,"href":"https:\/\/maibec.com\/en_us\/wp-json\/wp\/v2\/users\/5"}],"replies":[{"embeddable":true,"href":"https:\/\/maibec.com\/en_us\/wp-json\/wp\/v2\/comments?post=62"}],"version-history":[{"count":0,"href":"https:\/\/maibec.com\/en_us\/wp-json\/wp\/v2\/pages\/62\/revisions"}],"wp:attachment":[{"href":"https:\/\/maibec.com\/en_us\/wp-json\/wp\/v2\/media?parent=62"}],"curies":[{"name":"wp","href":"https:\/\/api.w.org\/{rel}","templated":true}]}}