{"id":34,"date":"2022-01-18T20:19:22","date_gmt":"2022-01-18T20:19:22","guid":{"rendered":"http:\/\/maibecstg.wpenginepowered.com\/?page_id=34"},"modified":"2025-06-16T15:24:48","modified_gmt":"2025-06-16T19:24:48","slug":"homepage","status":"publish","type":"page","link":"https:\/\/maibec.com\/en_us\/","title":{"rendered":"Maibec | Leader in integrated building siding systems"},"content":{"rendered":"<div id=\"div_block-266-34\" class=\"ct-div-block\" >\n\t\t<div id=\"-carousel-builder-267-34\" class=\"oxy-carousel-builder\" ><div class=\"oxy-carousel-builder_inner oxy-inner-content\" data-prev=\".oxy-carousel-builder_prev\" data-next=\".oxy-carousel-builder_next\" data-contain=\"true\" data-percent=\"true\" data-freescroll=\"false\" data-draggable=\"true\" data-wraparound=\"false\" data-carousel=\".oxy-dynamic-list\" data-cell=\"\" data-dragthreshold=\"3\" data-selectedattraction=\"0.025\" data-friction=\"0.28\" data-freescrollfriction=\"0.075\" data-forceheight=\"false\" data-fade=\"false\" data-tickerpause=\"true\" data-groupcells=\"1\" data-autoplay=\"4000\" data-pauseautoplay=\"true\" data-hash=\"false\" data-initial=\"1\" data-accessibility=\"true\" data-cellalign=\"center\" data-righttoleft=\"false\" data-images-loaded=\"true\" data-pagedots=\"true\" data-trigger-aos=\"false\" data-clickselect=\"false\" data-parallaxbg=\"false\" data-bgspeed=\"5\" data-tick=\"false\" ><div id=\"_dynamic_list-268-34\" class=\"oxy-dynamic-list\"><div id=\"div_block-269-34-1\" class=\"ct-div-block width--full\" data-id=\"div_block-269-34\"><img decoding=\"async\" id=\"image-270-34-1\" alt=\"\" src=\"\" class=\"ct-image\" data-id=\"image-270-34\"><div id=\"div_block-271-34-1\" class=\"ct-div-block pad--xl owl--m\" data-id=\"div_block-271-34\"><h2 id=\"headline-272-34-1\" class=\"ct-headline text--white\" data-id=\"headline-272-34\"><span id=\"span-273-34\" class=\"ct-span\" >Discover our new aluminum products<\/span><\/h2><p id=\"text_block-274-34-1\" class=\"ct-text-block text--white text--m\" data-id=\"text_block-274-34\"><span id=\"span-275-34\" class=\"ct-span\" >Painted and folded Aluminum panels and board from the acquisition of Hurtubise Fa\u00e7ades\u2019s assets.<\/span><\/p><a id=\"link_button-276-34-1\" class=\"ct-link-button btn--primary btn--xs\" href=\"https:\/\/hurtubisefacades.com\/our-products\" target=\"_self\" data-id=\"link_button-276-34\" rel=\"noopener\"><span id=\"span-277-34\" class=\"ct-span\" >Discover<\/span><\/a><\/div><\/div><div id=\"div_block-269-34-2\" class=\"ct-div-block width--full\" data-id=\"div_block-269-34\"><img decoding=\"async\" id=\"image-270-34-2\" alt=\"\" src=\"\" class=\"ct-image\" data-id=\"image-270-34\"><div id=\"div_block-271-34-2\" class=\"ct-div-block pad--xl owl--m\" data-id=\"div_block-271-34\"><h2 id=\"headline-272-34-2\" class=\"ct-headline text--white\" data-id=\"headline-272-34\"><span id=\"span-273-34\" class=\"ct-span\" >Western Red and Alaskan Yellow cedar<\/span><\/h2><p id=\"text_block-274-34-2\" class=\"ct-text-block text--white text--m\" data-id=\"text_block-274-34\"><span id=\"span-275-34\" class=\"ct-span\" >Natural, primed, weathered, or stained, our Stave Lake shingles deliver crisp, rich aesthetics and provide peace of mind.<\/span><\/p><a id=\"link_button-276-34-2\" class=\"ct-link-button btn--primary btn--xs\" href=\"https:\/\/maibec.com\/en_us\/products\/stave-lake\/\" target=\"_self\" data-id=\"link_button-276-34\"><span id=\"span-277-34\" class=\"ct-span\" >Discover<\/span><\/a><\/div><\/div><div id=\"div_block-269-34-3\" class=\"ct-div-block width--full\" data-id=\"div_block-269-34\"><img decoding=\"async\" id=\"image-270-34-3\" alt=\"\" src=\"\" class=\"ct-image\" data-id=\"image-270-34\"><div id=\"div_block-271-34-3\" class=\"ct-div-block pad--xl owl--m\" data-id=\"div_block-271-34\"><h2 id=\"headline-272-34-3\" class=\"ct-headline text--white\" data-id=\"headline-272-34\"><span id=\"span-273-34\" class=\"ct-span\" >Maibec Express Aluminium<\/span><\/h2><p id=\"text_block-274-34-3\" class=\"ct-text-block text--white text--m\" data-id=\"text_block-274-34\"><span id=\"span-275-34\" class=\"ct-span\" >A quicker expedition at an advantageous price for 8 choices of 6&#8221; HD printed aluminum V-Grooved planks<\/span><\/p><a id=\"link_button-276-34-3\" class=\"ct-link-button btn--primary btn--xs\" href=\"https:\/\/dizal.com\/wp-content\/uploads\/2023\/12\/One_Pager_Maibec_Express_Aluminium_EN_Nov2023_web.pdf\" target=\"_self\" data-id=\"link_button-276-34\" rel=\"noopener\"><span id=\"span-277-34\" class=\"ct-span\" >Discover<\/span><\/a><\/div><\/div><\/div>\n<\/div><\/div>\n\n\t\t<\/div><link rel='stylesheet' id='oxygen-unslider-css'  href='https:\/\/maibec.com\/wp-content\/plugins\/oxygen\/component-framework\/vendor\/unslider\/unslider.css' type='text\/css' media='all'\/><div id=\"slider-815-34\" class=\"ct-slider ct_unique_slider_7521\" ><div class=\"oxygen-unslider-container\"><ul><li><div id=\"slide-1499-34\" class=\"ct-slide\" ><section id=\"section-1500-34\" class=\"ct-section section-carrousel-active owl--l\" style=\"background-image:url(https:\/\/maibec.com\/wp-content\/uploads\/2024\/03\/Carrousselle-1356x586-px_Stave-Lake_Envoi-1.jpg);background-size: cover;\" ><div class=\"ct-section-inner-wrap\"><h1 id=\"headline-1501-34\" class=\"ct-headline heading-carrousel text--white\">Western Red and Alaskan Yellow cedar<\/h1><div id=\"text_block-1502-34\" class=\"ct-text-block text-carrousel text--white\" >Natural, primed, weathered, or stained, our Stave Lake shingles deliver crisp, rich aesthetics and provide peace of mind.<\/div><a id=\"link_button-1503-34\" class=\"ct-link-button btn--primary btn--xs\" href=\"\/en_us\/products\/stave-lake\/\" target=\"_self\"  >Discover<\/a><\/div><\/section><\/div><\/li><li><div id=\"slide-1491-34\" class=\"ct-slide\" ><section id=\"section-1492-34\" class=\"ct-section section-carrousel-active owl--l\" style=\"background-image:url(https:\/\/maibec.com\/wp-content\/uploads\/2024\/03\/Carrousselle-1356x586-px_Maibec-Alum-Hurt_Envoi-1.jpg);background-size: cover;\" ><div class=\"ct-section-inner-wrap\"><h1 id=\"headline-1493-34\" class=\"ct-headline heading-carrousel text--white\">Discover our new aluminum products<\/h1><div id=\"text_block-1494-34\" class=\"ct-text-block text-carrousel text--white\" >Painted and folded Aluminum panels and board from the acquisition of Hurtubise Fa\u00e7ades\u2019s assets.<\/div><a id=\"link_button-1495-34\" class=\"ct-link-button btn--primary btn--xs\" href=\"https:\/\/hurtubisefacades.com\/our-products\" target=\"_self\" rel=\"noopener\">Discover<\/a><\/div><\/section><\/div><\/li><li><div id=\"slide-1507-34\" class=\"ct-slide\" ><section id=\"section-1508-34\" class=\"ct-section section-carrousel-active owl--l\" style=\"background-image:url(https:\/\/maibec.com\/wp-content\/uploads\/2024\/03\/Carrousselle-1356x586-px_Maibec-Alum-Express_3.jpg);background-size: cover;\" ><div class=\"ct-section-inner-wrap\"><h1 id=\"headline-1509-34\" class=\"ct-headline heading-carrousel text--white\">Maibec Express Aluminium<\/h1><div id=\"text_block-1510-34\" class=\"ct-text-block text-carrousel text--white\" >A quicker expedition at an advantageous price for 8 choices of 6&#8221; HD printed aluminum V-Grooved planks<\/div><a id=\"link_button-1511-34\" class=\"ct-link-button btn--primary btn--xs\" href=\"https:\/\/dizal.com\/wp-content\/uploads\/2023\/12\/One_Pager_Maibec_Express_Aluminium_EN_Nov2023_web.pdf\" target=\"_self\" rel=\"noopener\">Discover<\/a><\/div><\/section><\/div><\/li><\/ul><\/div><\/div><script class=\"ct-slider-script\">jQuery(document).ready(function($){$('#slider-815-34.ct_unique_slider_7521 .oxygen-unslider-container:not(.unslider-horizontal,.unslider-fade)').unslider({autoplay: true, delay: 5000, animation: 'horizontal', speed : 750, arrows: false, nav: true, infinite: false})});<\/script><link rel='stylesheet' id='oxygen-unslider-css'  href='https:\/\/maibec.com\/wp-content\/plugins\/oxygen\/component-framework\/vendor\/unslider\/unslider.css' type='text\/css' media='all'\/><div id=\"slider-907-34\" class=\"ct-slider ct_unique_slider_5912\" ><div class=\"oxygen-unslider-container\"><ul><li><div id=\"slide-913-34\" class=\"ct-slide\" ><section id=\"section-914-34\" class=\"ct-section section-carrousel-active owl--l\" style=\"background-image:url(https:\/\/maibec.com\/wp-content\/uploads\/2024\/03\/Carrousselle-1356x586-px_Stave-Lake_Envoi-1.jpg);background-size: cover;\" ><div class=\"ct-section-inner-wrap\"><h1 id=\"headline-915-34\" class=\"ct-headline heading-carrousel text--white\">Western Red and Alaskan Yellow cedar<\/h1><div id=\"text_block-916-34\" class=\"ct-text-block text-carrousel text--white\" >Natural, primed, weathered, or stained, our Stave Lake shingles deliver crisp, rich aesthetics and provide peace of mind.<\/div><a id=\"link_button-917-34\" class=\"ct-link-button btn--primary btn--xs\" href=\"\/en_us\/products\/stave-lake\/\" target=\"_self\"  >Discover<\/a><\/div><\/section><\/div><\/li><li><div id=\"slide-908-34\" class=\"ct-slide\" ><section id=\"section-909-34\" class=\"ct-section section-carrousel-active owl--l\" style=\"background-image:url(https:\/\/maibec.com\/wp-content\/uploads\/2024\/03\/Carrousselle-1356x586-px_Maibec-Alum-Hurt_Envoi-1.jpg);background-size: cover;\" ><div class=\"ct-section-inner-wrap\"><h1 id=\"headline-910-34\" class=\"ct-headline heading-carrousel text--white\">Discover our new aluminum products<\/h1><div id=\"text_block-911-34\" class=\"ct-text-block text--white text-carrousel\" >Painted and folded Aluminum panels and board from the acquisition of Hurtubise Fa\u00e7ades\u2019s assets.<\/div><a id=\"link_button-912-34\" class=\"ct-link-button btn--primary btn--xs\" href=\"https:\/\/hurtubisefacades.com\/our-products\" target=\"_self\" rel=\"noopener\">Discover<\/a><\/div><\/section><\/div><\/li><li><div id=\"slide-918-34\" class=\"ct-slide\" ><section id=\"section-919-34\" class=\"ct-section section-carrousel-active owl--l\" style=\"background-image:url(https:\/\/maibec.com\/wp-content\/uploads\/2024\/03\/Carrousselle-1356x586-px_Maibec-Alum-Express_3.jpg);background-size: cover;\" ><div class=\"ct-section-inner-wrap\"><h1 id=\"headline-920-34\" class=\"ct-headline heading-carrousel text--white\">Maibec Express Aluminium<\/h1><div id=\"text_block-921-34\" class=\"ct-text-block text--white text-carrousel\" >A quicker expedition at an advantageous price for 8 choices of 6&#8221; HD printed aluminum V-Grooved planks<\/div><a id=\"link_button-922-34\" class=\"ct-link-button btn--primary btn--xs\" href=\"https:\/\/dizal.com\/wp-content\/uploads\/2023\/12\/One_Pager_Maibec_Express_Aluminium_EN_Nov2023_web.pdf\" target=\"_self\" rel=\"noopener\">Discover<\/a><\/div><\/section><\/div><\/li><\/ul><\/div><\/div><script class=\"ct-slider-script\">jQuery(document).ready(function($){$('#slider-907-34.ct_unique_slider_5912 .oxygen-unslider-container:not(.unslider-horizontal,.unslider-fade)').unslider({autoplay: true, delay: 5000, animation: 'horizontal', speed : 750, arrows: false, nav: true, infinite: false})});<\/script><section id=\"section-1207-34\" class=\"oxy-video-background ct-section\" ><div class='oxy-video-container'><video autoplay loop playsinline muted><source src='https:\/\/maibec.com\/wp-content\/uploads\/2025\/05\/video-intro-v3_1.mp4'><\/video><div class='oxy-video-overlay'><\/div><\/div><div class=\"ct-section-inner-wrap\"><\/div><\/section><section id=\"section-51-34\" class=\"ct-section bg--accent owl--xl\" ><div class=\"ct-section-inner-wrap\"><div id=\"div_block-53-34\" class=\"ct-div-block owl--m\" ><img decoding=\"async\"  id=\"image-659-34\" alt=\"\" src=\"https:\/\/maibec.com\/wp-content\/uploads\/2022\/04\/souris.png\" class=\"ct-image\"\/><h1 id=\"headline-52-34\" class=\"ct-headline titre-secondaire-h1\">Maibec | Leader in integrated building siding systems<\/h1><h4 id=\"headline-658-34\" class=\"ct-headline\">Maibec. Often imitated. Never duplicated.<\/h4><div id=\"text_block-55-34\" class=\"ct-text-block text--s text--base\" >Maibec s\u2019impose comme une r\u00e9f\u00e9rence nord-am\u00e9ricaine en mati\u00e8re de syst\u00e8mes int\u00e9gr\u00e9s de rev\u00eatement de b\u00e2timents. Nous proposons des solutions compl\u00e8tes, innovantes et compl\u00e9mentaires s&#8217;articulant toujours autour d\u2019un rev\u00eatement de qualit\u00e9 sup\u00e9rieure et \u00e9prouv\u00e9.<\/div><\/div><div id=\"div_block-66-34\" class=\"ct-div-block\" ><div id=\"div_block-89-34\" class=\"ct-div-block\" ><div id=\"div_block-90-34\" class=\"ct-div-block owl--m\" ><h3 id=\"headline-91-34\" class=\"ct-headline\">Solutions for professionals<\/h3><div id=\"text_block-92-34\" class=\"ct-text-block text--s text--base\" >Maibec is with you every step of the way. For samples, advice or inspiration, there are many resources available for you to consult<br><br><\/div><a id=\"link_button-93-34\" class=\"ct-link-button btn--primary btn--xs\" href=\"http:\/\/\" target=\"_self\"  >Order Red Cedar shingles<\/a><\/div><\/div><div id=\"div_block-110-34\" class=\"ct-div-block\" ><div id=\"div_block-111-34\" class=\"ct-div-block owl--m\" ><h3 id=\"headline-112-34\" class=\"ct-headline\">Solutions for professionals<\/h3><div id=\"text_block-113-34\" class=\"ct-text-block text--s text--base\" >Maibec is with you every step of the way. For samples, advice or inspiration, there are many resources available for you to consult<br><br><\/div><a id=\"link_button-114-34\" class=\"ct-link-button btn--primary btn--xs\" href=\"http:\/\/\" target=\"_self\"  >Order Red Cedar shingles<\/a><\/div><\/div><\/div><\/div><\/section><section id=\"section-1375-34\" class=\"ct-section bg--accent owl--xl\" ><div class=\"ct-section-inner-wrap\"><div id=\"div_block-1376-34\" class=\"ct-div-block owl--m\" ><a id=\"link-1397-34\" class=\"ct-link\" href=\"https:\/\/archi.maibec.com\/en-us\/\" target=\"_self\"><img decoding=\"async\"  id=\"image-1398-34\" alt=\"\" src=\"https:\/\/maibec.com\/wp-content\/uploads\/2025\/03\/BannWeb-Alu_1275-x-400-px_EN-scaled.jpg\" class=\"ct-image\"\/><\/a><\/div><div id=\"div_block-1383-34\" class=\"ct-div-block\" ><div id=\"div_block-1384-34\" class=\"ct-div-block\" ><div id=\"div_block-1385-34\" class=\"ct-div-block owl--m\" ><h3 id=\"headline-1386-34\" class=\"ct-headline\">Solutions for professionals<\/h3><div id=\"text_block-1387-34\" class=\"ct-text-block text--s text--base\" >Maibec is with you every step of the way. For samples, advice or inspiration, there are many resources available for you to consult<br><br><\/div><a id=\"link_button-1388-34\" class=\"ct-link-button btn--primary btn--xs\" href=\"http:\/\/\" target=\"_self\"  >Order Red Cedar shingles<\/a><\/div><\/div><div id=\"div_block-1389-34\" class=\"ct-div-block\" ><div id=\"div_block-1390-34\" class=\"ct-div-block owl--m\" ><h3 id=\"headline-1391-34\" class=\"ct-headline\">Solutions for professionals<\/h3><div id=\"text_block-1392-34\" class=\"ct-text-block text--s text--base\" >Maibec is with you every step of the way. For samples, advice or inspiration, there are many resources available for you to consult<br><br><\/div><a id=\"link_button-1393-34\" class=\"ct-link-button btn--primary btn--xs\" href=\"http:\/\/\" target=\"_self\"  >Order Red Cedar shingles<\/a><\/div><\/div><\/div><\/div><\/section><section id=\"section-349-34\" class=\"ct-section bg--secondary\" ><div class=\"ct-section-inner-wrap\"><div id=\"div_block-450-34\" class=\"ct-div-block\" ><div id=\"div_block-638-34\" class=\"ct-div-block Card-home-icone owl--s\" ><img decoding=\"async\"  id=\"image-639-34\" alt=\"\" src=\"https:\/\/maibec.com\/wp-content\/uploads\/2022\/04\/MAI-22-25-icone-Portfolio_Portfolio.png\" class=\"ct-image image-home-icone\"\/><h4 id=\"headline-640-34\" class=\"ct-headline text-card-home text--s\">Inspiration<\/h4><a id=\"link_button-641-34\" class=\"ct-link-button btn--primary btn-home-icone\" href=\"\/en_us\/resources\/portfolio\/\" target=\"_self\"  >Let us guide you<\/a><\/div><div id=\"div_block-1798-34\" class=\"ct-div-block Card-home-icone owl--s\" ><img decoding=\"async\"  id=\"image-1799-34\" alt=\"\" src=\"https:\/\/maibec.com\/wp-content\/uploads\/2025\/08\/MAI-22-36-Icones_Maibec_Express.png\" class=\"ct-image image-home-icone\"\/><h4 id=\"headline-1800-34\" class=\"ct-headline text-card-home text--s\">Maibec Express.<\/h4><a id=\"link_button-1801-34\" class=\"ct-link-button btn--primary btn-home-icone\" href=\"\/en_us\/maibec-express\/\" target=\"_self\"  >D\u00e9couvrez le programme<\/a><\/div><div id=\"div_block-642-34\" class=\"ct-div-block Card-home-icone owl--s\" ><img decoding=\"async\"  id=\"image-643-34\" alt=\"\" src=\"https:\/\/maibec.com\/wp-content\/uploads\/2022\/04\/MAI-22-25-icone-MaibecDesigner_MaibecDesigner.png\" class=\"ct-image image-home-icone\"\/><h4 id=\"headline-644-34\" class=\"ct-headline text--s text-card-home\">Maibec Designer<\/h4><a id=\"link_button-645-34\" class=\"ct-link-button btn--primary btn-home-icone\" href=\"https:\/\/designer.maibec.com\/?lang=us\" target=\"_self\">Create your dream project<\/a><\/div><div id=\"div_block-1122-34\" class=\"ct-div-block Card-home-icone owl--s\" ><img decoding=\"async\"  id=\"image-1123-34\" alt=\"\" src=\"https:\/\/maibec.com\/wp-content\/uploads\/2022\/12\/Logo-MaibecExpress-RGB.png\" class=\"ct-image image-home-icone\"\/><h1 id=\"headline-1124-34\" class=\"ct-headline text--s text-card-home\">Program <br>Maibec Express.<\/h1><a id=\"link_button-1125-34\" class=\"ct-link-button btn--primary btn-home-icone\" href=\"https:\/\/maibec.com\/en_us\/maibec-express\/\" target=\"_self\">Discover now<\/a><\/div><div id=\"div_block-650-34\" class=\"ct-div-block Card-home-icone owl--s\" ><img decoding=\"async\"  id=\"image-651-34\" alt=\"\" src=\"https:\/\/maibec.com\/wp-content\/uploads\/2022\/04\/MAI-22-25-icone-OrderSample_Order-Sample.png\" class=\"ct-image image-home-icone\"\/><h4 id=\"headline-652-34\" class=\"ct-headline text--s text-card-home\">Samples<\/h4><a id=\"link_button-653-34\" class=\"ct-link-button btn--primary btn-home-icone\" href=\"\/en_us\/resources\/our-samples\/\" target=\"_self\"  >View our products<\/a><\/div><div id=\"div_block-654-34\" class=\"ct-div-block Card-home-icone owl--s\" ><img decoding=\"async\"  id=\"image-655-34\" alt=\"\" src=\"https:\/\/maibec.com\/wp-content\/uploads\/2022\/04\/MAI-22-25-icone-Detaillants_Detaillants.png\" class=\"ct-image image-home-icone\"\/><h4 id=\"headline-656-34\" class=\"ct-headline text--s text-card-home\">Ready to order?<\/h4><a id=\"link_button-657-34\" class=\"ct-link-button btn--primary btn-home-icone\" href=\"https:\/\/maibec.my.site.com\/Locator\/s\/dealers-en-us\" target=\"_self\" rel=\"noopener\">Find a dealer<\/a><\/div><\/div><\/div><\/section><div id=\"div_block-189-34\" class=\"ct-div-block\" ><img decoding=\"async\"  id=\"image-116-34\" alt=\"\" src=\"https:\/\/maibec.com\/wp-content\/uploads\/2022\/01\/greenwich-connecticut-1-dji-0626-scaled.jpeg\" class=\"ct-image rellax\" data-rellax-speed=\"3\"\/><\/div><section id=\"section-117-34\" class=\"ct-section bg--secondary owl--xxl\" ><div class=\"ct-section-inner-wrap\"><div id=\"div_block-118-34\" class=\"ct-div-block\" ><h2 id=\"headline-119-34\" class=\"ct-headline titre-secondaire\">Discover our products<\/h2><p id=\"text_block-120-34\" class=\"ct-text-block text--base text--s\" >Nous avons le produit qu&#8217;il vous faut pour r\u00e9aliser vos projets, qu\u2019il s\u2019agisse de nos produits de bois v\u00e9ritable r\u00e9put\u00e9s depuis plus de 40 ans, mat\u00e9riaux d\u2019ing\u00e9nierie, accessoires harmonis\u00e9s, solutions d\u2019assemblage innovantes ou teintures.<\/p><\/div><div id=\"div_block-226-34\" class=\"ct-div-block\" ><div id=\"div_block-242-34\" class=\"ct-div-block center--all owl--s card-overlap-image-shadow pad--m bg--white\" ><img decoding=\"async\"  id=\"image-243-34\" alt=\"\" src=\"https:\/\/maibec.com\/wp-content\/uploads\/2022\/03\/Maibec-Bardeau.jpg\" class=\"ct-image image-overlap-card\"\/><h4 id=\"headline-244-34\" class=\"ct-headline\">Genuine wood shingles<\/h4><p id=\"text_block-245-34\" class=\"ct-text-block text--xs\" >Naturally durable, our shingles enhance the classic character of your home while also blending harmoniously with other materials for a contemporary design.<\/p><a id=\"link_button-246-34\" class=\"ct-link-button btn--primary btn--xs\" href=\"https:\/\/maibec.com\/en_us\/genuine-wood-shingles\/\" target=\"_self\">Discover our shingles<\/a><\/div><div id=\"div_block-1680-34\" class=\"ct-div-block center--all owl--s card-overlap-image-shadow pad--m bg--white\" ><img decoding=\"async\"  id=\"image-1681-34\" alt=\"\" src=\"https:\/\/maibec.com\/wp-content\/uploads\/2022\/03\/Maibec-CanExel.jpg\" class=\"ct-image image-overlap-card\"\/><h4 id=\"headline-1682-34\" class=\"ct-headline\">Maibec CanExel\u2122 engineered siding<\/h4><p id=\"text_block-1683-34\" class=\"ct-text-block text--xs\" >Siding with a timeless, authentic wood look -and decades of long-lasting durability.<\/p><a id=\"link_button-1684-34\" class=\"ct-link-button btn--primary btn--xs\" href=\"https:\/\/maibec.com\/en_us\/canexel-engineered-siding\/\" target=\"_self\">Discover Maibec CanExel\u2122<\/a><\/div><\/div><\/div><\/section><section id=\"section-166-34\" class=\"ct-section\" ><div class=\"ct-section-inner-wrap\"><div id=\"div_block-167-34\" class=\"ct-div-block owl--l\" ><h3 id=\"headline-168-34\" class=\"ct-headline text--white\">Careers<\/h3><p id=\"text_block-169-34\" class=\"ct-text-block text--s text--white\" >Recognized as an employer of choice throughout the regions where it operates, Maibec offers a dynamic environment that ensures the professional and human development of its team members. <\/p><a id=\"link_button-170-34\" class=\"ct-link-button btn--primary btn--xs\" href=\"https:\/\/maibec.com\/en_us\/careers\/\" target=\"_self\">Discover it for yourself!<\/a><\/div><div id=\"div_block-171-34\" class=\"ct-div-block\" ><img decoding=\"async\"  id=\"image-172-34\" alt=\"\" src=\"https:\/\/maibec.com\/wp-content\/uploads\/2022\/03\/carriere-1.jpg\" class=\"ct-image image-classic\"\/><\/div><\/div><\/section><div id=\"code_block-190-34\" class=\"ct-code-block\" ><script src=\"https:\/\/cdnjs.cloudflare.com\/ajax\/libs\/rellax\/1.12.1\/rellax.min.js\" integrity=\"sha512-f5HTYZYTDZelxS7LEQYv8ppMHTZ6JJWglzeQmr0CVTS70vJgaJiIO15ALqI7bhsracojbXkezUIL+35UXwwGrQ==\" crossorigin=\"anonymous\" referrerpolicy=\"no-referrer\"><\/script>\n<\/div>","protected":false},"excerpt":{"rendered":"","protected":false},"author":5,"featured_media":0,"parent":0,"menu_order":0,"comment_status":"closed","ping_status":"closed","template":"","meta":{"content-type":"","footnotes":""},"class_list":["post-34","page","type-page","status-publish","hentry"],"acf":[],"featured_image_src":null,"featured_image_src_square":null,"_links":{"self":[{"href":"https:\/\/maibec.com\/en_us\/wp-json\/wp\/v2\/pages\/34","targetHints":{"allow":["GET"]}}],"collection":[{"href":"https:\/\/maibec.com\/en_us\/wp-json\/wp\/v2\/pages"}],"about":[{"href":"https:\/\/maibec.com\/en_us\/wp-json\/wp\/v2\/types\/page"}],"author":[{"embeddable":true,"href":"https:\/\/maibec.com\/en_us\/wp-json\/wp\/v2\/users\/5"}],"replies":[{"embeddable":true,"href":"https:\/\/maibec.com\/en_us\/wp-json\/wp\/v2\/comments?post=34"}],"version-history":[{"count":0,"href":"https:\/\/maibec.com\/en_us\/wp-json\/wp\/v2\/pages\/34\/revisions"}],"wp:attachment":[{"href":"https:\/\/maibec.com\/en_us\/wp-json\/wp\/v2\/media?parent=34"}],"curies":[{"name":"wp","href":"https:\/\/api.w.org\/{rel}","templated":true}]}}