{"id":261,"date":"2022-01-26T19:16:31","date_gmt":"2022-01-26T19:16:31","guid":{"rendered":"http:\/\/maibecstg.wpenginepowered.com\/?page_id=261"},"modified":"2023-11-23T14:03:24","modified_gmt":"2023-11-23T19:03:24","slug":"quality","status":"publish","type":"page","link":"https:\/\/maibec.com\/en_us\/a-propos\/qualite\/","title":{"rendered":"Quality"},"content":{"rendered":"<section id=\"section-1-261\" class=\"ct-section hero-section\" ><div class=\"ct-section-inner-wrap\"><img decoding=\"async\"  id=\"image-2-261\" alt=\"\" src=\"https:\/\/maibec.com\/wp-content\/uploads\/2022\/01\/qualite-lambris-1-1.jpg\" class=\"ct-image hero-section-image\"\/><div id=\"div_block-3-261\" class=\"ct-div-block hero-content owl--l\" ><h2 id=\"headline-5-261\" class=\"ct-headline text--xl text--white\">Maibec Quality<br><\/h2><div id=\"text_block-6-261\" class=\"ct-text-block text--white\" >Beauty is more than skin deep<br><\/div><\/div><\/div><\/section><section id=\"section-10-261\" class=\"ct-section bg--accent\" ><div class=\"ct-section-inner-wrap\"><div id=\"div_block-15-261\" class=\"ct-div-block\" ><h1 id=\"headline-11-261\" class=\"ct-headline\">Maibec Quality<\/h1><p id=\"text_block-13-261\" class=\"ct-text-block\" >Maibec s\u2019impose comme une r\u00e9f\u00e9rence nord-am\u00e9ricaine en mati\u00e8re de syst\u00e8mes int\u00e9gr\u00e9s de rev\u00eatement de b\u00e2timents. Qu\u2019il s\u2019agisse de nos produits de bois v\u00e9ritable r\u00e9put\u00e9s depuis plus de 40 ans, mat\u00e9riaux d\u2019ing\u00e9nierie, accessoires harmonis\u00e9s, solutions d\u2019assemblage innovantes ou teintures dont nous ma\u00eetrisons parfaitement l&#8217;application, Maibec vous propose une gamme compl\u00e8te et compl\u00e9mentaire s&#8217;articulant autour de notre rev\u00eatement de qualit\u00e9 sup\u00e9rieure et \u00e9prouv\u00e9e.<br><br>Our almost infinite customization options, proactive customer service and credible warranties are also a part of the Maibec experience throughout every phase and aspect of your project. For you, this means a rich and timeless design that\u2019s not only in line with architectural trends, but that also contributes to the value of your investment and to your peace of mind.<\/p><\/div><\/div><\/section><section id=\"section-16-261\" class=\"ct-section bg--accent\" ><div class=\"ct-section-inner-wrap\">\n\t\t<div id=\"-pro-accordion-177-261\" class=\"oxy-pro-accordion FAQ_dropdown\" ><div class=\"oxy-pro-accordion_inner\" data-icon=\"animate\" data-expand=\"400\" data-repeater=\"disable\" data-repeater-first=\"false\" data-acf=\"closed\" data-type=\"manual\" data-disablesibling=\"true\">\n              <div class=\"oxy-pro-accordion_item\" data-init=\"closed\"><button  id=\"header-pro-accordion-177-261\" class=\"oxy-pro-accordion_header\" aria-expanded=\"false\" aria-controls=\"body-pro-accordion-177-261\"><span class=\"oxy-pro-accordion_title-area\"><h4 class=\"oxy-pro-accordion_title\">Shingle quality<\/h4><span class=\"oxy-pro-accordion_subtitle\"><\/span><\/span><span class=\"oxy-pro-accordion_icon oxy-pro-accordion_icon-animate\"><svg id=\"toggle-pro-accordion-177-261\" class=\"oxy-pro-accordion_toggle-icon\"><use xlink:href=\"#FontAwesomeicon-sort-asc\"><\/use><\/svg><\/span><\/button><div id=\"body-pro-accordion-177-261\" class=\"oxy-pro-accordion_body\" aria-labelledby=\"header-pro-accordion-177-261\" role=\"region\"><div class=\"oxy-pro-accordion_content oxy-inner-content\"><div id=\"div_block-178-261\" class=\"ct-div-block owl--xl\" ><div id=\"div_block-179-261\" class=\"ct-div-block\" ><div id=\"text_block-180-261\" class=\"ct-text-block text--s\" >Quality from every angle.\u00a0Maibec's cedar shingles are the industry benchmark for quality. This reputation is the result of our unique know-how and rigorous quality controls at every stage of the manufacturing process.<\/div><\/div><div id=\"div_block-181-261\" class=\"ct-div-block\" ><div id=\"div_block-182-261\" class=\"ct-div-block owl--m\" ><h3 id=\"headline-183-261\" class=\"ct-headline\">Only the finest raw materials<\/h3><div id=\"text_block-184-261\" class=\"ct-text-block text--s\" >From raw material selection to the final product, Maibec manages all activities in producing its exterior siding, allowing us to use 100% of each tree\u2019s potential. Every shingle results from a rigorous selection and manufacturing process guided by the strictest quality standards. Only the best of every tree goes into our shingles, ensuring the utmost responsible use of resources as a whole.<br><\/div><\/div><div id=\"div_block-185-261\" class=\"ct-div-block\" ><img decoding=\"async\"  id=\"image-186-261\" alt=\"\" src=\"https:\/\/maibec.com\/wp-content\/uploads\/2022\/02\/matiere-premiere.jpg\" class=\"ct-image\"\/><\/div><\/div><div id=\"div_block-187-261\" class=\"ct-div-block\" ><div id=\"div_block-188-261\" class=\"ct-div-block\" ><img decoding=\"async\"  id=\"image-201-261\" alt=\"\" src=\"https:\/\/maibec.com\/wp-content\/uploads\/2022\/02\/coupe-qualite.jpg\" class=\"ct-image\"\/><\/div><div id=\"div_block-190-261\" class=\"ct-div-block owl--m order--first-m\" ><h3 id=\"headline-191-261\" class=\"ct-headline\">Better cuts mean better grades<br><\/h3><div id=\"text_block-192-261\" class=\"ct-text-block text--s\" >Maibec shingles are famous for their consistent surface finish and uniform angle cuts. Every Maibec shingle is individually cut and graded according to our strict quality standards. Only equipment maintained at peak performance and operated by experienced specialists can achieve this high precision and consistency essential for picture-perfect installations.<\/div><\/div><\/div><div id=\"div_block-193-261\" class=\"ct-div-block\" ><div id=\"div_block-194-261\" class=\"ct-div-block owl--m\" ><h3 id=\"headline-195-261\" class=\"ct-headline\">Perfectly squared at 90 degrees<\/h3><div id=\"text_block-196-261\" class=\"ct-text-block text--s\" >To ensure quick and easy installation, we rely on laser control measurements to guarantee squaring consistency. And only those shingles that form perfect right angles at the base are allowed to bear the Maibec name. As a pioneer in squaring and rebutting, Maibec was the first in North America to offer such consistent quality. That\u2019s why Maibec has been the preferred shingle of installers for decades.<\/div><\/div><\/div><div id=\"div_block-199-261\" class=\"ct-div-block\" ><div id=\"div_block-200-261\" class=\"ct-div-block\" ><img decoding=\"async\"  id=\"image-287-261\" alt=\"\" src=\"https:\/\/maibec.com\/wp-content\/uploads\/2022\/02\/sechage-ideal.jpg\" class=\"ct-image\"\/><\/div><div id=\"div_block-202-261\" class=\"ct-div-block owl--m order--first-m\" ><h3 id=\"headline-203-261\" class=\"ct-headline\">Ideal drying for ideal shingle staining<\/h3><div id=\"text_block-204-261\" class=\"ct-text-block text--s\" >Our controlled drying process relies on an advanced technique that we have perfected over the decades. Shingles are carefully controlled before and after drying and brought to the ideal moisture content level for optimal stability and stain adherence.<\/div><\/div><\/div><div id=\"div_block-267-261\" class=\"ct-div-block\" ><div id=\"div_block-268-261\" class=\"ct-div-block owl--m\" ><h3 id=\"headline-269-261\" class=\"ct-headline\">Factory-applied stain<\/h3><div id=\"text_block-270-261\" class=\"ct-text-block text--s\" >Bar none, the best process in the industry. Every Maibec stain is carefully developed in close partnership with top stain manufacturers according to our own factory application process and the inherent properties of the wood we work with. Extreme condition testing guides us in the development of stains that offer protection against the harmful effects of the sun, inclement weather and the natural environment. To ensure the wood is entirely sealed, stain is applied to all six faces of the shingle in a highly controlled environment. The stained shingles are then dried in a high-intensity kiln to ensure optimal stain adhesion and durability.<\/div><\/div><\/div><div id=\"div_block-279-261\" class=\"ct-div-block\" ><div id=\"div_block-280-261\" class=\"ct-div-block\" ><img decoding=\"async\"  id=\"image-281-261\" alt=\"\" src=\"https:\/\/maibec.com\/wp-content\/uploads\/2022\/02\/experience.jpg\" class=\"ct-image\"\/><\/div><div id=\"div_block-282-261\" class=\"ct-div-block owl--m order--first-m\" ><h3 id=\"headline-283-261\" class=\"ct-headline\">Quality control built on 40+ years of experience<\/h3><div id=\"text_block-284-261\" class=\"ct-text-block text--s\" >\"Maibec shingles are manufactured according to compliance controls that combine the industry\u2019s best practices and the know-how of our seasoned specialists. From selecting raw materials to packaging the final product, every step in the process is controlled, from the width and thickness of shingles to their colour and the quality of the stain application. Even the temperature that\u2019s used to dry our shingles is carefully regulated. Quality from every angle, giving you total peace of mind.\n\"<\/div><\/div><\/div><\/div><\/div><\/div><\/div><\/div><\/div>\n\n\t\t<\/div><\/section>","protected":false},"excerpt":{"rendered":"","protected":false},"author":5,"featured_media":0,"parent":196,"menu_order":0,"comment_status":"closed","ping_status":"closed","template":"","meta":{"content-type":"","footnotes":""},"class_list":["post-261","page","type-page","status-publish","hentry"],"acf":[],"featured_image_src":null,"featured_image_src_square":null,"_links":{"self":[{"href":"https:\/\/maibec.com\/en_us\/wp-json\/wp\/v2\/pages\/261","targetHints":{"allow":["GET"]}}],"collection":[{"href":"https:\/\/maibec.com\/en_us\/wp-json\/wp\/v2\/pages"}],"about":[{"href":"https:\/\/maibec.com\/en_us\/wp-json\/wp\/v2\/types\/page"}],"author":[{"embeddable":true,"href":"https:\/\/maibec.com\/en_us\/wp-json\/wp\/v2\/users\/5"}],"replies":[{"embeddable":true,"href":"https:\/\/maibec.com\/en_us\/wp-json\/wp\/v2\/comments?post=261"}],"version-history":[{"count":0,"href":"https:\/\/maibec.com\/en_us\/wp-json\/wp\/v2\/pages\/261\/revisions"}],"up":[{"embeddable":true,"href":"https:\/\/maibec.com\/en_us\/wp-json\/wp\/v2\/pages\/196"}],"wp:attachment":[{"href":"https:\/\/maibec.com\/en_us\/wp-json\/wp\/v2\/media?parent=261"}],"curies":[{"name":"wp","href":"https:\/\/api.w.org\/{rel}","templated":true}]}}