{"id":196,"date":"2022-01-20T23:41:00","date_gmt":"2022-01-20T23:41:00","guid":{"rendered":"http:\/\/maibecstg.wpenginepowered.com\/?page_id=196"},"modified":"2025-07-07T14:28:25","modified_gmt":"2025-07-07T18:28:25","slug":"about-us","status":"publish","type":"page","link":"https:\/\/maibec.com\/en_us\/a-propos\/","title":{"rendered":"\u00c0 Propos"},"content":{"rendered":"<section id=\"section-1-196\" class=\"ct-section hero-section\" ><div class=\"ct-section-inner-wrap\"><img decoding=\"async\"  id=\"image-2-196\" alt=\"\" src=\"https:\/\/maibec.com\/wp-content\/uploads\/2022\/01\/pile-beam2-1-1.jpg\" class=\"ct-image hero-section-image\"\/><div id=\"div_block-3-196\" class=\"ct-div-block hero-content owl--l\" ><h2 id=\"headline-5-196\" class=\"ct-headline text--xl text--white\">News<br><\/h2><div id=\"text_block-6-196\" class=\"ct-text-block text--white text--m\" >Browse our News section to see our latest announcements.<br><\/div><a id=\"link_button-7-196\" class=\"ct-link-button btn--primary btn--xs\" href=\"https:\/\/maibec.com\/en_us\/about-us\/nouvelles\/\" target=\"_self\"  >Check our latest news<\/a><\/div><\/div><\/section><section id=\"section-8-196\" class=\"ct-section bg--accent owl--m\" ><div class=\"ct-section-inner-wrap\"><h1 id=\"headline-9-196\" class=\"ct-headline\">Maibec \u2013 Siding System Specialist<\/h1><div id=\"_rich_text-11-196\" class=\"oxy-rich-text text--s\" ><p>Manufacturier de bois d&#8217;&oelig;uvre &agrave; l&#8217;origine, l&#8217;entreprise familiale se concentre aujourd&rsquo;hui sur la production et la mise en march&eacute; de syst&egrave;mes de rev&ecirc;tement ext&eacute;rieur.<\/p>\n<p>Le rev&ecirc;tement de bois v&eacute;ritable Maibec, qu&#8217;il soit sous la forme de lambris, de bardeau ou de moulures, est l&#8217;expression de notre capacit&eacute; reconnue &agrave; r&eacute;v&eacute;ler tout le potentiel des qualit&eacute;s naturelles et intrins&egrave;ques de l&rsquo;arbre. Riche et chaleureux, il signe votre pr&eacute;f&eacute;rence pour l&rsquo;authenticit&eacute; tout en exprimant vos convictions en mati&egrave;re de qualit&eacute; durable et de mat&eacute;riaux en harmonie avec le respect de l&rsquo;environnement, peu importe le style architectural.<\/p>\n<p>For over 40 years, Maibec Canexel<sup style=\"font-size: 12px;\">MC<\/sup> prefinished siding has been renowned for its enduring beauty. Whether it replicates cedar or Dutch lap siding, it always has the gorgeous appearance of authentic wood grain, and it is very durable. Easy to install vertically or horizontally (depending on the model) and simple to maintain. Its strength is optimized with Maibec\u2019s proven paint application process.<\/p>\n<p>Maibec Acenta<sup><sup style=\"font-size: 12px;\">MC<\/sup><\/sup> est un syst&egrave;me de pierre &agrave; visser. Ce produit est id&eacute;al pour rehaussser le caract&egrave;re de votre demeure. L&#8217;installation se fait par tout menuisier d&eacute;j&agrave; connaissant des syst&egrave;mes de rev&ecirc;tement ext&eacute;rieur. Le choix de mod&egrave;les et de couleurs r&eacute;pond aux diff&eacute;rentes trames architecturales propos&eacute;es par les designers et architectes.<\/p>\n<p>Maibec also offers a selection of horticultural mulch available in various colors to enhance the beauty of your landscape while making gardening more accessible.<\/p>\n<p>Behind every product we develop and manufacture, there is a dedicated team of 760 employees working across three regions in Quebec: Saint-Pamphile, Saint-Theophile, L\u2019islet, Drummondville and Levis, as well as in Balmoral, New Brunswick, East River, Nova Scotia, and Stoughton, Massachusetts.<\/p>\n<p>Depuis sa fondation il y a plus de 70 ans, Maibec s&#8217;est hiss&eacute;e au rang de chef de file nord-am&eacute;ricain dans le rev&ecirc;tement ext&eacute;rieur de bois v&eacute;ritable et se d&eacute;finit aujourd&rsquo;hui comme un sp&eacute;cialiste des syst&egrave;mes de rev&ecirc;tement.<\/p><\/div><\/div><\/section><section id=\"section-12-196\" class=\"ct-section bg--secondary owl--xxl\" ><div class=\"ct-section-inner-wrap\"><div id=\"div_block-21-196\" class=\"ct-div-block owl--l\" ><h3 id=\"headline-13-196\" class=\"ct-headline\">Respect as a basis for an enviable reputation<\/h3><div id=\"div_block-15-196\" class=\"ct-div-block\" ><div id=\"div_block-17-196\" class=\"ct-div-block\" ><img decoding=\"async\"  id=\"image-20-196\" alt=\"\" src=\"https:\/\/maibec.com\/wp-content\/uploads\/2022\/03\/carrieres.jpg\" class=\"ct-image image-a-propos\"\/><\/div><div id=\"div_block-16-196\" class=\"ct-div-block order--first-l\" ><div id=\"text_block-18-196\" class=\"ct-text-block text--s\" >S\u2019imposer comme chef de file implique le respect. \u00c0 titre d&#8217;acteur majeur et influent de l\u2019industrie des mat\u00e9riaux de construction depuis plus de 40 ans, le respect est au c\u0153ur de notre h\u00e9ritage culturel. Respect de la mati\u00e8re dans ses qualit\u00e9s intrins\u00e8ques, son apparence, ses possibilit\u00e9s et ses limites. Respect des consommateurs par une exp\u00e9rience constamment am\u00e9lior\u00e9e tant sur le plan du produit lui-m\u00eame, de sa compl\u00e9mentarit\u00e9 et de sa qualit\u00e9 que sur celui de notre accompagnement vers des choix rassurants et des d\u00e9cisions \u00e9clair\u00e9es. Respect de nos partenaires dans leurs enjeux d\u2019affaires. Respect de nos quelque 760 employ\u00e9s \u00e0 l\u2019expertise unique. Respect de nos engagements, que nous honorons notamment par des garanties cr\u00e9dibles.<br><br>We have built this reputation through passion and responsibility. This is how Maibec has succeeded for decades in maintaining high standards while demonstrating an eco-responsible conscience by using the full potential of the tree in its intrinsic qualities.<br><\/div><\/div><\/div><\/div><div id=\"div_block-37-196\" class=\"ct-div-block owl--l\" ><h3 id=\"headline-38-196\" class=\"ct-headline\">Know-how as a catalyst for innovative solutions<\/h3><div id=\"div_block-39-196\" class=\"ct-div-block\" ><div id=\"div_block-40-196\" class=\"ct-div-block\" ><div id=\"text_block-41-196\" class=\"ct-text-block text--s\" >Maibec can count on multidisciplinary teams capable of skillfully bringing together all the elements that lead to a complete, high-performance product that responds to current trends and needs. From R&amp;D focused on product performance and aesthetics to in-depth knowledge of materials, from profiling to staining processes, Maibec's know-how is reflected in our concern for quality control, from raw material to final product.<br><br>Au-del\u00e0 du produit lui-m\u00eame, il y a l\u2019exp\u00e9rience Maibec. Un savoir-faire qu&#8217;on per\u00e7oit notamment dans une approche qui aborde chaque projet par son unicit\u00e9, ce qui se traduit par exemple par des possibilit\u00e9s quasi infinies de personnalisation des couleurs, d\u2019agencement des mat\u00e9riaux et de s\u00e9lection des profil\u00e9s et des finis de surface. Nous sommes fiers de cette expertise que nous enrichissons et partageons sans retenue \u00e0 travers nos conseils et notre service \u00e0 la client\u00e8le \u00e0 toutes les \u00e9tapes de l\u2019exp\u00e9rience Maibec.<br><\/div><\/div><div id=\"div_block-42-196\" class=\"ct-div-block\" ><img decoding=\"async\"  id=\"image-43-196\" alt=\"\" src=\"https:\/\/maibec.com\/wp-content\/uploads\/2022\/01\/choisir-maibec3-1.png\" class=\"ct-image image-a-propos\"\/><\/div><\/div><\/div><div id=\"div_block-48-196\" class=\"ct-div-block owl--l\" ><h3 id=\"headline-49-196\" class=\"ct-headline\">High-performance solutions as the first guarantee<\/h3><div id=\"div_block-50-196\" class=\"ct-div-block\" ><div id=\"div_block-51-196\" class=\"ct-div-block\" ><img decoding=\"async\"  id=\"image-52-196\" alt=\"\" src=\"https:\/\/maibec.com\/wp-content\/uploads\/2022\/01\/maibec3-1-1.png\" class=\"ct-image image-a-propos\"\/><\/div><div id=\"div_block-53-196\" class=\"ct-div-block order--first-l\" ><div id=\"text_block-54-196\" class=\"ct-text-block text--s\" >Our comprehensive and integrated offering is distinguished by concrete benefits that result in your peace of mind when it comes to your project. Our products and systems are backed by credible and respected guarantees. We work together with the best partners to ensure reliability and sustainability. Our flexible and complementary range of products and services allows you to create a project tailored to your image and in harmony with all architectural styles.<br><br>Our culture and our capacity to innovate, anchored in current needs and nourished by exchanges with industry players, allow us to offer you options that align with your vision of design, quality and durability. A project you will proudly call your own, whose value will be preserved by long-term performance.<br><\/div><\/div><\/div><\/div><div id=\"div_block-60-196\" class=\"ct-div-block owl--l\" ><h3 id=\"headline-61-196\" class=\"ct-headline\">Engagement is the backbone of the customer experience<\/h3><div id=\"div_block-62-196\" class=\"ct-div-block\" ><div id=\"div_block-63-196\" class=\"ct-div-block\" ><div id=\"text_block-64-196\" class=\"ct-text-block text--s\" >Our culture of commitment is based on accessibility, proactive listening and consultation. For us, these principles are inseparable from our product offerings, as it is through this support that you will draw the full performance potential of our products.<br><br>Whether you are an owner, contractor or architect, we are available to assist you at every stage of your project. Online or through our extensive distribution network, you have direct access to information and to our specialists for all aspects of design, planning, installation, maintenance and training. This is how we see engagement: as a crucial part of our customer experience.<br><\/div><\/div><div id=\"div_block-65-196\" class=\"ct-div-block\" ><img decoding=\"async\"  id=\"image-66-196\" alt=\"\" src=\"https:\/\/maibec.com\/wp-content\/uploads\/2022\/01\/choisir-maibec1-3-1.png\" class=\"ct-image image-a-propos\"\/><\/div><\/div><\/div><\/div><\/section><section id=\"section-70-196\" class=\"ct-section bg--accent\" ><div class=\"ct-section-inner-wrap\"><div id=\"div_block-72-196\" class=\"ct-div-block owl--m\" ><h3 id=\"headline-73-196\" class=\"ct-headline\">Quality<\/h3><div id=\"text_block-74-196\" class=\"ct-text-block text--s text--base\" >Each product goes through a series of critical steps before bearing the Maibec brand seal. At every stage, technology is combined with the recognized know-how of our specialists through rigorous control processes.<\/div><a id=\"link_button-75-196\" class=\"ct-link-button btn--primary btn--xs\" href=\"https:\/\/maibec.com\/en_us\/about-us\/quality\/\" target=\"_self\"  >Lean more<\/a><\/div><\/div><\/section><section id=\"section-79-196\" class=\"ct-section bg--secondary\" ><div class=\"ct-section-inner-wrap\"><div id=\"div_block-80-196\" class=\"ct-div-block owl--m\" ><h3 id=\"headline-81-196\" class=\"ct-headline\">Sustainable development<\/h3><div id=\"text_block-82-196\" class=\"ct-text-block text--s text--base\" >Sustainable development is an integral part of Maibec's daily operations. Throughout the various product manufacturing stages, from the raw resources to the final product, Maibec integrates practices characterized by a constant concern for the environment.<\/div><a id=\"link_button-83-196\" class=\"ct-link-button btn--primary btn--xs\" href=\"https:\/\/maibec.com\/en_us\/about-us\/initiative-verte\/\" target=\"_self\"  >Lean more<\/a><\/div><\/div><\/section>","protected":false},"excerpt":{"rendered":"","protected":false},"author":5,"featured_media":0,"parent":0,"menu_order":0,"comment_status":"closed","ping_status":"closed","template":"","meta":{"content-type":"","footnotes":""},"class_list":["post-196","page","type-page","status-publish","hentry"],"acf":[],"featured_image_src":null,"featured_image_src_square":null,"_links":{"self":[{"href":"https:\/\/maibec.com\/en_us\/wp-json\/wp\/v2\/pages\/196","targetHints":{"allow":["GET"]}}],"collection":[{"href":"https:\/\/maibec.com\/en_us\/wp-json\/wp\/v2\/pages"}],"about":[{"href":"https:\/\/maibec.com\/en_us\/wp-json\/wp\/v2\/types\/page"}],"author":[{"embeddable":true,"href":"https:\/\/maibec.com\/en_us\/wp-json\/wp\/v2\/users\/5"}],"replies":[{"embeddable":true,"href":"https:\/\/maibec.com\/en_us\/wp-json\/wp\/v2\/comments?post=196"}],"version-history":[{"count":0,"href":"https:\/\/maibec.com\/en_us\/wp-json\/wp\/v2\/pages\/196\/revisions"}],"wp:attachment":[{"href":"https:\/\/maibec.com\/en_us\/wp-json\/wp\/v2\/media?parent=196"}],"curies":[{"name":"wp","href":"https:\/\/api.w.org\/{rel}","templated":true}]}}