{"id":508,"date":"2022-02-09T18:20:10","date_gmt":"2022-02-09T23:20:10","guid":{"rendered":"http:\/\/maibecstg.wpenginepowered.com\/?page_id=508"},"modified":"2024-11-26T15:30:55","modified_gmt":"2024-11-26T20:30:55","slug":"fastened-stone-veneer","status":"publish","type":"page","link":"https:\/\/maibec.com\/en\/systeme-de-pierre-a-visser\/","title":{"rendered":"Produit &#8211; Syst\u00e8me de pierre \u00e0 visser Maibec Acenta"},"content":{"rendered":"<section id=\"section-2-88\" class=\"ct-section hero-section\" ><div class=\"ct-section-inner-wrap\"><img decoding=\"async\"  id=\"image-3-88\" alt=\"\" src=\"https:\/\/maibec.com\/wp-content\/uploads\/2022\/02\/system-pierre-accent-maibec-acenta-hero.jpg\" class=\"ct-image hero-section-image\"\/><div id=\"div_block-4-88\" class=\"ct-div-block hero-content owl--l\" ><h1 id=\"headline-100-508\" class=\"ct-headline titre-principal-blanc_h1\">Maibec\u00a0Acenta<br>\nFastened stone veneer<span id=\"ct-placeholder-temporary-106\"><\/span><\/h1><div id=\"text_block-7-88\" class=\"ct-text-block text--white\" >Une solution de pierres d&#8217;accent dot\u00e9e d&#8217;un syst\u00e8me \u00e0 visser id\u00e9ale pour rehausser le caract\u00e8re de votre demeure.<br><\/div><\/div><\/div><\/section><span id=\"span-106-508\" class=\"ct-span exposant exposant_systeme_pierre\" ><\/span><section id=\"section-85-508\" class=\"ct-section center--all owl--m first-section\" ><div class=\"ct-section-inner-wrap\"><h3 id=\"headline-86-508\" class=\"ct-headline\">Colours<br><\/h3><div id=\"_rich_text-87-508\" class=\"oxy-rich-text text--s\" ><p>La gamme de couleurs Maibec Acenta&nbsp;est un atout pour vous: elles s&#8217;assortissent avec toutes les autres teintes et textures des produits Maibec.<\/p><\/div><div id=\"div_block-88-508\" class=\"ct-div-block center--all owl--s\" ><a id=\"link_button-89-508\" class=\"ct-link-button btn--primary btn--xs\" href=\"\/en\/fastened-stone-veneer\/colors-stone-acenta\/\" target=\"_self\"  >Discover the colours<\/a><\/div><\/div><\/section><section id=\"section-15-88\" class=\"ct-section bg--secondary center--all owl--xl\" ><div class=\"ct-section-inner-wrap\"><h2 id=\"headline-16-88\" class=\"ct-headline titre-secondaire\">Versatile. Easy to install. <br>Innovative.<\/h2><div id=\"text_block-17-88\" class=\"ct-text-block text--s\" >Maibec Acenta, a stone accent solution with a fastened system that can be installed by the same carpenters, contractors and self-builders who are already familiar with exterior siding products. Discover the Acenta models, whose names are inspired by those women who have left a mark on society.<\/div><h3 id=\"headline-18-88\" class=\"ct-headline\">Be bold with Maibec Acenta products<\/h3><div id=\"div_block-67-508\" class=\"ct-div-block\" ><div id=\"div_block-68-508\" class=\"ct-div-block center--all owl--s card-overlap-image-shadow bg--white card-product-size pad--s\" ><img decoding=\"async\"  id=\"image-69-508\" alt=\"\" src=\"https:\/\/maibec.com\/wp-content\/uploads\/2022\/02\/Acenta-modeles.jpg\" class=\"ct-image image-card-little\"\/><div id=\"div_block-70-508\" class=\"ct-div-block div-heading-card-product\" ><a id=\"link-71-508\" class=\"ct-link\" href=\"\/en\/products\/acenta\/\" target=\"_self\"  ><h4 id=\"headline-72-508\" class=\"ct-headline text--primary\">Discover the models<br><\/h4><\/a><\/div><\/div><div id=\"div_block-73-508\" class=\"ct-div-block center--all owl--s card-overlap-image-shadow bg--white card-product-size pad--s\" ><img decoding=\"async\"  id=\"image-74-508\" alt=\"\" src=\"https:\/\/maibec.com\/wp-content\/uploads\/2022\/02\/Acenta_Accessories.jpg\" class=\"ct-image image-card-little\"\/><div id=\"div_block-75-508\" class=\"ct-div-block div-heading-card-product\" ><a id=\"link-76-508\" class=\"ct-link\" href=\"\/en\/products\/accessories-acenta\/\" target=\"_self\"  ><h4 id=\"headline-77-508\" class=\"ct-headline text--primary\">Discover the accessories<br><\/h4><\/a><\/div><\/div><\/div><\/div><\/section>","protected":false},"excerpt":{"rendered":"","protected":false},"author":5,"featured_media":0,"parent":0,"menu_order":0,"comment_status":"closed","ping_status":"closed","template":"","meta":{"content-type":"","footnotes":""},"class_list":["post-508","page","type-page","status-publish","hentry"],"acf":[],"featured_image_src":null,"featured_image_src_square":null,"_links":{"self":[{"href":"https:\/\/maibec.com\/en\/wp-json\/wp\/v2\/pages\/508","targetHints":{"allow":["GET"]}}],"collection":[{"href":"https:\/\/maibec.com\/en\/wp-json\/wp\/v2\/pages"}],"about":[{"href":"https:\/\/maibec.com\/en\/wp-json\/wp\/v2\/types\/page"}],"author":[{"embeddable":true,"href":"https:\/\/maibec.com\/en\/wp-json\/wp\/v2\/users\/5"}],"replies":[{"embeddable":true,"href":"https:\/\/maibec.com\/en\/wp-json\/wp\/v2\/comments?post=508"}],"version-history":[{"count":0,"href":"https:\/\/maibec.com\/en\/wp-json\/wp\/v2\/pages\/508\/revisions"}],"wp:attachment":[{"href":"https:\/\/maibec.com\/en\/wp-json\/wp\/v2\/media?parent=508"}],"curies":[{"name":"wp","href":"https:\/\/api.w.org\/{rel}","templated":true}]}}