{"id":4333,"date":"2022-12-19T06:10:36","date_gmt":"2022-12-19T11:10:36","guid":{"rendered":"https:\/\/maibecstg.wpenginepowered.com\/?page_id=4333"},"modified":"2026-02-26T14:01:58","modified_gmt":"2026-02-26T19:01:58","slug":"maibec-express","status":"publish","type":"page","link":"https:\/\/maibec.com\/en\/maibec-express\/","title":{"rendered":"Maibec Express"},"content":{"rendered":"<section id=\"section-2-142\" class=\" ct-section hero-section\" ><div class=\"ct-section-inner-wrap\"><img decoding=\"async\"  id=\"image-3-142\" alt=\"\" src=\"https:\/\/maibec.com\/wp-content\/uploads\/2022\/12\/Group-705.png\" class=\"ct-image hero-section-image\"\/><div id=\"new_columns-2038-4333\" class=\"ct-new-columns\" ><div id=\"div_block-2039-4333\" class=\"ct-div-block\" ><div id=\"div_block-4-142\" class=\"ct-div-block hero-content owl--l\" ><h2 id=\"headline-6-142\" class=\"ct-headline text--xl text--white titre-principal-blanc\">Programme Maibec Express :<br>votre combinaison gagnante !<br><\/h2><div id=\"text_block-7-142\" class=\"ct-text-block text--white text--s\" >Votre projet conna\u00eet des retards et le rev\u00eatement n\u2019a pas encore \u00e9t\u00e9 command\u00e9 ?<br><br>Optez pour le rev\u00eatement de bois v\u00e9ritable du programme mis \u00e0 jour MAIBEC EXPRESS d\u00e8s maintenant.<br><\/div><\/div><\/div><div id=\"div_block-2040-4333\" class=\"ct-div-block\" ><img decoding=\"async\"  id=\"image-2043-4333\" alt=\"\" src=\"https:\/\/maibec.com\/wp-content\/uploads\/2022\/12\/Logo-MaibecExpress-White.png\" class=\"ct-image\"\/><\/div><\/div><div id=\"new_columns-2130-4333\" class=\"ct-new-columns\" ><div id=\"div_block-2131-4333\" class=\"ct-div-block\" ><a id=\"link_button-2128-4333\" class=\"ct-link-button btn--primary btn--xs btn_slide_express\" href=\"\/fr\/trouver-un-detaillant\/\" target=\"_self\"  >Trouvez un d\u00e9taillant<\/a><\/div><div id=\"div_block-2132-4333\" class=\"ct-div-block\" ><a id=\"link_text-2224-4333\" class=\"ct-link-text text_slider\" href=\"https:\/\/maibec.com\/wp-content\/uploads\/2026\/02\/OP_Maibec-Express-2026-FR_v1.pdf\" target=\"_self\"  >Programme Maibec Express<\/a><\/div><\/div><\/div><\/section><section id=\"section-14-142\" class=\" ct-section center--all first-section\" ><div class=\"ct-section-inner-wrap\"><h1 id=\"headline-15-142\" class=\"ct-headline pad--m titre-secondaire-h1\">Maibec Express, la solution rapide<br><\/h1><div id=\"_rich_text-2226-4333\" class=\"oxy-rich-text\" >B\u00e9n\u00e9ficiez d\u2019un d\u00e9lai de livraison en 10 jours chez votre marchand*. Vous aurez un choix de <b>mod\u00e8les et de couleurs populaires, sans compromis sur la qualit\u00e9 Maibec, et \u00e0 un prix plus avantageux.<\/b><\/div><p id=\"text_block-16-142\" class=\"ct-text-block text--s\" >\n* SUJET \u00c0 CHANGEMENT SELON LES CONDITIONS DU MARCH\u00c9 ET LE NIVEAU DES INVENTAIRES. CONSULTEZ VOTRE D\u00c9TAILLANT POUR PLUS DE D\u00c9TAILS.<br><\/p><\/div><\/section><section id=\"section-322-142\" class=\" ct-section bg--secondary pad-section--xs\" ><div class=\"ct-section-inner-wrap\"><div id=\"div_block-323-142\" class=\"ct-div-block owl--m order--first-l\" ><h3 id=\"headline-324-142\" class=\"ct-headline\">D\u00e9couvrez nos couleurs<\/h3><div id=\"_rich_text-2229-4333\" class=\"oxy-rich-text\" ><p>Le programme Maibec Express vous offre un choix de couleurs pour le lambris et les moulures ext&eacute;rieures de bois v&eacute;ritable ainsi que pour la bardeau de c&egrave;dre blanc de l&rsquo;Est.<\/p><\/div><\/div><\/div><\/section><section id=\"section-2236-4333\" class=\" ct-section bg--secondary pad-section--xs\" ><div class=\"ct-section-inner-wrap\"><div id=\"div_block-2237-4333\" class=\"ct-div-block owl--m order--first-l\" ><h3 id=\"headline-2238-4333\" class=\"ct-headline\">Charte opaque Maibec<\/h3><div id=\"text_block-2240-4333\" class=\"ct-text-block\" >Pour lambris classique, lambris de c\u00e8dre rouge (fini textur\u00e9 uniquement), moulures et bardeau de c\u00e8dre blanc de l&#8217;Est<br><\/div><\/div><\/div><\/section><section id=\"section-330-142\" class=\" ct-section bg--secondary center--all pad-section--xs section_images_express\" ><div class=\"ct-section-inner-wrap\"><div id=\"div_block-399-142\" class=\"ct-div-block class-bois-couleurs\" ><div id=\"_dynamic_list-402-142\" class=\"oxy-dynamic-list\"><div id=\"div_block-403-142-1\" class=\"ct-div-block\" data-id=\"div_block-403-142\"><div id=\"_dynamic_list-424-142-1\" class=\"oxy-dynamic-list\" data-id=\"_dynamic_list-424-142\"><div id=\"div_block-425-142-1-1\" class=\"ct-div-block color-card\" title=\"Blanc Maibec 111\" image-texture=\"https:\/\/maibec.com\/wp-content\/uploads\/2022\/02\/Blanc-Maibec-111.png\" image-bardeau=\"\" data-id=\"div_block-425-142\"><img decoding=\"async\" id=\"image-432-142-1-1\" alt=\"\" src=\"https:\/\/maibec.com\/wp-content\/uploads\/2022\/02\/Blanc-Maibec-111.png\" class=\"ct-image image-couleur\" data-id=\"image-432-142\"><div id=\"text_block-442-142-1-1\" class=\"ct-text-block text--xs\" data-id=\"text_block-442-142\">&nbsp;<span id=\"span-450-142\" class=\"ct-span\" >Blanc Maibec 111<\/span><\/div><\/div><div id=\"div_block-425-142-2-1\" class=\"ct-div-block color-card\" title=\"Noir Maibec 399\" image-texture=\"https:\/\/maibec.com\/wp-content\/uploads\/2022\/02\/Noir-Maibec-399.png\" image-bardeau=\"\" data-id=\"div_block-425-142\"><img decoding=\"async\" id=\"image-432-142-2-1\" alt=\"\" src=\"https:\/\/maibec.com\/wp-content\/uploads\/2022\/02\/Noir-Maibec-399.png\" class=\"ct-image image-couleur\" data-id=\"image-432-142\"><div id=\"text_block-442-142-2-1\" class=\"ct-text-block text--xs\" data-id=\"text_block-442-142\">&nbsp;<span id=\"span-450-142\" class=\"ct-span\" >Noir Maibec 399<\/span><\/div><\/div><div id=\"div_block-425-142-3-1\" class=\"ct-div-block color-card\" title=\"Gris Oc&eacute;an Maibec 010\" image-texture=\"https:\/\/maibec.com\/wp-content\/uploads\/2022\/02\/Gris-oce&#769;an-Maibec-010.png\" image-bardeau=\"\" data-id=\"div_block-425-142\"><img decoding=\"async\" id=\"image-432-142-3-1\" alt=\"\" src=\"https:\/\/maibec.com\/wp-content\/uploads\/2022\/02\/Gris-oce\u0301an-Maibec-010.png\" class=\"ct-image image-couleur\" data-id=\"image-432-142\"><div id=\"text_block-442-142-3-1\" class=\"ct-text-block text--xs\" data-id=\"text_block-442-142\">&nbsp;<span id=\"span-450-142\" class=\"ct-span\" >Gris Oc\u00e9an Maibec 010<\/span><\/div><\/div><div id=\"div_block-425-142-4-1\" class=\"ct-div-block color-card\" title=\"Lamosite Maibec 014\" image-texture=\"https:\/\/maibec.com\/wp-content\/uploads\/2022\/02\/Lamosite-Maibec-014.png\" image-bardeau=\"\" data-id=\"div_block-425-142\"><img decoding=\"async\" id=\"image-432-142-4-1\" alt=\"\" src=\"https:\/\/maibec.com\/wp-content\/uploads\/2022\/02\/Lamosite-Maibec-014.png\" class=\"ct-image image-couleur\" data-id=\"image-432-142\"><div id=\"text_block-442-142-4-1\" class=\"ct-text-block text--xs\" data-id=\"text_block-442-142\">&nbsp;<span id=\"span-450-142\" class=\"ct-span\" >Lamosite Maibec 014<\/span><\/div><\/div><div id=\"div_block-425-142-5-1\" class=\"ct-div-block color-card\" title=\"&Eacute;corce fonc&eacute;e Maibec 015\" image-texture=\"https:\/\/maibec.com\/wp-content\/uploads\/2022\/02\/E&#769;corce-fonce&#769;e-Maibec-015.png\" image-bardeau=\"\" data-id=\"div_block-425-142\"><img decoding=\"async\" id=\"image-432-142-5-1\" alt=\"\" src=\"https:\/\/maibec.com\/wp-content\/uploads\/2022\/02\/E\u0301corce-fonce\u0301e-Maibec-015.png\" class=\"ct-image image-couleur\" data-id=\"image-432-142\"><div id=\"text_block-442-142-5-1\" class=\"ct-text-block text--xs\" data-id=\"text_block-442-142\">&nbsp;<span id=\"span-450-142\" class=\"ct-span\" >\u00c9corce fonc\u00e9e Maibec 015<\/span><\/div><\/div><div id=\"div_block-425-142-6-1\" class=\"ct-div-block color-card\" title=\"H&eacute;matite Maibec 016\" image-texture=\"https:\/\/maibec.com\/wp-content\/uploads\/2022\/12\/Rectangle-111.png\" image-bardeau=\"\" data-id=\"div_block-425-142\"><img decoding=\"async\" id=\"image-432-142-6-1\" alt=\"\" src=\"https:\/\/maibec.com\/wp-content\/uploads\/2022\/12\/Rectangle-111.png\" class=\"ct-image image-couleur\" data-id=\"image-432-142\"><div id=\"text_block-442-142-6-1\" class=\"ct-text-block text--xs\" data-id=\"text_block-442-142\">&nbsp;<span id=\"span-450-142\" class=\"ct-span\" >H\u00e9matite Maibec 016<\/span><\/div><\/div><\/div>\n<\/div>                    \n                                            \n                                        \n                    <\/div>\n<\/div><\/div><\/section><section id=\"section-2305-4333\" class=\" ct-section bg--secondary pad-section--xs\" ><div class=\"ct-section-inner-wrap\"><div id=\"div_block-2306-4333\" class=\"ct-div-block owl--m order--first-l\" ><h3 id=\"headline-2307-4333\" class=\"ct-headline\">Teintes naturelles<\/h3><div id=\"text_block-2308-4333\" class=\"ct-text-block\" >Pour lambris classique, lambris de c\u00e8dre rouge (fini textur\u00e9 uniquement) et moulures<br><\/div><\/div><\/div><\/section><section id=\"section-2310-4333\" class=\" ct-section bg--secondary center--all pad-section--xs section_images_express\" ><div class=\"ct-section-inner-wrap\"><div id=\"div_block-2311-4333\" class=\"ct-div-block class-bois-couleurs\" ><div id=\"_dynamic_list-2312-4333\" class=\"oxy-dynamic-list\"><div id=\"div_block-2313-4333-1\" class=\"ct-div-block\" data-id=\"div_block-2313-4333\"><div id=\"_dynamic_list-2314-4333-1\" class=\"oxy-dynamic-list\" data-id=\"_dynamic_list-2314-4333\"><div id=\"div_block-2315-4333-1-1\" class=\"ct-div-block color-card\" title=\"Ambre algonquin 052\" image-texture=\"https:\/\/maibec.com\/wp-content\/uploads\/2022\/02\/Ambre-algonquin-052.jpg\" image-bardeau=\"\" data-id=\"div_block-2315-4333\"><img decoding=\"async\" id=\"image-2316-4333-1-1\" alt=\"\" src=\"https:\/\/maibec.com\/wp-content\/uploads\/2022\/02\/Ambre-algonquin-052.jpg\" class=\"ct-image image-couleur\" data-id=\"image-2316-4333\"><div id=\"text_block-2317-4333-1-1\" class=\"ct-text-block text--xs\" data-id=\"text_block-2317-4333\">&nbsp;<span id=\"span-2318-4333\" class=\"ct-span\" >Ambre algonquin 052<\/span><\/div><\/div><div id=\"div_block-2315-4333-2-1\" class=\"ct-div-block color-card\" title=\"Brun Muskoka 053\" image-texture=\"https:\/\/maibec.com\/wp-content\/uploads\/2022\/02\/Brun-Muskoka-053.jpg\" image-bardeau=\"\" data-id=\"div_block-2315-4333\"><img decoding=\"async\" id=\"image-2316-4333-2-1\" alt=\"\" src=\"https:\/\/maibec.com\/wp-content\/uploads\/2022\/02\/Brun-Muskoka-053.jpg\" class=\"ct-image image-couleur\" data-id=\"image-2316-4333\"><div id=\"text_block-2317-4333-2-1\" class=\"ct-text-block text--xs\" data-id=\"text_block-2317-4333\">&nbsp;<span id=\"span-2318-4333\" class=\"ct-span\" >Brun Muskoka 053<\/span><\/div><\/div><div id=\"div_block-2315-4333-3-1\" class=\"ct-div-block color-card\" title=\"Charbon de mer 058\" image-texture=\"https:\/\/maibec.com\/wp-content\/uploads\/2022\/02\/Charbon-de-mer-058.jpg\" image-bardeau=\"\" data-id=\"div_block-2315-4333\"><img decoding=\"async\" id=\"image-2316-4333-3-1\" alt=\"\" src=\"https:\/\/maibec.com\/wp-content\/uploads\/2022\/02\/Charbon-de-mer-058.jpg\" class=\"ct-image image-couleur\" data-id=\"image-2316-4333\"><div id=\"text_block-2317-4333-3-1\" class=\"ct-text-block text--xs\" data-id=\"text_block-2317-4333\">&nbsp;<span id=\"span-2318-4333\" class=\"ct-span\" >Charbon de mer 058<\/span><\/div><\/div><div id=\"div_block-2315-4333-4-1\" class=\"ct-div-block color-card\" title=\"&Eacute;cume argent&eacute;e 059\" image-texture=\"https:\/\/maibec.com\/wp-content\/uploads\/2022\/02\/E&#769;cume-argente&#769;e-059.jpg\" image-bardeau=\"\" data-id=\"div_block-2315-4333\"><img decoding=\"async\" id=\"image-2316-4333-4-1\" alt=\"\" src=\"https:\/\/maibec.com\/wp-content\/uploads\/2022\/02\/E\u0301cume-argente\u0301e-059.jpg\" class=\"ct-image image-couleur\" data-id=\"image-2316-4333\"><div id=\"text_block-2317-4333-4-1\" class=\"ct-text-block text--xs\" data-id=\"text_block-2317-4333\">&nbsp;<span id=\"span-2318-4333\" class=\"ct-span\" >\u00c9cume argent\u00e9e 059<\/span><\/div><\/div><div id=\"div_block-2315-4333-5-1\" class=\"ct-div-block color-card\" title=\"Gr&egrave;ge des champs 062\" image-texture=\"https:\/\/maibec.com\/wp-content\/uploads\/2022\/02\/Gre&#768;ge-des-champs-062.jpg\" image-bardeau=\"\" data-id=\"div_block-2315-4333\"><img decoding=\"async\" id=\"image-2316-4333-5-1\" alt=\"\" src=\"https:\/\/maibec.com\/wp-content\/uploads\/2022\/02\/Gre\u0300ge-des-champs-062.jpg\" class=\"ct-image image-couleur\" data-id=\"image-2316-4333\"><div id=\"text_block-2317-4333-5-1\" class=\"ct-text-block text--xs\" data-id=\"text_block-2317-4333\">&nbsp;<span id=\"span-2318-4333\" class=\"ct-span\" >Gr\u00e8ge des champs 062<\/span><\/div><\/div><div id=\"div_block-2315-4333-6-1\" class=\"ct-div-block color-card\" title=\"Beige du matin 063\" image-texture=\"https:\/\/maibec.com\/wp-content\/uploads\/2022\/02\/Beige-du-matin-063.jpg\" image-bardeau=\"\" data-id=\"div_block-2315-4333\"><img decoding=\"async\" id=\"image-2316-4333-6-1\" alt=\"\" src=\"https:\/\/maibec.com\/wp-content\/uploads\/2022\/02\/Beige-du-matin-063.jpg\" class=\"ct-image image-couleur\" data-id=\"image-2316-4333\"><div id=\"text_block-2317-4333-6-1\" class=\"ct-text-block text--xs\" data-id=\"text_block-2317-4333\">&nbsp;<span id=\"span-2318-4333\" class=\"ct-span\" >Beige du matin 063<\/span><\/div><\/div><\/div>\n<\/div>                    \n                                            \n                                        \n                    <\/div>\n<div id=\"_rich_text-4108-4333\" class=\"oxy-rich-text hide_fr\" ><p data-prosemirror-content-type=\"node\" data-prosemirror-node-name=\"paragraph\" data-prosemirror-node-block=\"true\" data-pm-slice=\"1 1 [&quot;bulletList&quot;,null,&quot;listItem&quot;,null,&quot;bulletList&quot;,null,&quot;listItem&quot;,null]\"><strong data-prosemirror-content-type=\"mark\" data-prosemirror-mark-name=\"strong\">Important Notice:<\/strong> Regarding natural stains on genuine wood siding. Please refer to the <a href=\"https:\/\/maibec.com\/wp-content\/uploads\/2025\/07\/Maibec-Wood_Imp-Notice-Color-matching_v9.pdf\" data-prosemirror-content-type=\"mark\" data-prosemirror-mark-name=\"link\">colour matching guide<\/a> for all the details.<\/p><\/div><div id=\"_rich_text-4107-4333\" class=\"oxy-rich-text hide_en\" ><p data-prosemirror-content-type=\"node\" data-prosemirror-node-name=\"paragraph\" data-prosemirror-node-block=\"true\" data-pm-slice=\"1 1 [&quot;bulletList&quot;,null,&quot;listItem&quot;,null,&quot;bulletList&quot;,null,&quot;listItem&quot;,null]\"><strong data-prosemirror-content-type=\"mark\" data-prosemirror-mark-name=\"strong\">Avis important<\/strong> : Concernant les teintes naturelles de lambris de bois v\u00e9ritable. Veuillez consulter le guide de <a href=\"https:\/\/maibec.com\/wp-content\/uploads\/2025\/07\/Maibec-Bois_Avis-Important_Tolerance-couleurs_v9.pdf\" data-prosemirror-content-type=\"mark\" data-prosemirror-mark-name=\"link\">correspondance des couleurs<\/a> pour tous les d\u00e9tails<\/p><\/div><\/div><\/div><\/section><section id=\"section-2413-4333\" class=\" ct-section bg--secondary pad-section--xs\" ><div class=\"ct-section-inner-wrap\"><div id=\"div_block-2414-4333\" class=\"ct-div-block owl--m order--first-l\" ><h3 id=\"headline-2415-4333\" class=\"ct-headline\">Couleurs semi-transparentes<\/h3><div id=\"text_block-2416-4333\" class=\"ct-text-block\" >Pour le bardeau de c\u00e8dre blanc de l\u2019Est<br><\/div><\/div><\/div><\/section><section id=\"section-2417-4333\" class=\" ct-section bg--secondary center--all pad-section--xs section_images_express\" ><div class=\"ct-section-inner-wrap\"><div id=\"div_block-2418-4333\" class=\"ct-div-block class-bois-couleurs\" ><div id=\"_dynamic_list-2419-4333\" class=\"oxy-dynamic-list\"><div id=\"div_block-2420-4333-1\" class=\"ct-div-block\" data-id=\"div_block-2420-4333\"><div id=\"_dynamic_list-2421-4333-1\" class=\"oxy-dynamic-list\" data-id=\"_dynamic_list-2421-4333\"><div id=\"div_block-2422-4333-1-1\" class=\"ct-div-block color-card\" title=\"Gingembre grill&eacute;\" image-texture=\"https:\/\/maibec.com\/wp-content\/uploads\/2022\/02\/Gingembre-grille&#769;-SEGGR.jpg\" image-bardeau=\"\" data-id=\"div_block-2422-4333\"><img decoding=\"async\" id=\"image-2423-4333-1-1\" alt=\"\" src=\"https:\/\/maibec.com\/wp-content\/uploads\/2022\/02\/Gingembre-grille\u0301-SEGGR.jpg\" class=\"ct-image image-couleur\" data-id=\"image-2423-4333\"><div id=\"text_block-2424-4333-1-1\" class=\"ct-text-block text--xs\" data-id=\"text_block-2424-4333\">&nbsp;<span id=\"span-2425-4333\" class=\"ct-span\" >Gingembre grill\u00e9<\/span><\/div><\/div><div id=\"div_block-2422-4333-2-1\" class=\"ct-div-block color-card\" title=\"Cannelle\" image-texture=\"https:\/\/maibec.com\/wp-content\/uploads\/2022\/02\/Cannelle-SECAN.jpg\" image-bardeau=\"\" data-id=\"div_block-2422-4333\"><img decoding=\"async\" id=\"image-2423-4333-2-1\" alt=\"\" src=\"https:\/\/maibec.com\/wp-content\/uploads\/2022\/02\/Cannelle-SECAN.jpg\" class=\"ct-image image-couleur\" data-id=\"image-2423-4333\"><div id=\"text_block-2424-4333-2-1\" class=\"ct-text-block text--xs\" data-id=\"text_block-2424-4333\">&nbsp;<span id=\"span-2425-4333\" class=\"ct-span\" >Cannelle<\/span><\/div><\/div><div id=\"div_block-2422-4333-3-1\" class=\"ct-div-block color-card\" title=\"Brun muscade\" image-texture=\"https:\/\/maibec.com\/wp-content\/uploads\/2022\/02\/Brun-muscade-SEMUS.jpg\" image-bardeau=\"\" data-id=\"div_block-2422-4333\"><img decoding=\"async\" id=\"image-2423-4333-3-1\" alt=\"\" src=\"https:\/\/maibec.com\/wp-content\/uploads\/2022\/02\/Brun-muscade-SEMUS.jpg\" class=\"ct-image image-couleur\" data-id=\"image-2423-4333\"><div id=\"text_block-2424-4333-3-1\" class=\"ct-text-block text--xs\" data-id=\"text_block-2424-4333\">&nbsp;<span id=\"span-2425-4333\" class=\"ct-span\" >Brun muscade<\/span><\/div><\/div><div id=\"div_block-2422-4333-4-1\" class=\"ct-div-block color-card\" title=\"Piment de la Jama&iuml;que\" image-texture=\"https:\/\/maibec.com\/wp-content\/uploads\/2022\/02\/Piment-de-la-Jamai&#776;que-SEPIM.jpg\" image-bardeau=\"\" data-id=\"div_block-2422-4333\"><img decoding=\"async\" id=\"image-2423-4333-4-1\" alt=\"\" src=\"https:\/\/maibec.com\/wp-content\/uploads\/2022\/02\/Piment-de-la-Jamai\u0308que-SEPIM.jpg\" class=\"ct-image image-couleur\" data-id=\"image-2423-4333\"><div id=\"text_block-2424-4333-4-1\" class=\"ct-text-block text--xs\" data-id=\"text_block-2424-4333\">&nbsp;<span id=\"span-2425-4333\" class=\"ct-span\" >Piment de la Jama\u00efque<\/span><\/div><\/div><\/div>\n<\/div>                    \n                                            \n                                        \n                    <\/div>\n<\/div><\/div><\/section><section id=\"section-2489-4333\" class=\" ct-section bg--secondary pad-section--xs\" ><div class=\"ct-section-inner-wrap\"><div id=\"div_block-2490-4333\" class=\"ct-div-block owl--m order--first-l\" ><h3 id=\"headline-2491-4333\" class=\"ct-headline\">H2BO teinture de vieillissement \u00e0 base d\u2019eau<\/h3><div id=\"text_block-2492-4333\" class=\"ct-text-block\" >Pour le bardeau de c\u00e8dre blanc de l\u2019Est et le lambris de c\u00e8dre rouge<br><\/div><\/div><\/div><\/section><section id=\"section-2494-4333\" class=\" ct-section bg--secondary center--all pad-section--xs section_images_express\" ><div class=\"ct-section-inner-wrap\"><div id=\"div_block-2495-4333\" class=\"ct-div-block class-bois-couleurs\" ><div id=\"_dynamic_list-2496-4333\" class=\"oxy-dynamic-list\"><div id=\"div_block-2497-4333-1\" class=\"ct-div-block\" data-id=\"div_block-2497-4333\"><div id=\"_dynamic_list-2498-4333-1\" class=\"oxy-dynamic-list\" data-id=\"_dynamic_list-2498-4333\"><div id=\"div_block-2499-4333-1-1\" class=\"ct-div-block color-card\" title=\"Gris p&acirc;le H2BO\" image-texture=\"https:\/\/maibec.com\/wp-content\/uploads\/2022\/02\/ST_H2O-LightGrey-GrisPale.jpg\" image-bardeau=\"\" data-id=\"div_block-2499-4333\"><img decoding=\"async\" id=\"image-2500-4333-1-1\" alt=\"\" src=\"https:\/\/maibec.com\/wp-content\/uploads\/2022\/02\/Gris-pa\u0302le-H2O.jpg\" class=\"ct-image image-couleur\" data-id=\"image-2500-4333\"><div id=\"text_block-2501-4333-1-1\" class=\"ct-text-block text--xs\" data-id=\"text_block-2501-4333\">&nbsp;<span id=\"span-2502-4333\" class=\"ct-span\" >Gris p\u00e2le H2BO<\/span><\/div><\/div><div id=\"div_block-2499-4333-2-1\" class=\"ct-div-block color-card\" title=\"Gris fonc&eacute; H2BO\" image-texture=\"https:\/\/maibec.com\/wp-content\/uploads\/2022\/02\/ST_H2O-DarkGrey-GrisFonce.jpg\" image-bardeau=\"\" data-id=\"div_block-2499-4333\"><img decoding=\"async\" id=\"image-2500-4333-2-1\" alt=\"\" src=\"https:\/\/maibec.com\/wp-content\/uploads\/2022\/02\/Gris-fonce\u0301-H2OF.jpg\" class=\"ct-image image-couleur\" data-id=\"image-2500-4333\"><div id=\"text_block-2501-4333-2-1\" class=\"ct-text-block text--xs\" data-id=\"text_block-2501-4333\">&nbsp;<span id=\"span-2502-4333\" class=\"ct-span\" >Gris fonc\u00e9 H2BO<\/span><\/div><\/div><\/div>\n<\/div>                    \n                                            \n                                        \n                    <\/div>\n<\/div><\/div><\/section><section id=\"section-55-142\" class=\" ct-section owl--l\" ><div class=\"ct-section-inner-wrap\"><h2 id=\"headline-69-142\" class=\"ct-headline titre-secondaire\">Finalisez votre projet avec les moulures et accessoires du programme Maibec Express<br><\/h2><\/div><\/section><section id=\"section-3773-4333\" class=\" ct-section bg--secondary center--all owl--xl section-produit-card section_express\" ><div class=\"ct-section-inner-wrap\"><div id=\"div_block-3777-4333\" class=\"ct-div-block div_maibec_express\" ><div id=\"div_block-3778-4333\" class=\"ct-div-block center--all owl--s card-overlap-image-shadow bg--white card-product-size pad--s\" ><img decoding=\"async\"  id=\"image-3903-4333\" alt=\"\" src=\"https:\/\/maibec.com\/wp-content\/uploads\/2022\/12\/Maibec-Accueil-Bois-Slider-1.png\" class=\"ct-image\"\/><div id=\"div_block-3780-4333\" class=\"ct-div-block div-heading-card-product\" ><h4 id=\"headline-3782-4333\" class=\"ct-headline text--primary\">Coins m\u00e9talliques<\/h4><div id=\"text_block-3795-4333\" class=\"ct-text-block\" >Un style \u00e9pur\u00e9 qui compl\u00e8te parfaitement le style contemporain.<\/div><\/div><\/div><div id=\"div_block-3783-4333\" class=\"ct-div-block center--all owl--s card-overlap-image-shadow bg--white card-product-size pad--s\" ><img decoding=\"async\"  id=\"image-3806-4333\" alt=\"\" src=\"https:\/\/maibec.com\/wp-content\/uploads\/2022\/12\/stave-lake-nouveau-2.png\" class=\"ct-image\"\/><div id=\"div_block-3798-4333\" class=\"ct-div-block div-heading-card-product\" ><h4 id=\"headline-3799-4333\" class=\"ct-headline text--primary\">Moulures de transition<\/h4><div id=\"text_block-3800-4333\" class=\"ct-text-block\" >Pour des transitions modernes entre les sections de rev\u00eatement.<\/div><\/div><\/div><div id=\"div_block-3788-4333\" class=\"ct-div-block center--all owl--s card-overlap-image-shadow bg--white card-product-size pad--s\" ><img decoding=\"async\"  id=\"image-3904-4333\" alt=\"\" src=\"https:\/\/maibec.com\/wp-content\/uploads\/2022\/12\/stave-lake-nouveau-1.png\" class=\"ct-image\"\/><div id=\"div_block-3802-4333\" class=\"ct-div-block div-heading-card-product\" ><h4 id=\"headline-3803-4333\" class=\"ct-headline text--primary\">Accessoires<\/h4><div id=\"text_block-3804-4333\" class=\"ct-text-block\" >Utilisez les accessoires Maibec qui faciliteront votre travail.<\/div><\/div><\/div><\/div><h2 id=\"headline-3774-4333\" class=\"ct-headline titre-secondaire\">Programme Maibec Express<\/h2><div id=\"text_block-3775-4333\" class=\"ct-text-block text--s\" >D\u00e9couvrez toutes les combinaisons gagnantes du programme Maibec Express. <br>Jouez avec les finis et les couleurs et mettez la touche finale \u00e0 votre projet !<\/div><a id=\"link_text-4002-4333\" class=\"ct-link-text text_slider btn-express\" href=\"https:\/\/maibec.com\/wp-content\/uploads\/2026\/02\/OP_Maibec-Express-2026-FR_v1.pdf\" target=\"_self\"  >D\u00e9couvrez maintenant<\/a><\/div><\/section>            <div tabindex=\"-1\" class=\"oxy-modal-backdrop  \"\n                style=\"background-color: rgba(0,0,0,0.5);\"\n                data-trigger=\"user_clicks_element\"                data-trigger-selector=\".color-card\"                data-trigger-time=\"5\"                data-trigger-time-unit=\"seconds\"                data-close-automatically=\"no\"                data-close-after-time=\"10\"                data-close-after-time-unit=\"seconds\"                data-trigger_scroll_amount=\"50\"                data-trigger_scroll_direction=\"down\"\t            data-scroll_to_selector=\"\"\t            data-time_inactive=\"60\"\t            data-time-inactive-unit=\"seconds\"\t            data-number_of_clicks=\"3\"\t            data-close_on_esc=\"on\"\t            data-number_of_page_views=\"3\"                data-close-after-form-submit=\"no\"                data-open-again=\"always_show\"                data-open-again-after-days=\"3\"            >\n\n                <div id=\"modal-1945-2448\" class=\"ct-modal modal-container\" ><div id=\"div_block-1946-2448\" class=\"ct-div-block owl--m\" ><h4 id=\"headline-1947-2448\" class=\"ct-headline modal-header\">Double-click this headline to edit the text.<\/h4><div id=\"div_block-1948-2448\" class=\"ct-div-block\" ><img decoding=\"async\"  id=\"image-1949-2448\" alt=\"\" src=\"http:\/\/via.placeholder.com\/1600x900\" class=\"ct-image modal-image\"\/><\/div><\/div><div id=\"div_block-1950-2448\" class=\"ct-div-block loading-gif\" ><div id=\"code_block-1951-2448\" class=\"ct-code-block\" ><script src=\"https:\/\/unpkg.com\/@lottiefiles\/lottie-player@latest\/dist\/lottie-player.js\"><\/script>\n<lottie-player src=\"https:\/\/assets4.lottiefiles.com\/packages\/lf20_2svadkl0.json\"  background=\"transparent\"  speed=\"1\"  style=\"width: 300px; height: 300px;\"  loop autoplay><\/lottie-player>\n<\/div><\/div><div id=\"fancy_icon-1952-2448\" class=\"ct-fancy-icon oxy-close-modal\" ><svg id=\"svg-fancy_icon-1952-2448\"><use xlink:href=\"#Lineariconsicon-cross\"><\/use><\/svg><\/div><\/div>\n            <\/div>\n        <div id=\"code_block-478-142\" class=\"ct-code-block\" ><\/div>\n\n\n<p><\/p>\n","protected":false},"excerpt":{"rendered":"","protected":false},"author":15,"featured_media":0,"parent":0,"menu_order":0,"comment_status":"closed","ping_status":"closed","template":"","meta":{"content-type":"","footnotes":""},"class_list":["post-4333","page","type-page","status-publish","hentry"],"acf":[],"featured_image_src":null,"featured_image_src_square":null,"_links":{"self":[{"href":"https:\/\/maibec.com\/en\/wp-json\/wp\/v2\/pages\/4333","targetHints":{"allow":["GET"]}}],"collection":[{"href":"https:\/\/maibec.com\/en\/wp-json\/wp\/v2\/pages"}],"about":[{"href":"https:\/\/maibec.com\/en\/wp-json\/wp\/v2\/types\/page"}],"author":[{"embeddable":true,"href":"https:\/\/maibec.com\/en\/wp-json\/wp\/v2\/users\/15"}],"replies":[{"embeddable":true,"href":"https:\/\/maibec.com\/en\/wp-json\/wp\/v2\/comments?post=4333"}],"version-history":[{"count":0,"href":"https:\/\/maibec.com\/en\/wp-json\/wp\/v2\/pages\/4333\/revisions"}],"wp:attachment":[{"href":"https:\/\/maibec.com\/en\/wp-json\/wp\/v2\/media?parent=4333"}],"curies":[{"name":"wp","href":"https:\/\/api.w.org\/{rel}","templated":true}]}}