{"id":405,"date":"2022-02-02T16:50:58","date_gmt":"2022-02-02T16:50:58","guid":{"rendered":"http:\/\/maibecstg.wpenginepowered.com\/?page_id=405"},"modified":"2024-02-13T14:10:49","modified_gmt":"2024-02-13T19:10:49","slug":"careers","status":"publish","type":"page","link":"https:\/\/maibec.com\/en\/a-propos\/carrieres\/","title":{"rendered":"Careers"},"content":{"rendered":"<div id=\"div_block-337-405\" class=\"ct-div-block\" ><section id=\"section-2-405\" class=\"ct-section hero-section\" ><div class=\"ct-section-inner-wrap\"><img decoding=\"async\"  id=\"image-3-405\" alt=\"\" src=\"https:\/\/maibec.com\/wp-content\/uploads\/2022\/02\/body_bg.jpg\" class=\"ct-image hero-section-image\"\/><div id=\"div_block-4-405\" class=\"ct-div-block hero-content owl--l\" ><h2 id=\"headline-6-405\" class=\"ct-headline text--xl text--white\">Make it happen<br><\/h2><div id=\"text_block-7-405\" class=\"ct-text-block text--white\" >Look for your next opportunity <br><\/div><a id=\"link_button-8-405\" class=\"ct-link-button btn--primary btn--xs btn-carriere\" href=\"https:\/\/job.maibec.com\/en\/\" target=\"_self\"  >See all opportunities<\/a><\/div><\/div><\/section><section id=\"section-13-405\" class=\"ct-section bg--accent\" ><div class=\"ct-section-inner-wrap\"><h1 id=\"headline-15-405\" class=\"ct-headline\">Wood, our primary resource.<br>Our people, our priority resource.<\/h1><\/div><\/section><img decoding=\"async\"  id=\"image-392-405\" alt=\"\" src=\"https:\/\/maibec.com\/wp-content\/uploads\/2022\/07\/Carrieres-EN.jpg\" class=\"ct-image\"\/><section id=\"section-18-405\" class=\"ct-section bg--secondary owl--xl\" ><div class=\"ct-section-inner-wrap\"><div id=\"div_block-19-405\" class=\"ct-div-block owl--l\" ><h3 id=\"headline-20-405\" class=\"ct-headline\">Who we are<\/h3><div id=\"text_block-21-405\" class=\"ct-text-block\" >Venez d\u00e9couvrir Maibec. Une entreprise familiale fond\u00e9e il y a plus de 70 ans et qui se concentre sur la production et la commercialisation de syst\u00e8mes de rev\u00eatement ext\u00e9rieur. Notre mission est d&#8217;offrir une vaste gamme de rev\u00eatements et de solutions de qualit\u00e9 pour tous les types de projets et de budgets, tant pour les professionnels, les auto-constructeurs que le grand public.<\/div><\/div><div id=\"div_block-24-405\" class=\"ct-div-block\" ><div id=\"div_block-25-405\" class=\"ct-div-block owl--m\" ><h3 id=\"headline-27-405\" class=\"ct-headline\">Evolving and responding to our customers\u2019needs, our product lines reflect our goals of sustainability and the importance of offering quality and durable materials, in harmony with the environment and any architectural style.<\/h3><div id=\"text_block-29-405\" class=\"ct-text-block text--s\" >\u00c9volutives et \u00e0 l\u2019\u00e9coute de nos clients, nos gammes de produits refl\u00e8tent nos sentiments de p\u00e9rennit\u00e9 et de l\u2019importance d\u2019offrir des mat\u00e9riaux de qualit\u00e9 et durables, en harmonie avec l&#8217;environnement et tout style architectural.<\/div><\/div><div id=\"div_block-26-405\" class=\"ct-div-block\" ><img decoding=\"async\"  id=\"image-31-405\" alt=\"\" src=\"https:\/\/maibec.com\/wp-content\/uploads\/2022\/04\/Carrieres1.png\" class=\"ct-image\"\/><\/div><\/div><div id=\"div_block-32-405\" class=\"ct-div-block\" ><div id=\"div_block-36-405\" class=\"ct-div-block\" ><img decoding=\"async\"  id=\"image-37-405\" alt=\"\" src=\"https:\/\/maibec.com\/wp-content\/uploads\/2022\/04\/Carrieres2.png\" class=\"ct-image\"\/><\/div><div id=\"div_block-33-405\" class=\"ct-div-block owl--m order--first-m\" ><h3 id=\"headline-34-405\" class=\"ct-headline\">What are we looking for<br><\/h3><div id=\"text_block-35-405\" class=\"ct-text-block text--s\" >Behind every product and offering we develop and manufacture is a dedicated team of 750 women and men, spread over 13 sites from Eastern to Western America:&nbsp;<div>Quebec, New Brunswick, Nova Scotia, British Columbia and the East Coast of the United States.<\/div><\/div><\/div><\/div><\/div><\/section><section id=\"section-38-405\" class=\"ct-section bg--accent owl--m\" ><div class=\"ct-section-inner-wrap\"><h3 id=\"headline-39-405\" class=\"ct-headline\">T\u00e9moignage employ\u00e9<\/h3>\n\t\t<div id=\"-carousel-builder-40-405\" class=\"oxy-carousel-builder\" ><div class=\"oxy-carousel-builder_inner oxy-inner-content\" data-prev=\".oxy-carousel-builder_prev\" data-next=\".oxy-carousel-builder_next\" data-contain=\"true\" data-percent=\"true\" data-freescroll=\"false\" data-draggable=\"true\" data-wraparound=\"false\" data-carousel=\".oxy-dynamic-list\" data-cell=\"\" data-dragthreshold=\"3\" data-selectedattraction=\"0.025\" data-friction=\"0.28\" data-freescrollfriction=\"0.075\" data-forceheight=\"false\" data-fade=\"false\" data-tickerpause=\"true\" data-groupcells=\"1\" data-autoplay=\"0\" data-pauseautoplay=\"true\" data-hash=\"false\" data-initial=\"1\" data-accessibility=\"true\" data-cellalign=\"center\" data-righttoleft=\"false\" data-images-loaded=\"true\" data-pagedots=\"false\" data-trigger-aos=\"false\" data-clickselect=\"false\" data-parallaxbg=\"false\" data-bgspeed=\"5\" data-tick=\"false\" ><div id=\"_dynamic_list-41-405\" class=\"oxy-dynamic-list\"><div id=\"div_block-42-405-1\" class=\"ct-div-block owl--m\" data-id=\"div_block-42-405\"><div id=\"div_block-43-405-1\" class=\"ct-div-block\" data-id=\"div_block-43-405\"><div id=\"text_block-44-405-1\" class=\"ct-text-block text--s\" data-id=\"text_block-44-405\"><span id=\"span-45-405\" class=\"ct-span\" ><\/span><\/div><\/div><div id=\"div_block-46-405-1\" class=\"ct-div-block\" data-id=\"div_block-46-405\"><div id=\"div_block-47-405-1\" class=\"ct-div-block\" data-id=\"div_block-47-405\"><div id=\"div_block-48-405-1\" class=\"ct-div-block\" data-id=\"div_block-48-405\"><div id=\"text_block-49-405-1\" class=\"ct-text-block text--xs\" data-id=\"text_block-49-405\"><span id=\"span-50-405\" class=\"ct-span\" ><\/span><\/div><div id=\"text_block-51-405-1\" class=\"ct-text-block text--xs\" data-id=\"text_block-51-405\"><span id=\"span-52-405\" class=\"ct-span\" ><\/span><\/div><\/div><img decoding=\"async\" id=\"image-53-405-1\" alt=\"\" src=\"\" class=\"ct-image\" data-id=\"image-53-405\"><\/div><\/div><\/div><div id=\"div_block-42-405-2\" class=\"ct-div-block owl--m\" data-id=\"div_block-42-405\"><div id=\"div_block-43-405-2\" class=\"ct-div-block\" data-id=\"div_block-43-405\"><div id=\"text_block-44-405-2\" class=\"ct-text-block text--s\" data-id=\"text_block-44-405\"><span id=\"span-45-405\" class=\"ct-span\" ><\/span><\/div><\/div><div id=\"div_block-46-405-2\" class=\"ct-div-block\" data-id=\"div_block-46-405\"><div id=\"div_block-47-405-2\" class=\"ct-div-block\" data-id=\"div_block-47-405\"><div id=\"div_block-48-405-2\" class=\"ct-div-block\" data-id=\"div_block-48-405\"><div id=\"text_block-49-405-2\" class=\"ct-text-block text--xs\" data-id=\"text_block-49-405\"><span id=\"span-50-405\" class=\"ct-span\" ><\/span><\/div><div id=\"text_block-51-405-2\" class=\"ct-text-block text--xs\" data-id=\"text_block-51-405\"><span id=\"span-52-405\" class=\"ct-span\" ><\/span><\/div><\/div><img decoding=\"async\" id=\"image-53-405-2\" alt=\"\" src=\"\" class=\"ct-image\" data-id=\"image-53-405\"><\/div><\/div><\/div>                    \n                                            \n                                        \n                    <\/div>\n<\/div><div class=\"oxy-carousel-builder_icon oxy-carousel-builder_prev\"><svg id=\"prev-carousel-builder-40-405\"><use xlink:href=\"#Lineariconsicon-chevron-left\"><\/use><\/svg><\/span><\/div><div class=\"oxy-carousel-builder_icon oxy-carousel-builder_next\"><svg id=\"next-carousel-builder-40-405\"><use xlink:href=\"#Lineariconsicon-chevron-right\"><\/use><\/svg><\/span><\/div><\/div>\n\n\t\t<\/div><\/section><section id=\"section-78-405\" class=\"ct-section bg--accent owl--xl\" ><div class=\"ct-section-inner-wrap\"><h1 id=\"headline-79-405\" class=\"ct-headline\">Why work at Maibec<\/h1><div id=\"div_block-81-405\" class=\"ct-div-block\" ><div id=\"div_block-82-405\" class=\"ct-div-block owl--m\" ><img decoding=\"async\"  id=\"image-85-405\" alt=\"\" src=\"https:\/\/maibec.com\/wp-content\/uploads\/2022\/03\/v1.png\" class=\"ct-image\"\/><div id=\"div_block-92-405\" class=\"ct-div-block\" ><div id=\"text_block-86-405\" class=\"ct-text-block text--s\" >Reap the benefits&nbsp;<br>of your work:&nbsp;<br><\/div><div id=\"text_block-93-405\" class=\"ct-text-block text--s\" >we recognize the contribution of our people<\/div><\/div><\/div><div id=\"div_block-101-405\" class=\"ct-div-block owl--m\" ><img decoding=\"async\"  id=\"image-102-405\" alt=\"\" src=\"https:\/\/maibec.com\/wp-content\/uploads\/2022\/03\/v2.png\" class=\"ct-image\"\/><div id=\"div_block-103-405\" class=\"ct-div-block\" ><div id=\"text_block-104-405\" class=\"ct-text-block text--s\" >Benefit from a sustainable&nbsp;<br>and stable employment :&nbsp;<br><\/div><div id=\"text_block-105-405\" class=\"ct-text-block text--s\" >we like to keep our people for a long time<\/div><\/div><\/div><div id=\"div_block-106-405\" class=\"ct-div-block owl--m\" ><img decoding=\"async\"  id=\"image-107-405\" alt=\"\" src=\"https:\/\/maibec.com\/wp-content\/uploads\/2022\/03\/v3.png\" class=\"ct-image\"\/><div id=\"div_block-108-405\" class=\"ct-div-block\" ><div id=\"text_block-109-405\" class=\"ct-text-block text--s\" >Join a company that takes pride&nbsp;<br>of its human values :<br><\/div><div id=\"text_block-110-405\" class=\"ct-text-block text--s\" >our people are our priority<\/div><\/div><\/div><\/div><div id=\"div_block-237-405\" class=\"ct-div-block\" ><div id=\"div_block-253-405\" class=\"ct-div-block owl--m\" ><img decoding=\"async\"  id=\"image-254-405\" alt=\"\" src=\"https:\/\/maibec.com\/wp-content\/uploads\/2022\/03\/v4.png\" class=\"ct-image\"\/><div id=\"div_block-255-405\" class=\"ct-div-block\" ><div id=\"text_block-256-405\" class=\"ct-text-block text--s\" >Partake in a safe&nbsp;<br>work environment : <br><\/div><div id=\"text_block-257-405\" class=\"ct-text-block text--s\" >we take care of our people<\/div><\/div><\/div><div id=\"div_block-258-405\" class=\"ct-div-block owl--m\" ><img decoding=\"async\"  id=\"image-259-405\" alt=\"\" src=\"https:\/\/maibec.com\/wp-content\/uploads\/2022\/03\/v5.png\" class=\"ct-image\"\/><div id=\"div_block-260-405\" class=\"ct-div-block\" ><div id=\"text_block-261-405\" class=\"ct-text-block text--s\" >Grow&nbsp;<br>your career :<br><\/div><div id=\"text_block-262-405\" class=\"ct-text-block text--s\" >we develop the full potential of our people<\/div><\/div><\/div><\/div><\/div><\/section><section id=\"section-143-405\" class=\"ct-section bg--accent\" ><div class=\"ct-section-inner-wrap\"><a id=\"link_button-144-405\" class=\"ct-link-button btn--primary btn--xs\" href=\"https:\/\/job.maibec.com\/en\/\" target=\"_self\"  >See all opportunities<\/a><\/div><\/section><\/div><div id=\"_dynamic_list-208-405\" class=\"oxy-dynamic-list\"><div id=\"div_block-209-405-1\" class=\"ct-div-block\" data-id=\"div_block-209-405\"><\/div><div id=\"div_block-209-405-2\" class=\"ct-div-block\" data-id=\"div_block-209-405\"><\/div><div id=\"div_block-209-405-3\" class=\"ct-div-block\" data-id=\"div_block-209-405\"><\/div><div id=\"div_block-209-405-4\" class=\"ct-div-block\" data-id=\"div_block-209-405\"><\/div><div id=\"div_block-209-405-5\" class=\"ct-div-block\" data-id=\"div_block-209-405\"><\/div><div id=\"div_block-209-405-6\" class=\"ct-div-block\" data-id=\"div_block-209-405\"><\/div><div id=\"div_block-209-405-7\" class=\"ct-div-block\" data-id=\"div_block-209-405\"><\/div><div id=\"div_block-209-405-8\" class=\"ct-div-block\" data-id=\"div_block-209-405\"><\/div><div id=\"div_block-209-405-9\" class=\"ct-div-block\" data-id=\"div_block-209-405\"><\/div><div id=\"div_block-209-405-10\" class=\"ct-div-block\" data-id=\"div_block-209-405\"><\/div><div id=\"div_block-209-405-11\" class=\"ct-div-block\" data-id=\"div_block-209-405\"><\/div><div id=\"div_block-209-405-12\" class=\"ct-div-block\" data-id=\"div_block-209-405\"><\/div><div id=\"div_block-209-405-13\" class=\"ct-div-block\" data-id=\"div_block-209-405\"><\/div>                    \n                                            \n                                        \n                    <\/div>\n<div id=\"code_block-12-405\" class=\"ct-code-block\" ><\/div>","protected":false},"excerpt":{"rendered":"","protected":false},"author":5,"featured_media":0,"parent":196,"menu_order":0,"comment_status":"closed","ping_status":"closed","template":"","meta":{"content-type":"","footnotes":""},"class_list":["post-405","page","type-page","status-publish","hentry"],"acf":[],"featured_image_src":null,"featured_image_src_square":null,"_links":{"self":[{"href":"https:\/\/maibec.com\/en\/wp-json\/wp\/v2\/pages\/405","targetHints":{"allow":["GET"]}}],"collection":[{"href":"https:\/\/maibec.com\/en\/wp-json\/wp\/v2\/pages"}],"about":[{"href":"https:\/\/maibec.com\/en\/wp-json\/wp\/v2\/types\/page"}],"author":[{"embeddable":true,"href":"https:\/\/maibec.com\/en\/wp-json\/wp\/v2\/users\/5"}],"replies":[{"embeddable":true,"href":"https:\/\/maibec.com\/en\/wp-json\/wp\/v2\/comments?post=405"}],"version-history":[{"count":0,"href":"https:\/\/maibec.com\/en\/wp-json\/wp\/v2\/pages\/405\/revisions"}],"up":[{"embeddable":true,"href":"https:\/\/maibec.com\/en\/wp-json\/wp\/v2\/pages\/196"}],"wp:attachment":[{"href":"https:\/\/maibec.com\/en\/wp-json\/wp\/v2\/media?parent=405"}],"curies":[{"name":"wp","href":"https:\/\/api.w.org\/{rel}","templated":true}]}}