{"id":261,"date":"2022-01-26T19:16:31","date_gmt":"2022-01-26T19:16:31","guid":{"rendered":"http:\/\/maibecstg.wpenginepowered.com\/?page_id=261"},"modified":"2023-11-23T14:03:24","modified_gmt":"2023-11-23T19:03:24","slug":"quality","status":"publish","type":"page","link":"https:\/\/maibec.com\/en\/a-propos\/qualite\/","title":{"rendered":"Quality"},"content":{"rendered":"<section id=\"section-1-261\" class=\"ct-section hero-section\" ><div class=\"ct-section-inner-wrap\"><img decoding=\"async\"  id=\"image-2-261\" alt=\"\" src=\"https:\/\/maibec.com\/wp-content\/uploads\/2022\/01\/qualite-lambris-1-1.jpg\" class=\"ct-image hero-section-image\"\/><div id=\"div_block-3-261\" class=\"ct-div-block hero-content owl--l\" ><h2 id=\"headline-5-261\" class=\"ct-headline text--xl text--white\">Maibec Quality<br><\/h2><div id=\"text_block-6-261\" class=\"ct-text-block text--white\" >Beauty is more than skin deep<br><\/div><\/div><\/div><\/section><section id=\"section-10-261\" class=\"ct-section bg--accent\" ><div class=\"ct-section-inner-wrap\"><div id=\"div_block-15-261\" class=\"ct-div-block\" ><h1 id=\"headline-11-261\" class=\"ct-headline\">Maibec Quality<\/h1><p id=\"text_block-13-261\" class=\"ct-text-block\" >Maibec s\u2019impose comme une r\u00e9f\u00e9rence nord-am\u00e9ricaine en mati\u00e8re de syst\u00e8mes int\u00e9gr\u00e9s de rev\u00eatement de b\u00e2timents. Qu\u2019il s\u2019agisse de nos produits de bois v\u00e9ritable r\u00e9put\u00e9s depuis plus de 40 ans, mat\u00e9riaux d\u2019ing\u00e9nierie, accessoires harmonis\u00e9s, solutions d\u2019assemblage innovantes ou teintures dont nous ma\u00eetrisons parfaitement l&#8217;application, Maibec vous propose une gamme compl\u00e8te et compl\u00e9mentaire s&#8217;articulant autour de notre rev\u00eatement de qualit\u00e9 sup\u00e9rieure et \u00e9prouv\u00e9e.<br><br>Our almost infinite customization options, proactive customer service and credible warranties are also a part of the Maibec experience throughout every phase and aspect of your project. For you, this means a rich and timeless design that\u2019s not only in line with architectural trends, but that also contributes to the value of your investment and to your peace of mind.<\/p><\/div><\/div><\/section><section id=\"section-16-261\" class=\"ct-section bg--accent\" ><div class=\"ct-section-inner-wrap\">\n\t\t<div id=\"-pro-accordion-20-261\" class=\"oxy-pro-accordion FAQ_dropdown\" ><div class=\"oxy-pro-accordion_inner\" data-icon=\"animate\" data-expand=\"400\" data-repeater=\"disable\" data-repeater-first=\"false\" data-acf=\"closed\" data-type=\"manual\" data-disablesibling=\"true\">\n              <div class=\"oxy-pro-accordion_item active\" data-init=\"open\"><button  id=\"header-pro-accordion-20-261\" class=\"oxy-pro-accordion_header\" aria-expanded=\"false\" aria-controls=\"body-pro-accordion-20-261\"><span class=\"oxy-pro-accordion_title-area\"><h4 class=\"oxy-pro-accordion_title\">Siding quality<\/h4><span class=\"oxy-pro-accordion_subtitle\"><\/span><\/span><span class=\"oxy-pro-accordion_icon oxy-pro-accordion_icon-animate\"><svg id=\"toggle-pro-accordion-20-261\" class=\"oxy-pro-accordion_toggle-icon\"><use xlink:href=\"#FontAwesomeicon-sort-asc\"><\/use><\/svg><\/span><\/button><div id=\"body-pro-accordion-20-261\" class=\"oxy-pro-accordion_body\" aria-labelledby=\"header-pro-accordion-20-261\" role=\"region\"><div class=\"oxy-pro-accordion_content oxy-inner-content\"><div id=\"div_block-94-261\" class=\"ct-div-block owl--xl\" ><div id=\"div_block-62-261\" class=\"ct-div-block\" ><div id=\"text_block-64-261\" class=\"ct-text-block text--s\" >To bear the Maibec seal of approval, every board must go through a series of critical steps. Throughout this tightly controlled manufacturing process, we combine today\u2019s advanced technology with the recognized know-how of our in-house experts.<\/div><\/div><div id=\"div_block-102-261\" class=\"ct-div-block\" ><div id=\"div_block-103-261\" class=\"ct-div-block owl--m\" ><h3 id=\"headline-104-261\" class=\"ct-headline\">Only the best of every tree<\/h3><div id=\"text_block-105-261\" class=\"ct-text-block text--s\" >When selecting raw materials, our strict process ensures that only wood meeting our high-quality standards is chosen. Every board of Maibec siding is the result of a rigorous selection and manufacturing process meeting strict quality standards. Only the best of every tree goes into our siding, guaranteeing responsible resource use and a superior finished product for you to enjoy.<br><\/div><\/div><div id=\"div_block-106-261\" class=\"ct-div-block\" ><img decoding=\"async\"  id=\"image-107-261\" alt=\"\" src=\"https:\/\/maibec.com\/wp-content\/uploads\/2022\/01\/lambris1.jpg\" class=\"ct-image\"\/><\/div><\/div><div id=\"div_block-119-261\" class=\"ct-div-block\" ><div id=\"div_block-120-261\" class=\"ct-div-block\" ><img decoding=\"async\"  id=\"image-121-261\" alt=\"\" src=\"https:\/\/maibec.com\/wp-content\/uploads\/2022\/01\/lambris2.jpg\" class=\"ct-image\"\/><\/div><div id=\"div_block-122-261\" class=\"ct-div-block owl--m order--first-m\" ><h3 id=\"headline-123-261\" class=\"ct-headline\">Optimal drying<\/h3><div id=\"text_block-124-261\" class=\"ct-text-block text--s\" >Perfected over decades, Maibec's drying technique achieves the right balance to ensure optimal stain adhesion and minimal movement in extreme conditions. Thanks to our extensive know-how and specialized equipment, we can control moisture content throughout the entire thickness of the siding, with very little variation from one board to the next.<\/div><\/div><\/div><div id=\"div_block-67-261\" class=\"ct-div-block\" ><div id=\"div_block-71-261\" class=\"ct-div-block owl--m\" ><h3 id=\"headline-73-261\" class=\"ct-headline\">Careful selection. Precise cutting<\/h3><div id=\"text_block-74-261\" class=\"ct-text-block text--s\" >Our leading-edge equipment ensures consistent profiling accuracy board after board. Each and every board is carefully analyzed. Knot structure, wood grain orientation, roughness, and visible resin are assessed by our professionals. Any imperfections that may affect the siding\u2019s performance are carefully controlled.<\/div><\/div><div id=\"div_block-72-261\" class=\"ct-div-block\" ><img decoding=\"async\"  id=\"image-75-261\" alt=\"\" src=\"https:\/\/maibec.com\/wp-content\/uploads\/2022\/01\/lambris3.jpg\" class=\"ct-image\"\/><\/div><\/div><div id=\"div_block-96-261\" class=\"ct-div-block\" ><div id=\"div_block-100-261\" class=\"ct-div-block\" ><img decoding=\"async\"  id=\"image-101-261\" alt=\"\" src=\"https:\/\/maibec.com\/wp-content\/uploads\/2022\/01\/lambris4.jpg\" class=\"ct-image\"\/><\/div><div id=\"div_block-97-261\" class=\"ct-div-block owl--m order--first-m\" ><h3 id=\"headline-98-261\" class=\"ct-headline\">A perfect blend<br>of wood and colour<\/h3><div id=\"text_block-99-261\" class=\"ct-text-block text--s\" >Unique to Maibec. Our stains are developed in close partnership with the best manufacturers according to our factory application process while considering the inherent properties of the wood species we work with. In the factory, our stains are applied in a controlled environment on all six sides and dried in a high-intensity oven to ensure optimum durability. Extreme conditions testing enables us to develop stains that protect against the damaging effects of the sun, inclement weather and the natural environment.<\/div><\/div><\/div><div id=\"div_block-131-261\" class=\"ct-div-block\" ><div id=\"div_block-132-261\" class=\"ct-div-block owl--m\" ><h3 id=\"headline-133-261\" class=\"ct-headline\">Rigorous quality control based on decades of know-how.<\/h3><div id=\"text_block-134-261\" class=\"ct-text-block text--s\" >Every tree is unique. This means that every board of siding in your project has unique characteristics. Knowing this, Maibec imposes the strictest quality standards throughout its entire manufacturing process to ensure consistent quality and uniformity \u2014 from selecting raw materials to packaging the final product. This careful attention to detail is why we can offer such consistent quality, order after order.<\/div><\/div><div id=\"div_block-135-261\" class=\"ct-div-block\" ><img decoding=\"async\"  id=\"image-136-261\" alt=\"\" src=\"https:\/\/maibec.com\/wp-content\/uploads\/2022\/01\/lambris5.jpg\" class=\"ct-image\"\/><\/div><\/div><\/div><\/div><\/div><\/div><\/div><\/div>\n\n\t\t\n\t\t<div id=\"-pro-accordion-177-261\" class=\"oxy-pro-accordion FAQ_dropdown\" ><div class=\"oxy-pro-accordion_inner\" data-icon=\"animate\" data-expand=\"400\" data-repeater=\"disable\" data-repeater-first=\"false\" data-acf=\"closed\" data-type=\"manual\" data-disablesibling=\"true\">\n              <div class=\"oxy-pro-accordion_item\" data-init=\"closed\"><button  id=\"header-pro-accordion-177-261\" class=\"oxy-pro-accordion_header\" aria-expanded=\"false\" aria-controls=\"body-pro-accordion-177-261\"><span class=\"oxy-pro-accordion_title-area\"><h4 class=\"oxy-pro-accordion_title\">Shingle quality<\/h4><span class=\"oxy-pro-accordion_subtitle\"><\/span><\/span><span class=\"oxy-pro-accordion_icon oxy-pro-accordion_icon-animate\"><svg id=\"toggle-pro-accordion-177-261\" class=\"oxy-pro-accordion_toggle-icon\"><use xlink:href=\"#FontAwesomeicon-sort-asc\"><\/use><\/svg><\/span><\/button><div id=\"body-pro-accordion-177-261\" class=\"oxy-pro-accordion_body\" aria-labelledby=\"header-pro-accordion-177-261\" role=\"region\"><div class=\"oxy-pro-accordion_content oxy-inner-content\"><div id=\"div_block-178-261\" class=\"ct-div-block owl--xl\" ><div id=\"div_block-179-261\" class=\"ct-div-block\" ><div id=\"text_block-180-261\" class=\"ct-text-block text--s\" >Quality from every angle.\u00a0Maibec's Eastern white cedar shingles are the industry benchmark for quality. This reputation is the result of our unique know-how and rigorous quality controls at every stage of the manufacturing process.<\/div><\/div><div id=\"div_block-181-261\" class=\"ct-div-block\" ><div id=\"div_block-182-261\" class=\"ct-div-block owl--m\" ><h3 id=\"headline-183-261\" class=\"ct-headline\">Only the finest raw materials<\/h3><div id=\"text_block-184-261\" class=\"ct-text-block text--s\" >From raw material selection to the final product, Maibec manages all activities in producing its exterior siding and lumber products, allowing us to use 100% of each tree\u2019s potential. Every shingle results from a rigorous selection and manufacturing process guided by the strictest quality standards. Only the best of every tree goes into our shingles, ensuring the utmost responsible use of resources as a whole.<br><\/div><\/div><div id=\"div_block-185-261\" class=\"ct-div-block\" ><img decoding=\"async\"  id=\"image-186-261\" alt=\"\" src=\"https:\/\/maibec.com\/wp-content\/uploads\/2022\/02\/matiere-premiere.jpg\" class=\"ct-image\"\/><\/div><\/div><div id=\"div_block-187-261\" class=\"ct-div-block\" ><div id=\"div_block-188-261\" class=\"ct-div-block\" ><img decoding=\"async\"  id=\"image-201-261\" alt=\"\" src=\"https:\/\/maibec.com\/wp-content\/uploads\/2022\/02\/coupe-qualite.jpg\" class=\"ct-image\"\/><\/div><div id=\"div_block-190-261\" class=\"ct-div-block owl--m order--first-m\" ><h3 id=\"headline-191-261\" class=\"ct-headline\">Better cuts mean better grades<br><\/h3><div id=\"text_block-192-261\" class=\"ct-text-block text--s\" >Maibec shingles are famous for their consistent surface finish and uniform angle cuts. Every Maibec shingle is individually cut and graded according to our strict quality standards. Only equipment maintained at peak performance and operated by experienced specialists can achieve this high precision and consistency essential for picture-perfect installations.<\/div><\/div><\/div><div id=\"div_block-193-261\" class=\"ct-div-block\" ><div id=\"div_block-194-261\" class=\"ct-div-block owl--m\" ><h3 id=\"headline-195-261\" class=\"ct-headline\">Perfectly squared at 90 degrees<\/h3><div id=\"text_block-196-261\" class=\"ct-text-block text--s\" >To ensure quick and easy installation, we rely on laser control measurements to guarantee squaring consistency. And only those shingles that form perfect right angles at the base are allowed to bear the Maibec name. As a pioneer in squaring and rebutting, Maibec was the first in North America to offer such consistent quality. That\u2019s why Maibec has been the preferred shingle of installers for decades.<\/div><\/div><\/div><div id=\"div_block-199-261\" class=\"ct-div-block\" ><div id=\"div_block-200-261\" class=\"ct-div-block\" ><img decoding=\"async\"  id=\"image-287-261\" alt=\"\" src=\"https:\/\/maibec.com\/wp-content\/uploads\/2022\/02\/sechage-ideal.jpg\" class=\"ct-image\"\/><\/div><div id=\"div_block-202-261\" class=\"ct-div-block owl--m order--first-m\" ><h3 id=\"headline-203-261\" class=\"ct-headline\">Ideal drying for ideal shingle staining<\/h3><div id=\"text_block-204-261\" class=\"ct-text-block text--s\" >Our controlled drying process relies on an advanced technique that we have perfected over the decades. Shingles are carefully controlled before and after drying and brought to the ideal moisture content level for optimal stability and stain adherence.<\/div><\/div><\/div><div id=\"div_block-267-261\" class=\"ct-div-block\" ><div id=\"div_block-268-261\" class=\"ct-div-block owl--m\" ><h3 id=\"headline-269-261\" class=\"ct-headline\">Factory-applied stain<\/h3><div id=\"text_block-270-261\" class=\"ct-text-block text--s\" >Bar none, the best process in the industry. Every Maibec stain is carefully developed in close partnership with top stain manufacturers according to our own factory application process and the inherent properties of the wood we work with. Extreme condition testing guides us in the development of stains that offer protection against the harmful effects of the sun, inclement weather and the natural environment. To ensure the wood is entirely sealed, stain is applied to all six faces of the shingle in a highly controlled environment. The stained shingles are then dried in a high-intensity kiln to ensure optimal stain adhesion and durability.<\/div><\/div><\/div><div id=\"div_block-279-261\" class=\"ct-div-block\" ><div id=\"div_block-280-261\" class=\"ct-div-block\" ><img decoding=\"async\"  id=\"image-281-261\" alt=\"\" src=\"https:\/\/maibec.com\/wp-content\/uploads\/2022\/02\/experience.jpg\" class=\"ct-image\"\/><\/div><div id=\"div_block-282-261\" class=\"ct-div-block owl--m order--first-m\" ><h3 id=\"headline-283-261\" class=\"ct-headline\">Quality control built on 40+ years of experience<\/h3><div id=\"text_block-284-261\" class=\"ct-text-block text--s\" >\"Maibec shingles are manufactured according to compliance controls that combine the industry\u2019s best practices and the know-how of our seasoned specialists. From selecting raw materials to packaging the final product, every step in the process is controlled, from the width and thickness of shingles to their colour and the quality of the stain application. Even the temperature that\u2019s used to dry our shingles is carefully regulated. Quality from every angle, giving you total peace of mind.\n\"<\/div><\/div><\/div><\/div><\/div><\/div><\/div><\/div><\/div>\n\n\t\t\n\t\t<div id=\"-pro-accordion-226-261\" class=\"oxy-pro-accordion FAQ_dropdown\" ><div class=\"oxy-pro-accordion_inner\" data-icon=\"animate\" data-expand=\"400\" data-repeater=\"disable\" data-repeater-first=\"false\" data-acf=\"closed\" data-type=\"manual\" data-disablesibling=\"true\">\n              <div class=\"oxy-pro-accordion_item\" data-init=\"closed\"><button  id=\"header-pro-accordion-226-261\" class=\"oxy-pro-accordion_header\" aria-expanded=\"false\" aria-controls=\"body-pro-accordion-226-261\"><span class=\"oxy-pro-accordion_title-area\"><h4 class=\"oxy-pro-accordion_title\">Maibec CanExel\u2122 quality<\/h4><span class=\"oxy-pro-accordion_subtitle\"><\/span><\/span><span class=\"oxy-pro-accordion_icon oxy-pro-accordion_icon-animate\"><svg id=\"toggle-pro-accordion-226-261\" class=\"oxy-pro-accordion_toggle-icon\"><use xlink:href=\"#FontAwesomeicon-sort-asc\"><\/use><\/svg><\/span><\/button><div id=\"body-pro-accordion-226-261\" class=\"oxy-pro-accordion_body\" aria-labelledby=\"header-pro-accordion-226-261\" role=\"region\"><div class=\"oxy-pro-accordion_content oxy-inner-content\"><div id=\"div_block-227-261\" class=\"ct-div-block owl--xl\" ><div id=\"div_block-228-261\" class=\"ct-div-block\" ><div id=\"text_block-229-261\" class=\"ct-text-block text--s\" >Maibec CanExel is renowned for its High-Density Wood Fibre (HDF). Come rain, snow or blazing sun, our siding is made to withstand it all. To ensure it lives up to Maibec CanExel\u2122 quality standards, we subject our siding to extreme outdoor testing. This includes UV testing and exposure to freezing temperatures and extreme heat. We apply what we learn from our extensive research to continually improve the durability and performance of our products.<\/div><\/div><\/div><\/div><\/div><\/div><\/div><\/div>\n\n\t\t\n\t\t<div id=\"-pro-accordion-303-261\" class=\"oxy-pro-accordion FAQ_dropdown\" ><div class=\"oxy-pro-accordion_inner\" data-icon=\"animate\" data-expand=\"400\" data-repeater=\"disable\" data-repeater-first=\"false\" data-acf=\"closed\" data-type=\"manual\" data-disablesibling=\"true\">\n              <div class=\"oxy-pro-accordion_item\" data-init=\"closed\"><button  id=\"header-pro-accordion-303-261\" class=\"oxy-pro-accordion_header\" aria-expanded=\"false\" aria-controls=\"body-pro-accordion-303-261\"><span class=\"oxy-pro-accordion_title-area\"><h4 class=\"oxy-pro-accordion_title\">Maibec Stave Lake quality<\/h4><span class=\"oxy-pro-accordion_subtitle\"><\/span><\/span><span class=\"oxy-pro-accordion_icon oxy-pro-accordion_icon-animate\"><svg id=\"toggle-pro-accordion-303-261\" class=\"oxy-pro-accordion_toggle-icon\"><use xlink:href=\"#FontAwesomeicon-sort-asc\"><\/use><\/svg><\/span><\/button><div id=\"body-pro-accordion-303-261\" class=\"oxy-pro-accordion_body\" aria-labelledby=\"header-pro-accordion-303-261\" role=\"region\"><div class=\"oxy-pro-accordion_content oxy-inner-content\"><div id=\"div_block-304-261\" class=\"ct-div-block owl--xl\" ><div id=\"div_block-305-261\" class=\"ct-div-block\" ><div id=\"text_block-306-261\" class=\"ct-text-block text--s\" >Depuis sa cr\u00e9ation en 1939, la compagnie Stave Lake Cedar s&#8217;est engag\u00e9e \u00e0 fabriquer des produits de toiture et de rev\u00eatement en c\u00e8dre rouge de toute premi\u00e8re qualit\u00e9. Nous sommes fiers membres du Cedar Shake &amp; Shingle Bureau, et en plus d&#8217;avoir notre propre \u00e9quipe d&#8217;inspection, nous collaborons avec deux agences d&#8217;inspection ind\u00e9pendantes afin de garantir que nos produits sont toujours conformes aux normes. Bien qu\u2019il y ait toujours des produits de c\u00e8dre rouge de l&#8217;Ouest Stave Lake qui correspondent \u00e0 votre budget, nous ne sacrifierons jamais la qualit\u00e9 pour privil\u00e9gier les co\u00fbts moindres.<\/div><\/div><\/div><\/div><\/div><\/div><\/div><\/div>\n\n\t\t\n\t\t<div id=\"-pro-accordion-259-261\" class=\"oxy-pro-accordion FAQ_dropdown\" ><div class=\"oxy-pro-accordion_inner\" data-icon=\"animate\" data-expand=\"400\" data-repeater=\"disable\" data-repeater-first=\"false\" data-acf=\"closed\" data-type=\"manual\" data-disablesibling=\"true\">\n              <div class=\"oxy-pro-accordion_item\" data-init=\"closed\"><button  id=\"header-pro-accordion-259-261\" class=\"oxy-pro-accordion_header\" aria-expanded=\"false\" aria-controls=\"body-pro-accordion-259-261\"><span class=\"oxy-pro-accordion_title-area\"><h4 class=\"oxy-pro-accordion_title\">Maibec Acenta\u2122 quality<\/h4><span class=\"oxy-pro-accordion_subtitle\"><\/span><\/span><span class=\"oxy-pro-accordion_icon oxy-pro-accordion_icon-animate\"><svg id=\"toggle-pro-accordion-259-261\" class=\"oxy-pro-accordion_toggle-icon\"><use xlink:href=\"#FontAwesomeicon-sort-asc\"><\/use><\/svg><\/span><\/button><div id=\"body-pro-accordion-259-261\" class=\"oxy-pro-accordion_body\" aria-labelledby=\"header-pro-accordion-259-261\" role=\"region\"><div class=\"oxy-pro-accordion_content oxy-inner-content\"><div id=\"div_block-260-261\" class=\"ct-div-block owl--xl\" ><div id=\"div_block-261-261\" class=\"ct-div-block\" ><div id=\"text_block-262-261\" class=\"ct-text-block text--s\" >Dernier n\u00e9 de la famille Maibec, ce syst\u00e8me de pierre \u00e0 visser int\u00e8gre pr\u00e8s de 35% de mati\u00e8res recycl\u00e9es. Fabriqu\u00e9 en partenariat avec Rinox, Maibec Acenta conjugue les forces et expertises de deux leaders de l&#8217;industrie de la construction et de la r\u00e9novation. La robustesse de ce rev\u00eatement a \u00e9t\u00e9 qualifi\u00e9e par plusieurs entit\u00e9s ind\u00e9pendantes, et offre une garantie limit\u00e9e de 25 ans transf\u00e9rable.<\/div><\/div><\/div><\/div><\/div><\/div><\/div><\/div>\n\n\t\t<\/div><\/section>","protected":false},"excerpt":{"rendered":"","protected":false},"author":5,"featured_media":0,"parent":196,"menu_order":0,"comment_status":"closed","ping_status":"closed","template":"","meta":{"content-type":"","footnotes":""},"class_list":["post-261","page","type-page","status-publish","hentry"],"acf":[],"featured_image_src":null,"featured_image_src_square":null,"_links":{"self":[{"href":"https:\/\/maibec.com\/en\/wp-json\/wp\/v2\/pages\/261","targetHints":{"allow":["GET"]}}],"collection":[{"href":"https:\/\/maibec.com\/en\/wp-json\/wp\/v2\/pages"}],"about":[{"href":"https:\/\/maibec.com\/en\/wp-json\/wp\/v2\/types\/page"}],"author":[{"embeddable":true,"href":"https:\/\/maibec.com\/en\/wp-json\/wp\/v2\/users\/5"}],"replies":[{"embeddable":true,"href":"https:\/\/maibec.com\/en\/wp-json\/wp\/v2\/comments?post=261"}],"version-history":[{"count":0,"href":"https:\/\/maibec.com\/en\/wp-json\/wp\/v2\/pages\/261\/revisions"}],"up":[{"embeddable":true,"href":"https:\/\/maibec.com\/en\/wp-json\/wp\/v2\/pages\/196"}],"wp:attachment":[{"href":"https:\/\/maibec.com\/en\/wp-json\/wp\/v2\/media?parent=261"}],"curies":[{"name":"wp","href":"https:\/\/api.w.org\/{rel}","templated":true}]}}