{"id":2486,"date":"2022-02-28T21:39:47","date_gmt":"2022-03-01T02:39:47","guid":{"rendered":"http:\/\/maibecstg.wpenginepowered.com\/?page_id=2486"},"modified":"2024-01-08T14:09:10","modified_gmt":"2024-01-08T19:09:10","slug":"colors-stone-acenta","status":"publish","type":"page","link":"https:\/\/maibec.com\/en\/systeme-de-pierre-a-visser\/couleurs-pierre-acenta\/","title":{"rendered":"Couleurs &#8211; Pierre Acenta"},"content":{"rendered":"<section id=\"section-711-2486\" class=\"ct-section hero-section\" ><div class=\"ct-section-inner-wrap\"><img decoding=\"async\"  id=\"image-712-2486\" alt=\"\" src=\"https:\/\/maibec.com\/wp-content\/uploads\/2022\/11\/Acenta_ImageWEB_Header_1440x586-px.jpg\" class=\"ct-image hero-section-image\"\/><div id=\"div_block-713-2486\" class=\"ct-div-block hero-content owl--l\" ><h1 id=\"headline-714-2486\" class=\"ct-headline text--xl text--white titre-principal-blanc_h1\">Maibec Acenta Colors<br><\/h1><div id=\"text_block-715-2486\" class=\"ct-text-block text--white text--s\" >Unique colors, both modern and elegant, that perfectly complement the other materials you have selected.<br><\/div><\/div><\/div><\/section><section id=\"section-14-142\" class=\"ct-section center--all first-section\" ><div class=\"ct-section-inner-wrap\"><h2 id=\"headline-15-142\" class=\"ct-headline pad--m titre-secondaire\">Rich colors<\/h2><div id=\"text_block-636-2486\" class=\"ct-text-block\" >Le proc\u00e9d\u00e9 de juxtaposition de couleurs sur la base de ciment textur\u00e9 cr\u00e9e l&#8217;aspect naturel de pierre si recherch\u00e9. Ces variations apportent une richesse et une personnalit\u00e9 unique \u00e0 chaque projet.<\/div><\/div><\/section><section id=\"section-322-142\" class=\"ct-section bg--secondary pad-section--xs\" ><div class=\"ct-section-inner-wrap\"><div id=\"div_block-323-142\" class=\"ct-div-block owl--m order--first-l\" ><h3 id=\"headline-324-142\" class=\"ct-headline\">Maibec Acenta fastened stone veneer<br><\/h3><\/div><\/div><\/section><section id=\"section-637-2486\" class=\"ct-section bg--secondary pad-section--xs\" ><div class=\"ct-section-inner-wrap\"><div id=\"div_block-641-2486\" class=\"ct-div-block\" ><img decoding=\"async\"  id=\"image-642-2486\" alt=\"\" src=\"https:\/\/maibec.com\/wp-content\/uploads\/2022\/11\/Acenta_ImageWEB_Variations_380x185-px_Charbon-EN.jpg\" class=\"ct-image\"\/><h4 id=\"headline-647-2486\" class=\"ct-headline\">Charcoal<br><\/h4><div id=\"text_block-650-2486\" class=\"ct-text-block\" >A more sober color blending a charcoal base with dark and medium gray shades for a natural and authentic appearance that varies with texture and lighting.<\/div><\/div><div id=\"div_block-643-2486\" class=\"ct-div-block\" ><img decoding=\"async\"  id=\"image-644-2486\" alt=\"\" src=\"https:\/\/maibec.com\/wp-content\/uploads\/2022\/11\/Acenta_ImageWEB_Variations_380x185-px_Moorecrest-EN.jpg\" class=\"ct-image\"\/><h4 id=\"headline-651-2486\" class=\"ct-headline\">Moorecrest<br><\/h4><div id=\"text_block-654-2486\" class=\"ct-text-block\" >Classic shades of dark gray and brown bring out the richness of the pale gray stone for a natural and authentic appearance that varies with texture and lighting.<\/div><\/div><div id=\"div_block-645-2486\" class=\"ct-div-block\" ><img decoding=\"async\"  id=\"image-646-2486\" alt=\"\" src=\"https:\/\/maibec.com\/wp-content\/uploads\/2022\/11\/Acenta_ImageWEB_Variations_380x185-px_Amande-EN.jpg\" class=\"ct-image\"\/><h4 id=\"headline-656-2486\" class=\"ct-headline\">Almond<br><\/h4><div id=\"text_block-658-2486\" class=\"ct-text-block\" >Un amalgame de gris et de blanc, avec de l\u00e9g\u00e8res touches de brun et d&#8217;ocre, pour un effet naturel et&nbsp;irr\u00e9gulier qui variera au gr\u00e9 des textures et de la luminosit\u00e9.<\/div><\/div><div id=\"div_block-716-2486\" class=\"ct-div-block\" ><img decoding=\"async\"  id=\"image-717-2486\" alt=\"\" src=\"https:\/\/maibec.com\/wp-content\/uploads\/2023\/05\/Acenta_ImageWEB_Variations_380x185_px_Stonehenge_EN_-_BR.jpg\" class=\"ct-image\"\/><h4 id=\"headline-718-2486\" class=\"ct-headline\">Stonehenge<br><\/h4><div id=\"text_block-719-2486\" class=\"ct-text-block\" >A beige base with rich, classic shadings ranging from caf\u00e9 au lait to Amaretto, for an authentic appearance that varies with texture and lighting.<\/div><\/div><\/div><\/section><section id=\"section-330-142\" class=\"ct-section bg--secondary center--all pad-section--xs section_color_acenta\" ><div class=\"ct-section-inner-wrap\"><div id=\"div_block-399-142\" class=\"ct-div-block section_pierre_acenta\" ><div id=\"_dynamic_list-402-142\" class=\"oxy-dynamic-list\"><div id=\"div_block-403-142-1\" class=\"ct-div-block\" data-id=\"div_block-403-142\"><div id=\"_dynamic_list-424-142-1\" class=\"oxy-dynamic-list\" data-id=\"_dynamic_list-424-142\"><div id=\"div_block-425-142-1-1\" class=\"ct-div-block color-card\" title=\"Charcoal\" image-texture=\"https:\/\/maibec.com\/wp-content\/uploads\/2022\/04\/MaibecAcenta-Kathrine_Charbon-Charcoal.jpg\" image-bardeau=\"\" data-id=\"div_block-425-142\"><img decoding=\"async\" id=\"image-432-142-1-1\" alt=\"\" src=\"https:\/\/maibec.com\/wp-content\/uploads\/2022\/02\/Acenta-V_Kathrine_Charbon-Charcoal.jpg\" class=\"ct-image image-couleur\" data-id=\"image-432-142\"><div id=\"text_block-442-142-1-1\" class=\"ct-text-block text--xs\" data-id=\"text_block-442-142\">&nbsp;<span id=\"span-450-142\" class=\"ct-span\" >Charcoal<\/span><\/div><\/div><div id=\"div_block-425-142-2-1\" class=\"ct-div-block color-card\" title=\"Moorecrest\" image-texture=\"https:\/\/maibec.com\/wp-content\/uploads\/2022\/04\/MaibecAcenta-Kathrine_Moorecrest.jpg\" image-bardeau=\"https:\/\/maibec.com\/wp-content\/uploads\/2022\/04\/MaibecAcenta-Rosa_Moorecrest.jpg\" data-id=\"div_block-425-142\"><img decoding=\"async\" id=\"image-432-142-2-1\" alt=\"\" src=\"https:\/\/maibec.com\/wp-content\/uploads\/2022\/02\/Acenta-V_Kathrine_Moorecrest.jpg\" class=\"ct-image image-couleur\" data-id=\"image-432-142\"><div id=\"text_block-442-142-2-1\" class=\"ct-text-block text--xs\" data-id=\"text_block-442-142\">&nbsp;<span id=\"span-450-142\" class=\"ct-span\" >Moorecrest<\/span><\/div><\/div><div id=\"div_block-425-142-3-1\" class=\"ct-div-block color-card\" title=\"Almond\" image-texture=\"https:\/\/maibec.com\/wp-content\/uploads\/2022\/04\/MaibecAcenta-Kathrine_Blanc-Amande-Almond-White.jpg\" image-bardeau=\"https:\/\/maibec.com\/wp-content\/uploads\/2022\/04\/MaibecAcenta-Rosa_Blanc-Amande-Almond-White.jpg\" data-id=\"div_block-425-142\"><img decoding=\"async\" id=\"image-432-142-3-1\" alt=\"\" src=\"https:\/\/maibec.com\/wp-content\/uploads\/2022\/02\/Acenta-V_Kathrine_Blanc-Amande-Almond-White.jpg\" class=\"ct-image image-couleur\" data-id=\"image-432-142\"><div id=\"text_block-442-142-3-1\" class=\"ct-text-block text--xs\" data-id=\"text_block-442-142\">&nbsp;<span id=\"span-450-142\" class=\"ct-span\" >Almond<\/span><\/div><\/div><div id=\"div_block-425-142-4-1\" class=\"ct-div-block color-card\" title=\"Stonehenge\" image-texture=\"https:\/\/maibec.com\/wp-content\/uploads\/2024\/01\/Acenta-V_Anna_Stonehenge_avec_Allege_Beige-1.jpg\" image-bardeau=\"\" data-id=\"div_block-425-142\"><img decoding=\"async\" id=\"image-432-142-4-1\" alt=\"\" src=\"https:\/\/maibec.com\/wp-content\/uploads\/2024\/01\/Acenta_Image-Vingette-Beige.jpg\" class=\"ct-image image-couleur\" data-id=\"image-432-142\"><div id=\"text_block-442-142-4-1\" class=\"ct-text-block text--xs\" data-id=\"text_block-442-142\">&nbsp;<span id=\"span-450-142\" class=\"ct-span\" >Stonehenge<\/span><\/div><\/div><\/div>\n<\/div>                    \n                                            \n                                        \n                    <\/div>\n<div id=\"_dynamic_list-662-2486\" class=\"oxy-dynamic-list\"><div id=\"div_block-663-2486-1\" class=\"ct-div-block\" data-id=\"div_block-663-2486\"><div id=\"text_block-669-2486-1\" class=\"ct-text-block\" data-id=\"text_block-669-2486\">Note: For best results, it is strongly recommended to mix stones from different crates.<\/div><\/div>                    \n                                            \n                                        \n                    <\/div>\n<\/div><\/div><\/section><section id=\"section-670-2486\" class=\"ct-section bg--secondary center--all pad-section--xs\" ><div class=\"ct-section-inner-wrap\"><div id=\"div_block-671-2486\" class=\"ct-div-block\" ><div id=\"_dynamic_list-672-2486\" class=\"oxy-dynamic-list\"><div id=\"div_block-673-2486-1\" class=\"ct-div-block\" data-id=\"div_block-673-2486\"><h3 id=\"headline-707-2486-1\" class=\"ct-headline\" data-id=\"headline-707-2486\">Accessory colors<\/h3><div id=\"text_block-709-2486-1\" class=\"ct-text-block\" data-id=\"text_block-709-2486\">The sills are avalaible in Grey, White and Beige.<br><br>The switch fixture and the light fixture are avalaible in Grey and White.<br><\/div><div id=\"_dynamic_list-674-2486-1\" class=\"oxy-dynamic-list\" data-id=\"_dynamic_list-674-2486\"><div id=\"div_block-675-2486-1-1\" class=\"ct-div-block color-card\" title=\"Grey\" image-texture=\"https:\/\/maibec.com\/wp-content\/uploads\/2022\/11\/Acenta_ImageWEB_Acc_1030x350-px_PopUp_Gris.jpg\" image-bardeau=\"\" data-id=\"div_block-675-2486\"><div id=\"div_block-685-2486-1-1\" class=\"ct-div-block\" data-id=\"div_block-685-2486\"><a id=\"link-686-2486-1-1\" class=\"ct-link\" href=\"http:\/\/\" target=\"_self\" data-id=\"link-686-2486\"><img decoding=\"async\" id=\"image-676-2486-1-1\" alt=\"\" src=\"https:\/\/maibec.com\/wp-content\/uploads\/2022\/11\/Acenta_ImageWEB_Acc_170x60-px_PopUp_Gris.jpg\" class=\"ct-image image-couleur\" data-id=\"image-676-2486\"><\/a><\/div><div id=\"text_block-677-2486-1-1\" class=\"ct-text-block text--xs\" data-id=\"text_block-677-2486\">&nbsp;<span id=\"span-678-2486\" class=\"ct-span\" >Grey<\/span><\/div><\/div><div id=\"div_block-675-2486-2-1\" class=\"ct-div-block color-card\" title=\"White\" image-texture=\"https:\/\/maibec.com\/wp-content\/uploads\/2022\/11\/Acenta_ImageWEB_Acc_1030x350-px_PopUp_Blanc.jpg\" image-bardeau=\"\" data-id=\"div_block-675-2486\"><div id=\"div_block-685-2486-2-1\" class=\"ct-div-block\" data-id=\"div_block-685-2486\"><a id=\"link-686-2486-2-1\" class=\"ct-link\" href=\"http:\/\/\" target=\"_self\" data-id=\"link-686-2486\"><img decoding=\"async\" id=\"image-676-2486-2-1\" alt=\"\" src=\"https:\/\/maibec.com\/wp-content\/uploads\/2022\/11\/Acenta_ImageWEB_Acc_170x60-px_PopUp_Blanc.jpg\" class=\"ct-image image-couleur\" data-id=\"image-676-2486\"><\/a><\/div><div id=\"text_block-677-2486-2-1\" class=\"ct-text-block text--xs\" data-id=\"text_block-677-2486\">&nbsp;<span id=\"span-678-2486\" class=\"ct-span\" >White<\/span><\/div><\/div><div id=\"div_block-675-2486-3-1\" class=\"ct-div-block color-card\" title=\"Beige\" image-texture=\"https:\/\/maibec.com\/wp-content\/uploads\/2022\/11\/Acenta_ImageWEB_Acc_1030x350_px_PopUp-Beige.jpg\" image-bardeau=\"\" data-id=\"div_block-675-2486\"><div id=\"div_block-685-2486-3-1\" class=\"ct-div-block\" data-id=\"div_block-685-2486\"><a id=\"link-686-2486-3-1\" class=\"ct-link\" href=\"http:\/\/\" target=\"_self\" data-id=\"link-686-2486\"><img decoding=\"async\" id=\"image-676-2486-3-1\" alt=\"\" src=\"https:\/\/maibec.com\/wp-content\/uploads\/2022\/11\/Acenta_ImageWEB_Acc_170x60_px_PopUp-Beige.jpg\" class=\"ct-image image-couleur\" data-id=\"image-676-2486\"><\/a><\/div><div id=\"text_block-677-2486-3-1\" class=\"ct-text-block text--xs\" data-id=\"text_block-677-2486\">&nbsp;<span id=\"span-678-2486\" class=\"ct-span\" >Beige<\/span><\/div><\/div><\/div>\n<\/div>                    \n                                            \n                                        \n                    <\/div>\n<\/div><\/div><\/section><section id=\"section-702-2486\" class=\"ct-section center--all owl--m first-section\" ><div class=\"ct-section-inner-wrap\"><h2 id=\"headline-703-2486\" class=\"ct-headline titre-secondaire\">Discover our e-samples<br><\/h2><div id=\"_rich_text-704-2486\" class=\"oxy-rich-text text--s\" ><p>Play around with your favourite shades, and access them and share them as often as you would like.<\/p><\/div><div id=\"div_block-705-2486\" class=\"ct-div-block center--all owl--s\" ><a id=\"link_button-706-2486\" class=\"ct-link-button btn--primary btn--xs\" href=\"\/en\/resources\/our-samples\/\" target=\"_self\"  >Learn more<\/a><\/div><\/div><\/section>            <div tabindex=\"-1\" class=\"oxy-modal-backdrop\"\n                style=\"background-color: rgba(0,0,0,0.5);\"\n                data-trigger=\"user_clicks_element\"                data-trigger-selector=\".color-card\"                data-trigger-time=\"5\"                data-trigger-time-unit=\"seconds\"                data-close-automatically=\"no\"                data-close-after-time=\"10\"                data-close-after-time-unit=\"seconds\"                data-trigger_scroll_amount=\"50\"                data-trigger_scroll_direction=\"down\"\t            data-scroll_to_selector=\"\"\t            data-time_inactive=\"60\"\t            data-time-inactive-unit=\"seconds\"\t            data-number_of_clicks=\"3\"\t            data-close_on_esc=\"on\"\t            data-number_of_page_views=\"3\"                data-close-after-form-submit=\"no\"                data-open-again=\"always_show\"                data-open-again-after-days=\"3\"            >\n\n                <div id=\"modal-584-2486\" class=\"ct-modal modal-container\" ><div id=\"div_block-585-2486\" class=\"ct-div-block owl--m\" ><h4 id=\"headline-586-2486\" class=\"ct-headline modal-header\">Double-click this headline to edit the text.<\/h4><div id=\"div_block-587-2486\" class=\"ct-div-block\" ><img decoding=\"async\"  id=\"image-588-2486\" alt=\"\" src=\"http:\/\/via.placeholder.com\/1600x900\" class=\"ct-image modal-image\"\/><\/div><\/div><div id=\"div_block-589-2486\" class=\"ct-div-block loading-gif\" ><div id=\"code_block-590-2486\" class=\"ct-code-block\" ><script src=\"https:\/\/unpkg.com\/@lottiefiles\/lottie-player@latest\/dist\/lottie-player.js\"><\/script>\n<lottie-player src=\"https:\/\/assets4.lottiefiles.com\/packages\/lf20_2svadkl0.json\"  background=\"transparent\"  speed=\"1\"  style=\"width: 300px; height: 300px;\"  loop autoplay><\/lottie-player>\n<\/div><\/div><div id=\"fancy_icon-591-2486\" class=\"ct-fancy-icon oxy-close-modal\" ><svg id=\"svg-fancy_icon-591-2486\"><use xlink:href=\"#Lineariconsicon-cross\"><\/use><\/svg><\/div><\/div>\n            <\/div>\n        <div id=\"code_block-478-142\" class=\"ct-code-block\" ><\/div>","protected":false},"excerpt":{"rendered":"","protected":false},"author":5,"featured_media":0,"parent":508,"menu_order":0,"comment_status":"closed","ping_status":"closed","template":"","meta":{"content-type":"","footnotes":""},"class_list":["post-2486","page","type-page","status-publish","hentry"],"acf":[],"featured_image_src":null,"featured_image_src_square":null,"_links":{"self":[{"href":"https:\/\/maibec.com\/en\/wp-json\/wp\/v2\/pages\/2486","targetHints":{"allow":["GET"]}}],"collection":[{"href":"https:\/\/maibec.com\/en\/wp-json\/wp\/v2\/pages"}],"about":[{"href":"https:\/\/maibec.com\/en\/wp-json\/wp\/v2\/types\/page"}],"author":[{"embeddable":true,"href":"https:\/\/maibec.com\/en\/wp-json\/wp\/v2\/users\/5"}],"replies":[{"embeddable":true,"href":"https:\/\/maibec.com\/en\/wp-json\/wp\/v2\/comments?post=2486"}],"version-history":[{"count":0,"href":"https:\/\/maibec.com\/en\/wp-json\/wp\/v2\/pages\/2486\/revisions"}],"up":[{"embeddable":true,"href":"https:\/\/maibec.com\/en\/wp-json\/wp\/v2\/pages\/508"}],"wp:attachment":[{"href":"https:\/\/maibec.com\/en\/wp-json\/wp\/v2\/media?parent=2486"}],"curies":[{"name":"wp","href":"https:\/\/api.w.org\/{rel}","templated":true}]}}