{"id":2448,"date":"2022-02-28T20:16:09","date_gmt":"2022-03-01T01:16:09","guid":{"rendered":"http:\/\/maibecstg.wpenginepowered.com\/?page_id=2448"},"modified":"2025-06-02T16:27:10","modified_gmt":"2025-06-02T20:27:10","slug":"colors-canexel","status":"publish","type":"page","link":"https:\/\/maibec.com\/en\/revetement-dingenierie-canexel\/couleurs-canexel\/","title":{"rendered":"Couleurs &#8211; Bois Ing\u00e9nierie CanExel"},"content":{"rendered":"<section id=\"section-2-142\" class=\"ct-section hero-section\" ><div class=\"ct-section-inner-wrap\"><img decoding=\"async\"  id=\"image-3-142\" alt=\"\" src=\"https:\/\/maibec.com\/wp-content\/uploads\/2022\/03\/Header_CanExel_couleur.jpg\" class=\"ct-image hero-section-image\"\/><div id=\"div_block-4-142\" class=\"ct-div-block hero-content owl--l\" ><h1 id=\"headline-6-142\" class=\"ct-headline text--xl text--white titre-principal-blanc_h1\">Maibec CanExel\u2122 Siding Colours<br><\/h1><div id=\"text_block-7-142\" class=\"ct-text-block text--white text--s\" >Let your imagination run wild by choosing from the full palette of Maibec CanExel colours.<br><\/div><\/div><\/div><\/section><section id=\"section-14-142\" class=\"ct-section center--all first-section\" ><div class=\"ct-section-inner-wrap\"><h2 id=\"headline-15-142\" class=\"ct-headline pad--m titre-secondaire\">Bring your project to life<br><\/h2><p id=\"text_block-16-142\" class=\"ct-text-block text--s\" >Le choix des couleurs de votre rev\u00eatement est un pas de plus vers la r\u00e9alisation de votre projet, quel qu&#8217;en soit sa nature. De pr\u00e8s ou de loin vous le constaterez, c\u2019est Maibec CanExel, \u00e7a se voit!<br><\/p><\/div><\/section><section id=\"section-322-142\" class=\"ct-section bg--secondary pad-section--xs\" ><div class=\"ct-section-inner-wrap\"><div id=\"div_block-323-142\" class=\"ct-div-block owl--m order--first-l\" ><h3 id=\"headline-324-142\" class=\"ct-headline\">Two-tone colours<\/h3><div id=\"text_block-326-142\" class=\"ct-text-block text--s\" >Colour variations for a distinctive result<br><br><br><\/div><\/div><div id=\"div_block-327-142\" class=\"ct-div-block\" ><img decoding=\"async\"  id=\"image-328-142\" alt=\"\" src=\"https:\/\/maibec.com\/wp-content\/uploads\/2022\/03\/Maibec_CanExel_2-tons.jpg\" class=\"ct-image\"\/><\/div><\/div><\/section><section id=\"section-330-142\" class=\"ct-section bg--secondary center--all pad-section--xs\" ><div class=\"ct-section-inner-wrap\"><div id=\"div_block-399-142\" class=\"ct-div-block class-bois-couleurs\" ><div id=\"_dynamic_list-402-142\" class=\"oxy-dynamic-list\"><div id=\"div_block-403-142-1\" class=\"ct-div-block\" data-id=\"div_block-403-142\"><div id=\"_dynamic_list-424-142-1\" class=\"oxy-dynamic-list\" data-id=\"_dynamic_list-424-142\"><div id=\"div_block-425-142-1-1\" class=\"ct-div-block color-card\" title=\"Charcoal - NEW\" image-texture=\"https:\/\/maibec.com\/wp-content\/uploads\/2025\/01\/CanExel_Charbon.jpg\" image-bardeau=\"\" data-id=\"div_block-425-142\"><img decoding=\"async\" id=\"image-432-142-1-1\" alt=\"\" src=\"https:\/\/maibec.com\/wp-content\/uploads\/2025\/01\/Pastille-NOUVELLESCouleurs-CanExel_Charbon.png\" class=\"ct-image image-couleur\" data-id=\"image-432-142\"><div id=\"text_block-442-142-1-1\" class=\"ct-text-block text--xs\" data-id=\"text_block-442-142\">&nbsp;<span id=\"span-450-142\" class=\"ct-span\" >Charbon &#8211; NOUVEAU<\/span><\/div><\/div><div id=\"div_block-425-142-2-1\" class=\"ct-div-block color-card\" title=\"Dark Roast\" image-texture=\"https:\/\/maibec.com\/wp-content\/uploads\/2022\/02\/CanExel_Moka-fonce-Dark-Roast.jpg\" image-bardeau=\"\" data-id=\"div_block-425-142\"><img decoding=\"async\" id=\"image-432-142-2-1\" alt=\"\" src=\"https:\/\/maibec.com\/wp-content\/uploads\/2025\/01\/Pastillel_MokaFonce.png\" class=\"ct-image image-couleur\" data-id=\"image-432-142\"><div id=\"text_block-442-142-2-1\" class=\"ct-text-block text--xs\" data-id=\"text_block-442-142\">&nbsp;<span id=\"span-450-142\" class=\"ct-span\" >Dark Roast<\/span><\/div><\/div><div id=\"div_block-425-142-3-1\" class=\"ct-div-block color-card\" title=\"Scandinavian\" image-texture=\"https:\/\/maibec.com\/wp-content\/uploads\/2022\/02\/CanExel_Scandinave-Scandinavian.jpg\" image-bardeau=\"\" data-id=\"div_block-425-142\"><img decoding=\"async\" id=\"image-432-142-3-1\" alt=\"\" src=\"https:\/\/maibec.com\/wp-content\/uploads\/2025\/01\/Pastille_Scandinave.png\" class=\"ct-image image-couleur\" data-id=\"image-432-142\"><div id=\"text_block-442-142-3-1\" class=\"ct-text-block text--xs\" data-id=\"text_block-442-142\">&nbsp;<span id=\"span-450-142\" class=\"ct-span\" >Scandinavian<\/span><\/div><\/div><div id=\"div_block-425-142-4-1\" class=\"ct-div-block color-card\" title=\"Sandalwood\" image-texture=\"https:\/\/maibec.com\/wp-content\/uploads\/2022\/02\/CanExel_Bois-de-Santal-Sandalwood.jpg\" image-bardeau=\"\" data-id=\"div_block-425-142\"><img decoding=\"async\" id=\"image-432-142-4-1\" alt=\"\" src=\"https:\/\/maibec.com\/wp-content\/uploads\/2022\/02\/CanExel_V_Bois-de-Santal-Sandalwood.jpg\" class=\"ct-image image-couleur\" data-id=\"image-432-142\"><div id=\"text_block-442-142-4-1\" class=\"ct-text-block text--xs\" data-id=\"text_block-442-142\">&nbsp;<span id=\"span-450-142\" class=\"ct-span\" >Sandalwood<\/span><\/div><\/div><div id=\"div_block-425-142-5-1\" class=\"ct-div-block color-card\" title=\"Acadia\" image-texture=\"https:\/\/maibec.com\/wp-content\/uploads\/2022\/02\/CanExel_Acadia.jpg\" image-bardeau=\"\" data-id=\"div_block-425-142\"><img decoding=\"async\" id=\"image-432-142-5-1\" alt=\"\" src=\"https:\/\/maibec.com\/wp-content\/uploads\/2022\/02\/CanExel_V_Acadia.jpg\" class=\"ct-image image-couleur\" data-id=\"image-432-142\"><div id=\"text_block-442-142-5-1\" class=\"ct-text-block text--xs\" data-id=\"text_block-442-142\">&nbsp;<span id=\"span-450-142\" class=\"ct-span\" >Acadia<\/span><\/div><\/div><div id=\"div_block-425-142-6-1\" class=\"ct-div-block color-card\" title=\"Sierra\" image-texture=\"https:\/\/maibec.com\/wp-content\/uploads\/2022\/02\/CanExel_Sierra.jpg\" image-bardeau=\"\" data-id=\"div_block-425-142\"><img decoding=\"async\" id=\"image-432-142-6-1\" alt=\"\" src=\"https:\/\/maibec.com\/wp-content\/uploads\/2022\/02\/CanExel_V_Sierra.jpg\" class=\"ct-image image-couleur\" data-id=\"image-432-142\"><div id=\"text_block-442-142-6-1\" class=\"ct-text-block text--xs\" data-id=\"text_block-442-142\">&nbsp;<span id=\"span-450-142\" class=\"ct-span\" >Sierra<\/span><\/div><\/div><div id=\"div_block-425-142-7-1\" class=\"ct-div-block color-card\" title=\"Barista\" image-texture=\"https:\/\/maibec.com\/wp-content\/uploads\/2022\/02\/CanExel_Barista.jpg\" image-bardeau=\"\" data-id=\"div_block-425-142\"><img decoding=\"async\" id=\"image-432-142-7-1\" alt=\"\" src=\"https:\/\/maibec.com\/wp-content\/uploads\/2022\/02\/CanExel_V_Barista.jpg\" class=\"ct-image image-couleur\" data-id=\"image-432-142\"><div id=\"text_block-442-142-7-1\" class=\"ct-text-block text--xs\" data-id=\"text_block-442-142\">&nbsp;<span id=\"span-450-142\" class=\"ct-span\" >Barista<\/span><\/div><\/div><div id=\"div_block-425-142-8-1\" class=\"ct-div-block color-card\" title=\"Cliffside\" image-texture=\"https:\/\/maibec.com\/wp-content\/uploads\/2022\/02\/CanExel_Falaise-Cliffside.jpg\" image-bardeau=\"\" data-id=\"div_block-425-142\"><img decoding=\"async\" id=\"image-432-142-8-1\" alt=\"\" src=\"https:\/\/maibec.com\/wp-content\/uploads\/2022\/02\/CanExel_V_Falaise-Cliffside.jpg\" class=\"ct-image image-couleur\" data-id=\"image-432-142\"><div id=\"text_block-442-142-8-1\" class=\"ct-text-block text--xs\" data-id=\"text_block-442-142\">&nbsp;<span id=\"span-450-142\" class=\"ct-span\" >Cliffside<\/span><\/div><\/div><div id=\"div_block-425-142-9-1\" class=\"ct-div-block color-card\" title=\"Timberwolf\" image-texture=\"https:\/\/maibec.com\/wp-content\/uploads\/2022\/02\/CanExel_Loup-gris-Timberwolf.jpg\" image-bardeau=\"\" data-id=\"div_block-425-142\"><img decoding=\"async\" id=\"image-432-142-9-1\" alt=\"\" src=\"https:\/\/maibec.com\/wp-content\/uploads\/2022\/02\/CanExel_V_Loup-gris-Timberwolf.jpg\" class=\"ct-image image-couleur\" data-id=\"image-432-142\"><div id=\"text_block-442-142-9-1\" class=\"ct-text-block text--xs\" data-id=\"text_block-442-142\">&nbsp;<span id=\"span-450-142\" class=\"ct-span\" >Timberwolf<\/span><\/div><\/div><\/div>\n<\/div>                    \n                                            \n                                        \n                    <\/div>\n<\/div><\/div><\/section><section id=\"section-1725-2448\" class=\"ct-section bg--secondary pad-section--xs\" ><div class=\"ct-section-inner-wrap\"><div id=\"div_block-1726-2448\" class=\"ct-div-block owl--m order--first-l\" ><h3 id=\"headline-1727-2448\" class=\"ct-headline\">Solid colours<\/h3><div id=\"text_block-1728-2448\" class=\"ct-text-block text--s\" >A professionally created palette of solid colours inspired by nature<br><br><br><\/div><\/div><div id=\"div_block-1729-2448\" class=\"ct-div-block\" ><img decoding=\"async\"  id=\"image-1730-2448\" alt=\"\" src=\"https:\/\/maibec.com\/wp-content\/uploads\/2022\/03\/CanExel-opaques.jpg\" class=\"ct-image\"\/><\/div><\/div><\/section><section id=\"section-1666-2448\" class=\"ct-section bg--secondary center--all pad-section--xs\" ><div class=\"ct-section-inner-wrap\"><div id=\"div_block-1667-2448\" class=\"ct-div-block\" ><div id=\"_dynamic_list-1668-2448\" class=\"oxy-dynamic-list\"><div id=\"div_block-1669-2448-1\" class=\"ct-div-block\" data-id=\"div_block-1669-2448\"><div id=\"_dynamic_list-1670-2448-1\" class=\"oxy-dynamic-list\" data-id=\"_dynamic_list-1670-2448\"><div id=\"div_block-1671-2448-1-1\" class=\"ct-div-block color-card\" title=\"Tundra - NEW\" image-texture=\"https:\/\/maibec.com\/wp-content\/uploads\/2025\/01\/CanExel_Toundra.jpg\" image-bardeau=\"\" data-id=\"div_block-1671-2448\"><img decoding=\"async\" id=\"image-1672-2448-1-1\" alt=\"\" src=\"https:\/\/maibec.com\/wp-content\/uploads\/2025\/01\/Pastille-NOUVELLESCouleurs-CanExel_Toundra.png\" class=\"ct-image image-couleur\" data-id=\"image-1672-2448\"><div id=\"text_block-1673-2448-1-1\" class=\"ct-text-block text--xs\" data-id=\"text_block-1673-2448\">&nbsp;<span id=\"span-1674-2448\" class=\"ct-span\" >Toundra &#8211; NOUVEAU<\/span><\/div><\/div><div id=\"div_block-1671-2448-2-1\" class=\"ct-div-block color-card\" title=\"Mist Grey\" image-texture=\"https:\/\/maibec.com\/wp-content\/uploads\/2022\/02\/CanExel_Gris-Brume-Mist-Grey.jpg\" image-bardeau=\"\" data-id=\"div_block-1671-2448\"><img decoding=\"async\" id=\"image-1672-2448-2-1\" alt=\"\" src=\"https:\/\/maibec.com\/wp-content\/uploads\/2022\/02\/CanExel_V_Gris-Brume-Mist-Grey.jpg\" class=\"ct-image image-couleur\" data-id=\"image-1672-2448\"><div id=\"text_block-1673-2448-2-1\" class=\"ct-text-block text--xs\" data-id=\"text_block-1673-2448\">&nbsp;<span id=\"span-1674-2448\" class=\"ct-span\" >Mist Grey<\/span><\/div><\/div><div id=\"div_block-1671-2448-3-1\" class=\"ct-div-block color-card\" title=\"Sand\" image-texture=\"https:\/\/maibec.com\/wp-content\/uploads\/2022\/02\/CanExel_Sable-Sand.jpg\" image-bardeau=\"\" data-id=\"div_block-1671-2448\"><img decoding=\"async\" id=\"image-1672-2448-3-1\" alt=\"\" src=\"https:\/\/maibec.com\/wp-content\/uploads\/2022\/02\/CanExel_V_Sable-Sand.jpg\" class=\"ct-image image-couleur\" data-id=\"image-1672-2448\"><div id=\"text_block-1673-2448-3-1\" class=\"ct-text-block text--xs\" data-id=\"text_block-1673-2448\">&nbsp;<span id=\"span-1674-2448\" class=\"ct-span\" >Sand<\/span><\/div><\/div><div id=\"div_block-1671-2448-4-1\" class=\"ct-div-block color-card\" title=\"Midnight Blue\" image-texture=\"https:\/\/maibec.com\/wp-content\/uploads\/2022\/02\/CanExel_Bleu-Minuit-Midnight-Blue.jpg\" image-bardeau=\"\" data-id=\"div_block-1671-2448\"><img decoding=\"async\" id=\"image-1672-2448-4-1\" alt=\"\" src=\"https:\/\/maibec.com\/wp-content\/uploads\/2022\/02\/CanExel_V_Bleu-Minuit-Midnight-Blue.jpg\" class=\"ct-image image-couleur\" data-id=\"image-1672-2448\"><div id=\"text_block-1673-2448-4-1\" class=\"ct-text-block text--xs\" data-id=\"text_block-1673-2448\">&nbsp;<span id=\"span-1674-2448\" class=\"ct-span\" >Midnight Blue<\/span><\/div><\/div><div id=\"div_block-1671-2448-5-1\" class=\"ct-div-block color-card\" title=\"Granite\" image-texture=\"https:\/\/maibec.com\/wp-content\/uploads\/2022\/02\/CanExel_Granit-Granite.jpg\" image-bardeau=\"\" data-id=\"div_block-1671-2448\"><img decoding=\"async\" id=\"image-1672-2448-5-1\" alt=\"\" src=\"https:\/\/maibec.com\/wp-content\/uploads\/2022\/02\/CanExel_V_Granit-Granite.jpg\" class=\"ct-image image-couleur\" data-id=\"image-1672-2448\"><div id=\"text_block-1673-2448-5-1\" class=\"ct-text-block text--xs\" data-id=\"text_block-1673-2448\">&nbsp;<span id=\"span-1674-2448\" class=\"ct-span\" >Granite<\/span><\/div><\/div><div id=\"div_block-1671-2448-6-1\" class=\"ct-div-block color-card\" title=\"Black\" image-texture=\"https:\/\/maibec.com\/wp-content\/uploads\/2022\/02\/CanExel_Noir-Black.jpg\" image-bardeau=\"\" data-id=\"div_block-1671-2448\"><img decoding=\"async\" id=\"image-1672-2448-6-1\" alt=\"\" src=\"https:\/\/maibec.com\/wp-content\/uploads\/2022\/02\/CanExel_V_Noir-Black.jpg\" class=\"ct-image image-couleur\" data-id=\"image-1672-2448\"><div id=\"text_block-1673-2448-6-1\" class=\"ct-text-block text--xs\" data-id=\"text_block-1673-2448\">&nbsp;<span id=\"span-1674-2448\" class=\"ct-span\" >Black<\/span><\/div><\/div><div id=\"div_block-1671-2448-7-1\" class=\"ct-div-block color-card\" title=\"White\" image-texture=\"https:\/\/maibec.com\/wp-content\/uploads\/2022\/02\/CanExel-VStyle_Blanc-White.jpg\" image-bardeau=\"\" data-id=\"div_block-1671-2448\"><img decoding=\"async\" id=\"image-1672-2448-7-1\" alt=\"\" src=\"https:\/\/maibec.com\/wp-content\/uploads\/2022\/02\/CanExel-VStyle_V_Blanc-White.jpg\" class=\"ct-image image-couleur\" data-id=\"image-1672-2448\"><div id=\"text_block-1673-2448-7-1\" class=\"ct-text-block text--xs\" data-id=\"text_block-1673-2448\">&nbsp;<span id=\"span-1674-2448\" class=\"ct-span\" >White<\/span><\/div><\/div><\/div>\n<\/div>                    \n                                            \n                                        \n                    <\/div>\n<\/div><\/div><\/section><section id=\"section-55-142\" class=\"ct-section owl--l hide_us\" ><div class=\"ct-section-inner-wrap\"><h2 id=\"headline-69-142\" class=\"ct-headline titre-secondaire\">Discover our samples<br><\/h2><div id=\"text_block-71-142\" class=\"ct-text-block text--s\" >Discover our online samples or have your custom order prepared in our factory.<br><\/div><div id=\"div_block-56-142\" class=\"ct-div-block\" ><div id=\"div_block-57-142\" class=\"ct-div-block\" ><div id=\"div_block-58-142\" class=\"ct-div-block owl--m\" ><h3 id=\"headline-59-142\" class=\"ct-headline\">Discover our e-samples<br><\/h3><div id=\"text_block-60-142\" class=\"ct-text-block text--s text--base\" >Play around with your favourite shades, and access them and share them as often as you would like.<br><\/div><a id=\"link_button-61-142\" class=\"ct-link-button btn--primary btn--xs\" href=\"\/en\/resources\/our-samples\/\" target=\"_self\"  >Lean more<\/a><\/div><\/div><div id=\"div_block-62-142\" class=\"ct-div-block\" ><div id=\"div_block-63-142\" class=\"ct-div-block owl--m\" ><h3 id=\"headline-64-142\" class=\"ct-headline\">Order our samples<br><\/h3><div id=\"text_block-65-142\" class=\"ct-text-block text--s text--base\" >Feel the texture. Admire the contrasts that change with the light.<br><\/div><a id=\"link_button-2038-2448\" class=\"ct-link-button btn--primary btn--xs\" href=\"https:\/\/app.maibec.info\/en_ca\/products\/\" target=\"_blank\" rel=\"noopener\">Order<\/a><\/div><\/div><\/div><\/div><\/section><section id=\"section-2131-2448\" class=\"ct-section owl--l hide_fr_ca_section\" ><div class=\"ct-section-inner-wrap\"><div id=\"div_block-2136-2448\" class=\"ct-div-block owl--m\" ><h3 id=\"headline-2137-2448\" class=\"ct-headline hide_fr_ca\">Discover our e-samples<br><\/h3><div id=\"text_block-2138-2448\" class=\"ct-text-block text--s text--base hide_fr_ca\" >Play around with your favourite shades, and access them and share them as often as you would like.<br><\/div><a id=\"link_button-2232-2448\" class=\"ct-link-button btn--primary btn--xs hide_fr_ca\" href=\"\/en\/resources\/our-samples\/\"   >Lean more<\/a><\/div><\/div><\/section>            <div tabindex=\"-1\" class=\"oxy-modal-backdrop\"\n                style=\"background-color: rgba(0,0,0,0.5);\"\n                data-trigger=\"user_clicks_element\"                data-trigger-selector=\".color-card\"                data-trigger-time=\"5\"                data-trigger-time-unit=\"seconds\"                data-close-automatically=\"no\"                data-close-after-time=\"10\"                data-close-after-time-unit=\"seconds\"                data-trigger_scroll_amount=\"50\"                data-trigger_scroll_direction=\"down\"\t            data-scroll_to_selector=\"\"\t            data-time_inactive=\"60\"\t            data-time-inactive-unit=\"seconds\"\t            data-number_of_clicks=\"3\"\t            data-close_on_esc=\"on\"\t            data-number_of_page_views=\"3\"                data-close-after-form-submit=\"no\"                data-open-again=\"always_show\"                data-open-again-after-days=\"3\"            >\n\n                <div id=\"modal-1945-2448\" class=\"ct-modal modal-container\" ><div id=\"div_block-1946-2448\" class=\"ct-div-block owl--m\" ><h4 id=\"headline-1947-2448\" class=\"ct-headline modal-header\">Double-click this headline to edit the text.<\/h4><div id=\"div_block-1948-2448\" class=\"ct-div-block\" ><img decoding=\"async\"  id=\"image-1949-2448\" alt=\"\" src=\"http:\/\/via.placeholder.com\/1600x900\" class=\"ct-image modal-image\"\/><\/div><\/div><div id=\"div_block-1950-2448\" class=\"ct-div-block loading-gif\" ><div id=\"code_block-1951-2448\" class=\"ct-code-block\" ><script src=\"https:\/\/unpkg.com\/@lottiefiles\/lottie-player@latest\/dist\/lottie-player.js\"><\/script>\n<lottie-player src=\"https:\/\/assets4.lottiefiles.com\/packages\/lf20_2svadkl0.json\"  background=\"transparent\"  speed=\"1\"  style=\"width: 300px; height: 300px;\"  loop autoplay><\/lottie-player>\n<\/div><\/div><div id=\"fancy_icon-1952-2448\" class=\"ct-fancy-icon oxy-close-modal\" ><svg id=\"svg-fancy_icon-1952-2448\"><use xlink:href=\"#Lineariconsicon-cross\"><\/use><\/svg><\/div><\/div>\n            <\/div>\n        <div id=\"code_block-478-142\" class=\"ct-code-block\" ><\/div>","protected":false},"excerpt":{"rendered":"","protected":false},"author":5,"featured_media":0,"parent":500,"menu_order":0,"comment_status":"closed","ping_status":"closed","template":"","meta":{"content-type":"","footnotes":""},"class_list":["post-2448","page","type-page","status-publish","hentry"],"acf":[],"featured_image_src":null,"featured_image_src_square":null,"_links":{"self":[{"href":"https:\/\/maibec.com\/en\/wp-json\/wp\/v2\/pages\/2448","targetHints":{"allow":["GET"]}}],"collection":[{"href":"https:\/\/maibec.com\/en\/wp-json\/wp\/v2\/pages"}],"about":[{"href":"https:\/\/maibec.com\/en\/wp-json\/wp\/v2\/types\/page"}],"author":[{"embeddable":true,"href":"https:\/\/maibec.com\/en\/wp-json\/wp\/v2\/users\/5"}],"replies":[{"embeddable":true,"href":"https:\/\/maibec.com\/en\/wp-json\/wp\/v2\/comments?post=2448"}],"version-history":[{"count":0,"href":"https:\/\/maibec.com\/en\/wp-json\/wp\/v2\/pages\/2448\/revisions"}],"up":[{"embeddable":true,"href":"https:\/\/maibec.com\/en\/wp-json\/wp\/v2\/pages\/500"}],"wp:attachment":[{"href":"https:\/\/maibec.com\/en\/wp-json\/wp\/v2\/media?parent=2448"}],"curies":[{"name":"wp","href":"https:\/\/api.w.org\/{rel}","templated":true}]}}